{"id":6548,"date":"2024-04-01T05:58:27","date_gmt":"2024-04-01T05:58:27","guid":{"rendered":"https:\/\/t-game.online\/haberler\/"},"modified":"2024-11-01T23:49:55","modified_gmt":"2024-11-01T23:49:55","slug":"haberler","status":"publish","type":"page","link":"https:\/\/game4coskills.eu\/tr\/haberler\/","title":{"rendered":"Haberler"},"content":{"rendered":"<p>[et_pb_section fb_built=&#8221;1&#8243; _builder_version=&#8221;4.18.0&#8243; _module_preset=&#8221;default&#8221; background_color=&#8221;#f2f2f2&#8243; module_alignment=&#8221;center&#8221; height=&#8221;50px&#8221; max_height=&#8221;50px&#8221; custom_padding=&#8221;10px||10px||false|false&#8221; locked=&#8221;off&#8221; global_colors_info=&#8221;{}&#8221;][et_pb_row _builder_version=&#8221;4.17.4&#8243; _module_preset=&#8221;default&#8221; width=&#8221;100%&#8221; module_alignment=&#8221;right&#8221; height=&#8221;45px&#8221; max_height=&#8221;45px&#8221; custom_margin=&#8221;-7px||||false|false&#8221; custom_padding=&#8221;5px||5px||false|false&#8221; global_colors_info=&#8221;{}&#8221;][et_pb_column type=&#8221;4_4&#8243; _builder_version=&#8221;4.17.4&#8243; _module_preset=&#8221;default&#8221; global_colors_info=&#8221;{}&#8221;]<\/p>\n<p>[et_pb_social_media_follow _builder_version=&#8221;4.18.0&#8243; _module_preset=&#8221;default&#8221; text_orientation=&#8221;right&#8221; width=&#8221;100%&#8221; custom_margin=&#8221;2px||||false|false&#8221; custom_padding=&#8221;|50px|||false|false&#8221; global_colors_info=&#8221;{}&#8221;][et_pb_social_media_follow_network social_network=&#8221;facebook&#8221; url=&#8221;https:\/\/www.facebook.com\/Game4CoSkills&#8221; _builder_version=&#8221;4.18.0&#8243; _module_preset=&#8221;default&#8221; background_color=&#8221;#3b5998&#8243; global_colors_info=&#8221;{}&#8221; follow_button=&#8221;off&#8221; url_new_window=&#8221;on&#8221;]facebook[\/et_pb_social_media_follow_network][\/et_pb_social_media_follow]<\/p>\n<p>[\/et_pb_column][\/et_pb_row][\/et_pb_section][et_pb_section fb_built=&#8221;1&#8243; fullwidth=&#8221;on&#8221; _builder_version=&#8221;4.18.0&#8243; background_color=&#8221;rgba(0,0,0,0.56)&#8221; background_image=&#8221;https:\/\/game4coskills.eu\/wp-content\/uploads\/2024\/03\/Game4CoSkills1.png&#8221; saved_tabs=&#8221;all&#8221; global_colors_info=&#8221;{}&#8221;][et_pb_fullwidth_header title=&#8221;HABERLER&#8221; header_fullscreen=&#8221;on&#8221; _builder_version=&#8221;4.16&#8243; title_font=&#8221;Montserrat|300|||||||&#8221; title_font_size=&#8221;42px&#8221; title_line_height=&#8221;1.3em&#8221; content_font=&#8221;||||||||&#8221; content_font_size=&#8221;16px&#8221; background_color=&#8221;rgba(0,0,0,0.52)&#8221; title_font_size_tablet=&#8221;50px&#8221; title_font_size_phone=&#8221;40px&#8221; title_font_size_last_edited=&#8221;on|phone&#8221; global_colors_info=&#8221;{}&#8221;][\/et_pb_fullwidth_header][\/et_pb_section][et_pb_section fb_built=&#8221;1&#8243; admin_label=&#8221;Blog&#8221; _builder_version=&#8221;4.16&#8243; background_color=&#8221;#f4f4f4&#8243; global_colors_info=&#8221;{}&#8221;][et_pb_row column_structure=&#8221;2_5,3_5&#8243; _builder_version=&#8221;4.18.0&#8243; animation_style=&#8221;fade&#8221; global_colors_info=&#8221;{}&#8221;][et_pb_column type=&#8221;2_5&#8243; _builder_version=&#8221;4.16&#8243; custom_padding=&#8221;|||&#8221; global_colors_info=&#8221;{}&#8221; custom_padding__hover=&#8221;|||&#8221;][et_pb_image src=&#8221;https:\/\/game4coskills.eu\/wp-content\/uploads\/2024\/03\/Games4CoSkills-in-Paris-event.jpg&#8221; alt=&#8221;G\u00f6r\u00fcnt\u00fcl\u00fc arama&#8221; title_text=&#8221;Games4CoSkills Paris etkinli\u011finde&#8221; force_fullwidth=&#8221;on&#8221; align_tablet=&#8221;center&#8221; align_phone=&#8221;&#8221; align_last_edited=&#8221;on|desktop&#8221; admin_label=&#8221;Image&#8221; _builder_version=&#8221;4.18.0&#8243; global_colors_info=&#8221;{}&#8221;][\/et_pb_image][\/et_pb_column][et_pb_column type=&#8221;3_5&#8243; _builder_version=&#8221;4.16&#8243; custom_padding=&#8221;|||&#8221; global_colors_info=&#8221;{}&#8221; custom_padding__hover=&#8221;|||&#8221;][et_pb_text _builder_version=&#8221;4.18.0&#8243; header_font=&#8221;Montserrat|300|||||||&#8221; header_font_size=&#8221;42px&#8221; header_2_font=&#8221;Montserrat|300|||||||&#8221; header_2_font_size=&#8221;33px&#8221; global_colors_info=&#8221;{}&#8221;]<\/p>\n<h2>28-29 Kas\u0131m 2023<\/h2>\n<p><em>Paris&#8217;te (Fransa) Multiplier etkinli\u011fi<\/em><\/p>\n<p>Bir g\u00fcn \u00f6nce d\u00fczenlenen ulus\u00f6tesi toplant\u0131n\u0131n ard\u0131ndan Interactive 4D ve birka\u00e7 orta\u011f\u0131, 28-29 Kas\u0131m 2023 tarihlerinde Paris&#8217;te d\u00fczenlenen ve bak\u0131m verenlere adanm\u0131\u015f b\u00fcy\u00fck bir profesyonel etkinli\u011fe kat\u0131ld\u0131: \u00a0<strong><a href=\"https:\/\/www.salon-services-personne.com\/visiteurs\/tradeshow-domestic-personal-services.php\" target=\"_blank\" rel=\"noopener\">Salon des services \u00e0 la personne et de l&#8217;emploi \u00e0 domicile<\/a><\/strong> \/ Silver Economy Expo. Interactive 4D, Game4CoSkills projesinin ve oyununun tan\u0131t\u0131ld\u0131\u011f\u0131 ve kat\u0131l\u0131mc\u0131lar\u0131n oyunu test edebildi\u011fi bir stant a\u00e7t\u0131 ve \u00e7e\u015fitli <strong><a href=\"https:\/\/www.salon-services-personne.com\/conferences\/conference-comment-stimuler-les-capacites-cognitives-grace-a-des-jeux-video-adaptes-1429.html\" target=\"_blank\" rel=\"noopener\">at\u00f6lye workshops\/conferences<\/a><\/strong> d\u00fczenledi.<\/p>\n<p>[\/et_pb_text][\/et_pb_column][\/et_pb_row][et_pb_row column_structure=&#8221;2_5,3_5&#8243; _builder_version=&#8221;4.18.0&#8243; animation_style=&#8221;fade&#8221; global_colors_info=&#8221;{}&#8221;][et_pb_column type=&#8221;2_5&#8243; _builder_version=&#8221;4.16&#8243; custom_padding=&#8221;|||&#8221; global_colors_info=&#8221;{}&#8221; custom_padding__hover=&#8221;|||&#8221;][et_pb_image src=&#8221;https:\/\/game4coskills.eu\/wp-content\/uploads\/2024\/03\/Games4CoSkills-in-Paris-1.jpg&#8221; alt=&#8221;G\u00f6r\u00fcnt\u00fcl\u00fc arama&#8221; title_text=&#8221;Games4CoSkills Paris&apos;te&#8221; force_fullwidth=&#8221;on&#8221; align_tablet=&#8221;center&#8221; align_phone=&#8221;&#8221; align_last_edited=&#8221;on|desktop&#8221; admin_label=&#8221;Image&#8221; _builder_version=&#8221;4.18.0&#8243; global_colors_info=&#8221;{}&#8221;][\/et_pb_image][\/et_pb_column][et_pb_column type=&#8221;3_5&#8243; _builder_version=&#8221;4.16&#8243; custom_padding=&#8221;|||&#8221; global_colors_info=&#8221;{}&#8221; custom_padding__hover=&#8221;|||&#8221;][et_pb_text _builder_version=&#8221;4.18.0&#8243; header_font=&#8221;Montserrat|300|||||||&#8221; header_font_size=&#8221;42px&#8221; header_2_font=&#8221;Montserrat|300|||||||&#8221; header_2_font_size=&#8221;33px&#8221; global_colors_info=&#8221;{}&#8221;]<\/p>\n<h2>27 Kas\u0131m 2023<\/h2>\n<p><em>Paris&#8217;te (Fransa) ulus\u00f6tesi proje toplant\u0131s\u0131<\/em><\/p>\n<p>Bu ulus \u00f6tesi toplant\u0131 27 Kas\u0131m 2023 tarihinde Paris&#8217;te (Fransa) Frans\u0131z ortak ve koordinat\u00f6r Interactive 4D&#8217;nin ofisinde d\u00fczenlenmi\u015ftir. Toplant\u0131 esas olarak t\u00fcm proje sonu\u00e7lar\u0131n\u0131n, \u00e7o\u011falt\u0131c\u0131 etkinliklerin ve pilot testlerin g\u00f6zden ge\u00e7irilmesine adanm\u0131\u015ft\u0131r.<\/p>\n<p>[\/et_pb_text][\/et_pb_column][\/et_pb_row][et_pb_row column_structure=&#8221;2_5,3_5&#8243; _builder_version=&#8221;4.18.0&#8243; animation_style=&#8221;fade&#8221; global_colors_info=&#8221;{}&#8221;][et_pb_column type=&#8221;2_5&#8243; _builder_version=&#8221;4.16&#8243; custom_padding=&#8221;|||&#8221; global_colors_info=&#8221;{}&#8221; custom_padding__hover=&#8221;|||&#8221;][et_pb_image src=&#8221;https:\/\/game4coskills.eu\/wp-content\/uploads\/2024\/11\/PubMed.jpg&#8221; alt=&#8221;G\u00f6r\u00fcnt\u00fcl\u00fc arama&#8221; title_text=&#8221;PubMed&#8221; force_fullwidth=&#8221;on&#8221; align_tablet=&#8221;center&#8221; align_phone=&#8221;&#8221; align_last_edited=&#8221;on|desktop&#8221; admin_label=&#8221;Image&#8221; _builder_version=&#8221;4.25.0&#8243; hover_enabled=&#8221;0&#8243; global_colors_info=&#8221;{}&#8221; sticky_enabled=&#8221;0&#8243;][\/et_pb_image][\/et_pb_column][et_pb_column type=&#8221;3_5&#8243; _builder_version=&#8221;4.16&#8243; custom_padding=&#8221;|||&#8221; global_colors_info=&#8221;{}&#8221; custom_padding__hover=&#8221;|||&#8221;][et_pb_text _builder_version=&#8221;4.25.0&#8243; header_font=&#8221;Montserrat|300|||||||&#8221; header_font_size=&#8221;42px&#8221; header_2_font=&#8221;Montserrat|300|||||||&#8221; header_2_font_size=&#8221;33px&#8221; hover_enabled=&#8221;0&#8243; global_colors_info=&#8221;{}&#8221; sticky_enabled=&#8221;0&#8243;]<\/p>\n<h2>Kas\u0131m 2023<\/h2>\n<p><em>Bilimsel bir makalenin yay\u0131nlanmas\u0131\u00a0<\/em><\/p>\n<p>Multidisciplinary Healthcare Dergisi&#8217;nde (DovePress) <em>&#8220;Zihinsel Engelli Yeti\u015fkinlerin Bili\u015fsel Becerilerini Geli\u015ftirmek \u0130\u00e7in Tasarlanm\u0131\u015f Farmakolojik Olmayan Bir M\u00fcdahalenin Geli\u015ftirilmesi ve De\u011ferlendirilmesine Y\u00f6nelik Protokol: Karma Y\u00f6ntem Tasar\u0131m\u0131&#8221;<\/em> ba\u015fl\u0131kl\u0131 toplu bilimsel makalenin yay\u0131nlanmas\u0131.<\/p>\n<p>Bu makale, Zihinsel Engelli Yeti\u015fkinlerde sekiz bili\u015fsel beceriyi geli\u015ftirmeyi hedefleyen, \u00f6zellikle Ciddi Bir Oyun olmak \u00fczere, farmakolojik olmayan bir m\u00fcdahalenin geli\u015ftirilmesi ve de\u011ferlendirilmesine y\u00f6nelik bir protokol\u00fcn ad\u0131mlar\u0131n\u0131 a\u00e7\u0131klamaktad\u0131r.<\/p>\n<p><strong><a href=\"https:\/\/www.dovepress.com\/articles.php?article_id=87799\" target=\"_blank\" rel=\"noopener\">Bu makaleyi Dovepress&#8217;te okumak i\u00e7in buraya t\u0131klay\u0131n<\/a><\/strong> veya <strong><a href=\"https:\/\/pubmed.ncbi.nlm.nih.gov\/37933262\" target=\"_blank\" rel=\"noopener\">buraya<\/a><\/strong> t\u0131klayarak PubMed&#8217;de okuyabilirsiniz.<\/p>\n<p>[\/et_pb_text][\/et_pb_column][\/et_pb_row][et_pb_row column_structure=&#8221;2_5,3_5&#8243; _builder_version=&#8221;4.18.0&#8243; animation_style=&#8221;fade&#8221; global_colors_info=&#8221;{}&#8221;][et_pb_column type=&#8221;2_5&#8243; _builder_version=&#8221;4.16&#8243; custom_padding=&#8221;|||&#8221; global_colors_info=&#8221;{}&#8221; custom_padding__hover=&#8221;|||&#8221;][et_pb_image src=&#8221;https:\/\/game4coskills.eu\/wp-content\/uploads\/2024\/03\/Game4CoSkills-in-Thessaloniki-1024&#215;764.jpg&#8221; alt=&#8221;G\u00f6r\u00fcnt\u00fcl\u00fc arama&#8221; title_text=&#8221;Game4CoSkills Selanik&apos;te&#8221; force_fullwidth=&#8221;on&#8221; align_tablet=&#8221;center&#8221; align_phone=&#8221;&#8221; align_last_edited=&#8221;on|desktop&#8221; admin_label=&#8221;Image&#8221; _builder_version=&#8221;4.18.0&#8243; global_colors_info=&#8221;{}&#8221;][\/et_pb_image][\/et_pb_column][et_pb_column type=&#8221;3_5&#8243; _builder_version=&#8221;4.16&#8243; custom_padding=&#8221;|||&#8221; global_colors_info=&#8221;{}&#8221; custom_padding__hover=&#8221;|||&#8221;][et_pb_text _builder_version=&#8221;4.18.0&#8243; header_font=&#8221;Montserrat|300|||||||&#8221; header_font_size=&#8221;42px&#8221; header_2_font=&#8221;Montserrat|300|||||||&#8221; header_2_font_size=&#8221;33px&#8221; global_colors_info=&#8221;{}&#8221;]<\/p>\n<h2>5 Temmuz 2023<\/h2>\n<p><em>Selanik&#8217;te (Yunanistan) ulus\u00f6tesi proje toplant\u0131s\u0131<\/em><\/p>\n<p>Bu ulus\u00f6tesi toplant\u0131 5 Temmuz 2023 tarihinde Selanik&#8217;te (\u0130talya) Yunan ortak Alzheimer Hellas&#8217;\u0131n ofisinde d\u00fczenlenmi\u015ftir. Toplant\u0131 esas olarak R1 (Bili\u015fsel beceri geli\u015ftirme ve kavram \u00f6\u011fretme senaryolar\u0131), R2 (Game4CoSkills oyunu) ve R3 (E\u011fitmen ara\u00e7 seti) proje sonu\u00e7lar\u0131n\u0131n g\u00f6zden ge\u00e7irilmesine adanm\u0131\u015ft\u0131r.<\/p>\n<p>&nbsp;<\/p>\n<p>[\/et_pb_text][\/et_pb_column][\/et_pb_row][et_pb_row column_structure=&#8221;2_5,3_5&#8243; _builder_version=&#8221;4.18.0&#8243; animation_style=&#8221;fade&#8221; global_colors_info=&#8221;{}&#8221;][et_pb_column type=&#8221;2_5&#8243; _builder_version=&#8221;4.16&#8243; custom_padding=&#8221;|||&#8221; global_colors_info=&#8221;{}&#8221; custom_padding__hover=&#8221;|||&#8221;][et_pb_image src=&#8221;https:\/\/game4coskills.eu\/wp-content\/uploads\/2024\/03\/Games4CoSkills-in-Potenza.jpg&#8221; alt=&#8221;G\u00f6r\u00fcnt\u00fcl\u00fc arama&#8221; title_text=&#8221;Potenza&apos;da Games4CoSkills&#8221; force_fullwidth=&#8221;on&#8221; align_tablet=&#8221;center&#8221; align_phone=&#8221;&#8221; align_last_edited=&#8221;on|desktop&#8221; admin_label=&#8221;Image&#8221; _builder_version=&#8221;4.18.0&#8243; global_colors_info=&#8221;{}&#8221;][\/et_pb_image][\/et_pb_column][et_pb_column type=&#8221;3_5&#8243; _builder_version=&#8221;4.16&#8243; custom_padding=&#8221;|||&#8221; global_colors_info=&#8221;{}&#8221; custom_padding__hover=&#8221;|||&#8221;][et_pb_text _builder_version=&#8221;4.18.0&#8243; header_font=&#8221;Montserrat|300|||||||&#8221; header_font_size=&#8221;42px&#8221; header_2_font=&#8221;Montserrat|300|||||||&#8221; header_2_font_size=&#8221;33px&#8221; global_colors_info=&#8221;{}&#8221;]<\/p>\n<h2>5 Ocak 2023<\/h2>\n<p><em>Potenza&#8217;da (\u0130talya) ulus\u00f6tesi proje toplant\u0131s\u0131<\/em><\/p>\n<p>Bu uluslararas\u0131 toplant\u0131 5 Ocak 2023 tarihinde Potenza&#8217;da (\u0130talya) \u0130talyan ortak Euro-Net&#8217;in ofisinde d\u00fczenlendi. Toplant\u0131 esas olarak 8 mini oyun kategorisinin (renk, haf\u0131za, matematik, do\u011fruluk, mant\u0131k, el becerisi, \u00e7oklu g\u00f6rev, detaylara dikkat) senaryosunun ince ayar\u0131na ve oyun platformunun yap\u0131s\u0131na adanm\u0131\u015ft\u0131r.<\/p>\n<p>[\/et_pb_text][\/et_pb_column][\/et_pb_row][et_pb_row column_structure=&#8221;2_5,3_5&#8243; _builder_version=&#8221;4.18.0&#8243; animation_style=&#8221;fade&#8221; global_colors_info=&#8221;{}&#8221;][et_pb_column type=&#8221;2_5&#8243; _builder_version=&#8221;4.16&#8243; custom_padding=&#8221;|||&#8221; global_colors_info=&#8221;{}&#8221; custom_padding__hover=&#8221;|||&#8221;][et_pb_image src=&#8221;https:\/\/game4coskills.eu\/wp-content\/uploads\/2024\/03\/image.png&#8221; alt=&#8221;G\u00f6r\u00fcnt\u00fcl\u00fc arama&#8221; title_text=&#8221;image&#8221; force_fullwidth=&#8221;on&#8221; align_tablet=&#8221;center&#8221; align_phone=&#8221;&#8221; align_last_edited=&#8221;on|desktop&#8221; admin_label=&#8221;Image&#8221; _builder_version=&#8221;4.18.0&#8243; global_colors_info=&#8221;{}&#8221;][\/et_pb_image][\/et_pb_column][et_pb_column type=&#8221;3_5&#8243; _builder_version=&#8221;4.16&#8243; custom_padding=&#8221;|||&#8221; global_colors_info=&#8221;{}&#8221; custom_padding__hover=&#8221;|||&#8221;][et_pb_text _builder_version=&#8221;4.18.0&#8243; header_font=&#8221;Montserrat|300|||||||&#8221; header_font_size=&#8221;42px&#8221; header_2_font=&#8221;Montserrat|300|||||||&#8221; header_2_font_size=&#8221;33px&#8221; global_colors_info=&#8221;{}&#8221;]<\/p>\n<h2>6 Ocak 2022<\/h2>\n<p><em>Ba\u015flang\u0131\u00e7 toplant\u0131s\u0131<\/em><\/p>\n<p>Proje Ba\u015flang\u0131\u00e7 Toplant\u0131s\u0131 6 Ocak 2022 tarihinde Covid-19 k\u0131s\u0131tlamalar\u0131 nedeniyle sanal olarak \u00e7evrimi\u00e7i ger\u00e7ekle\u015ftirildi.<\/p>\n<p>Ortaklar kendilerini ve kurulu\u015flar\u0131n\u0131 tan\u0131tarak proje geli\u015fimi ve proje sonu\u00e7lar\u0131 hakk\u0131nda bir tart\u0131\u015fma ba\u015flatt\u0131lar.<\/p>\n<p>Ortaklar, sonraki ad\u0131mlar ve at\u0131lacak ad\u0131mlar \u00fczerinde mutab\u0131k kald\u0131lar.<\/p>\n<p>[\/et_pb_text][\/et_pb_column][\/et_pb_row][\/et_pb_section]<\/p>\n","protected":false},"excerpt":{"rendered":"<p>28-29 Kas\u0131m 2023 Paris&#8217;te (Fransa) Multiplier etkinli\u011fi Bir g\u00fcn \u00f6nce d\u00fczenlenen ulus\u00f6tesi toplant\u0131n\u0131n ard\u0131ndan Interactive 4D ve birka\u00e7 orta\u011f\u0131, 28-29 Kas\u0131m 2023 tarihlerinde Paris&#8217;te d\u00fczenlenen ve bak\u0131m verenlere adanm\u0131\u015f b\u00fcy\u00fck bir profesyonel etkinli\u011fe kat\u0131ld\u0131: \u00a0Salon des services \u00e0 la personne et de l&#8217;emploi \u00e0 domicile \/ Silver Economy Expo. Interactive 4D, Game4CoSkills projesinin ve oyununun [&hellip;]<\/p>\n","protected":false},"author":4,"featured_media":0,"parent":0,"menu_order":0,"comment_status":"closed","ping_status":"closed","template":"","meta":{"_et_pb_use_builder":"on","_et_pb_old_content":"","_et_gb_content_width":"","footnotes":""},"_links":{"self":[{"href":"https:\/\/game4coskills.eu\/tr\/wp-json\/wp\/v2\/pages\/6548"}],"collection":[{"href":"https:\/\/game4coskills.eu\/tr\/wp-json\/wp\/v2\/pages"}],"about":[{"href":"https:\/\/game4coskills.eu\/tr\/wp-json\/wp\/v2\/types\/page"}],"author":[{"embeddable":true,"href":"https:\/\/game4coskills.eu\/tr\/wp-json\/wp\/v2\/users\/4"}],"replies":[{"embeddable":true,"href":"https:\/\/game4coskills.eu\/tr\/wp-json\/wp\/v2\/comments?post=6548"}],"version-history":[{"count":4,"href":"https:\/\/game4coskills.eu\/tr\/wp-json\/wp\/v2\/pages\/6548\/revisions"}],"predecessor-version":[{"id":6940,"href":"https:\/\/game4coskills.eu\/tr\/wp-json\/wp\/v2\/pages\/6548\/revisions\/6940"}],"wp:attachment":[{"href":"https:\/\/game4coskills.eu\/tr\/wp-json\/wp\/v2\/media?parent=6548"}],"curies":[{"name":"wp","href":"https:\/\/api.w.org\/{rel}","templated":true}]}}