{"id":6536,"date":"2024-04-01T05:30:27","date_gmt":"2024-04-01T05:30:27","guid":{"rendered":"https:\/\/t-game.online\/results\/"},"modified":"2024-04-15T06:10:38","modified_gmt":"2024-04-15T06:10:38","slug":"results","status":"publish","type":"page","link":"https:\/\/game4coskills.eu\/tr\/results\/","title":{"rendered":"Results"},"content":{"rendered":"<p>[et_pb_section fb_built=&#8221;1&#8243; _builder_version=&#8221;4.17.4&#8243; _module_preset=&#8221;default&#8221; background_color=&#8221;#f2f2f2&#8243; module_alignment=&#8221;center&#8221; height=&#8221;50px&#8221; max_height=&#8221;50px&#8221; custom_padding=&#8221;10px||10px||false|false&#8221; locked=&#8221;off&#8221; global_colors_info=&#8221;{}&#8221;][et_pb_row _builder_version=&#8221;4.17.4&#8243; _module_preset=&#8221;default&#8221; width=&#8221;100%&#8221; module_alignment=&#8221;right&#8221; height=&#8221;45px&#8221; max_height=&#8221;45px&#8221; custom_margin=&#8221;-7px||||false|false&#8221; custom_padding=&#8221;5px||5px||false|false&#8221; global_colors_info=&#8221;{}&#8221;][et_pb_column type=&#8221;4_4&#8243; _builder_version=&#8221;4.17.4&#8243; _module_preset=&#8221;default&#8221; global_colors_info=&#8221;{}&#8221;][et_pb_social_media_follow _builder_version=&#8221;4.18.0&#8243; _module_preset=&#8221;default&#8221; text_orientation=&#8221;right&#8221; width=&#8221;100%&#8221; custom_margin=&#8221;2px||||false|false&#8221; custom_padding=&#8221;|50px|||false|false&#8221; global_colors_info=&#8221;{}&#8221;][et_pb_social_media_follow_network social_network=&#8221;facebook&#8221; url=&#8221;https:\/\/www.facebook.com\/Game4CoSkills&#8221; _builder_version=&#8221;4.18.0&#8243; _module_preset=&#8221;default&#8221; background_color=&#8221;#3b5998&#8243; global_colors_info=&#8221;{}&#8221; follow_button=&#8221;off&#8221; url_new_window=&#8221;on&#8221;]facebook[\/et_pb_social_media_follow_network][\/et_pb_social_media_follow][\/et_pb_column][\/et_pb_row][\/et_pb_section][et_pb_section fb_built=&#8221;1&#8243; fullwidth=&#8221;on&#8221; _builder_version=&#8221;4.18.0&#8243; background_color=&#8221;rgba(0,0,0,0.56)&#8221; background_image=&#8221;https:\/\/game4coskills.eu\/wp-content\/uploads\/2024\/03\/Tablet2-scaled.jpg&#8221; saved_tabs=&#8221;all&#8221; global_colors_info=&#8221;{}&#8221;][et_pb_fullwidth_header title=&#8221;GAME4COSKILLS PROJESI\u0307 NEDI\u0307R?&#8221; header_fullscreen=&#8221;on&#8221; _builder_version=&#8221;4.18.0&#8243; title_font=&#8221;Montserrat|300|||||||&#8221; title_font_size=&#8221;42px&#8221; title_line_height=&#8221;1.3em&#8221; content_font=&#8221;||||||||&#8221; content_font_size=&#8221;16px&#8221; background_color=&#8221;rgba(0,0,0,0.52)&#8221; title_font_size_tablet=&#8221;50px&#8221; title_font_size_phone=&#8221;40px&#8221; title_font_size_last_edited=&#8221;on|phone&#8221; global_colors_info=&#8221;{}&#8221;]<\/p>\n<p>Zihinsel engelli yeti\u015fkinler i\u00e7in bili\u015fsel becerilerin geli\u015ftirilmesi ve kavram \u00f6\u011fretimi i\u00e7in mobil oyun&#8221; projesi (&#8220;Game4CoSkills&#8221; k\u0131saltmas\u0131), zihinsel engelli yeti\u015fkinler i\u00e7in bireysel veya gruplar halinde kullan\u0131lmak \u00fczere bili\u015fsel becerilerin geli\u015ftirilmesi ve kavram \u00f6\u011fretimi i\u00e7in bir e-oyun geli\u015ftirmeyi ama\u00e7lamaktad\u0131r<\/p>\n<p>[\/et_pb_fullwidth_header][\/et_pb_section][et_pb_section fb_built=&#8221;1&#8243; admin_label=&#8221;Services&#8221; _builder_version=&#8221;4.16&#8243; background_size=&#8221;initial&#8221; custom_margin=&#8221;|40px||40px||true&#8221; custom_margin_tablet=&#8221;&#8221; custom_margin_phone=&#8221;|10px||10px||true&#8221; custom_margin_last_edited=&#8221;on|desktop&#8221; bottom_divider_height=&#8221;33vw&#8221; bottom_divider_repeat=&#8221;0.6x&#8221; bottom_divider_flip=&#8221;vertical|horizontal&#8221; bottom_divider_arrangement=&#8221;above_content&#8221; global_colors_info=&#8221;{}&#8221;][et_pb_row column_structure=&#8221;1_4,3_4&#8243; _builder_version=&#8221;4.16&#8243; custom_padding=&#8221;50px|0px|0|0px|false|false&#8221; global_colors_info=&#8221;{}&#8221;][et_pb_column type=&#8221;1_4&#8243; _builder_version=&#8221;4.16&#8243; custom_padding=&#8221;|||&#8221; global_colors_info=&#8221;{}&#8221; custom_padding__hover=&#8221;|||&#8221;][\/et_pb_column][et_pb_column type=&#8221;3_4&#8243; _builder_version=&#8221;4.16&#8243; custom_padding=&#8221;|||&#8221; global_colors_info=&#8221;{}&#8221; custom_padding__hover=&#8221;|||&#8221;][et_pb_text _builder_version=&#8221;4.16&#8243; text_font=&#8221;||||||||&#8221; text_font_size=&#8221;13px&#8221; text_line_height=&#8221;2em&#8221; header_font=&#8221;Montserrat|300|||||||&#8221; header_2_font=&#8221;Montserrat|300|||||||&#8221; header_2_font_size=&#8221;23px&#8221; header_4_font=&#8221;Montserrat|500||on|||||&#8221; header_4_text_color=&#8221;#ef6f49&#8243; header_4_font_size=&#8221;11px&#8221; header_4_letter_spacing=&#8221;3px&#8221; text_orientation=&#8221;justified&#8221; max_width=&#8221;700px&#8221; module_alignment=&#8221;center&#8221; header_2_font_size_tablet=&#8221;32px&#8221; header_2_font_size_phone=&#8221;24px&#8221; header_2_font_size_last_edited=&#8221;on|phone&#8221; locked=&#8221;off&#8221; global_colors_info=&#8221;{}&#8221;]<\/p>\n<h1 style=\"text-align: center;\">SONU\u00c7LAR<\/h1>\n<p>[\/et_pb_text][\/et_pb_column][\/et_pb_row][et_pb_row column_structure=&#8221;1_4,3_4&#8243; _builder_version=&#8221;4.16&#8243; custom_padding=&#8221;13px|0px|20px|0px|false|false&#8221; global_colors_info=&#8221;{}&#8221;][et_pb_column type=&#8221;1_4&#8243; _builder_version=&#8221;4.16&#8243; custom_padding=&#8221;|||&#8221; global_colors_info=&#8221;{}&#8221; custom_padding__hover=&#8221;|||&#8221;][\/et_pb_column][et_pb_column type=&#8221;3_4&#8243; _builder_version=&#8221;4.16&#8243; custom_padding=&#8221;|||&#8221; global_colors_info=&#8221;{}&#8221; custom_padding__hover=&#8221;|||&#8221;][et_pb_text _builder_version=&#8221;4.24.2&#8243; text_font=&#8221;||||||||&#8221; text_line_height=&#8221;2em&#8221; global_colors_info=&#8221;{}&#8221;]<\/p>\n<p><strong>Game4CoSkills projesi, belirli faaliyetler ve g\u00f6revlerle birlikte Proje Sonu\u00e7lar\u0131 (PR) olarak adland\u0131r\u0131lan 4 ana sonuca b\u00f6l\u00fcnm\u00fc\u015ft\u00fcr.<\/strong><\/p>\n<p>&nbsp;<\/p>\n<p>[\/et_pb_text][\/et_pb_column][\/et_pb_row][et_pb_row column_structure=&#8221;1_4,3_4&#8243; _builder_version=&#8221;4.17.4&#8243; custom_padding=&#8221;0|0px|0|0px|false|false&#8221; animation_style=&#8221;fade&#8221; locked=&#8221;off&#8221; global_colors_info=&#8221;{}&#8221;][et_pb_column type=&#8221;1_4&#8243; _builder_version=&#8221;4.16&#8243; custom_padding=&#8221;|||&#8221; global_colors_info=&#8221;{}&#8221; custom_padding__hover=&#8221;|||&#8221;][et_pb_image src=&#8221;https:\/\/game4coskills.eu\/wp-content\/uploads\/2024\/03\/Persons1.jpg&#8221; alt=&#8221;help for seniors&#8221; title_text=&#8221;Persons1&#8243; align_tablet=&#8221;center&#8221; align_phone=&#8221;&#8221; align_last_edited=&#8221;on|desktop&#8221; _builder_version=&#8221;4.18.0&#8243; max_width=&#8221;100%&#8221; module_alignment=&#8221;center&#8221; custom_padding=&#8221;0px||&#8221; custom_padding_tablet=&#8221;&#8221; custom_padding_phone=&#8221;&#8221; custom_padding_last_edited=&#8221;on|desktop&#8221; box_shadow_style=&#8221;preset4&#8243; global_colors_info=&#8221;{}&#8221;][\/et_pb_image][\/et_pb_column][et_pb_column type=&#8221;3_4&#8243; _builder_version=&#8221;4.16&#8243; custom_padding=&#8221;|||&#8221; global_colors_info=&#8221;{}&#8221; custom_padding__hover=&#8221;|||&#8221;][et_pb_text _builder_version=&#8221;4.24.2&#8243; text_font=&#8221;||||||||&#8221; text_line_height=&#8221;2em&#8221; header_font=&#8221;||||||||&#8221; header_2_font=&#8221;Montserrat|300|||||||&#8221; header_2_text_align=&#8221;left&#8221; header_2_font_size=&#8221;23px&#8221; header_4_font=&#8221;Montserrat|500||on|||||&#8221; header_4_text_color=&#8221;#ef6f49&#8243; header_4_font_size=&#8221;11px&#8221; header_4_letter_spacing=&#8221;3px&#8221; header_2_font_size_tablet=&#8221;32px&#8221; header_2_font_size_phone=&#8221;24px&#8221; header_2_font_size_last_edited=&#8221;on|phone&#8221; global_colors_info=&#8221;{}&#8221;]<\/p>\n<div style=\"text-align: justify;\">\n<h2><strong>PR1 &#8211; Bili\u015fsel beceri geli\u015ftirme ve kavram \u00f6\u011fretimi senaryolar\u0131<\/strong><\/h2>\n<p>&#8220;Bili\u015fsel beceri geli\u015ftirme ve kavram \u00f6\u011fretimi senaryolar\u0131 &#8220;n\u0131n temel amac\u0131, hedef kullan\u0131c\u0131lar\u0131n \u00f6zelliklerini, \u00f6\u011frenme ihtiya\u00e7lar\u0131n\u0131 ve eri\u015filebilir \u00f6\u011frenme hedeflerini tan\u0131makt\u0131r. Bili\u015fsel beceri geli\u015ftirme ve kavram \u00f6\u011fretimi senaryolar\u0131 i\u00e7in \u00f6\u011frenme hedefleri ve e\u011fitim \u015femalar\u0131 i\u00e7erecektir. Sonu\u00e7, her bir ortak \u00fclkede zihinsel engelli yeti\u015fkinlerin 50 e\u011fitmenine uygulanacak bir ara\u015ft\u0131rmaya, s\u00f6z konusu ara\u015ft\u0131rman\u0131n sonu\u00e7lar\u0131na ili\u015fkin ulusal bir rapora ve ard\u0131ndan uygulanabilir \u00f6\u011fretim senaryolar\u0131n\u0131n tan\u0131mlanmas\u0131na dayanmaktad\u0131r.<\/p>\n<\/div>\n<p><strong><a href=\"https:\/\/game4coskills.eu\/wp-content\/uploads\/2024\/04\/Game4CoSkills-PR1-German.pdf\" target=\"_blank\" rel=\"attachment noopener wp-att-6658\">PR1 raporunu okumak i\u00e7in buraya<\/a><\/strong> t\u0131klay\u0131n.<\/p>\n<p>&nbsp;<\/p>\n<p>[\/et_pb_text][\/et_pb_column][\/et_pb_row][et_pb_row column_structure=&#8221;1_4,3_4&#8243; _builder_version=&#8221;4.17.4&#8243; custom_padding=&#8221;51px|0px|0|0px|false|false&#8221; animation_style=&#8221;fade&#8221; locked=&#8221;off&#8221; global_colors_info=&#8221;{}&#8221;][et_pb_column type=&#8221;1_4&#8243; _builder_version=&#8221;4.16&#8243; custom_padding=&#8221;|||&#8221; global_colors_info=&#8221;{}&#8221; custom_padding__hover=&#8221;|||&#8221;][et_pb_image src=&#8221;https:\/\/game4coskills.eu\/wp-content\/uploads\/2024\/03\/Game4CoSkills1.png&#8221; alt=&#8221;senior woman formation&#8221; title_text=&#8221;Game4CoSkills1&#8243; align_tablet=&#8221;center&#8221; align_phone=&#8221;&#8221; align_last_edited=&#8221;on|desktop&#8221; _builder_version=&#8221;4.18.0&#8243; max_width=&#8221;100%&#8221; module_alignment=&#8221;center&#8221; custom_padding=&#8221;0px||&#8221; custom_padding_tablet=&#8221;&#8221; custom_padding_phone=&#8221;&#8221; custom_padding_last_edited=&#8221;on|desktop&#8221; box_shadow_style=&#8221;preset4&#8243; global_colors_info=&#8221;{}&#8221;][\/et_pb_image][\/et_pb_column][et_pb_column type=&#8221;3_4&#8243; _builder_version=&#8221;4.16&#8243; custom_padding=&#8221;|||&#8221; global_colors_info=&#8221;{}&#8221; custom_padding__hover=&#8221;|||&#8221;][et_pb_text _builder_version=&#8221;4.18.0&#8243; text_font=&#8221;||||||||&#8221; text_line_height=&#8221;2em&#8221; header_font=&#8221;||||||||&#8221; header_2_font=&#8221;Montserrat|300|||||||&#8221; header_2_text_align=&#8221;left&#8221; header_2_font_size=&#8221;23px&#8221; header_4_font=&#8221;Montserrat|500||on|||||&#8221; header_4_text_color=&#8221;#ef6f49&#8243; header_4_font_size=&#8221;11px&#8221; header_4_letter_spacing=&#8221;3px&#8221; header_2_font_size_tablet=&#8221;32px&#8221; header_2_font_size_phone=&#8221;24px&#8221; header_2_font_size_last_edited=&#8221;on|phone&#8221; global_colors_info=&#8221;{}&#8221;]<\/p>\n<div style=\"text-align: justify;\">\n<h2><strong>PR2 &#8211; Bili\u015fsel beceri geli\u015fimi ve kavram \u00f6\u011fretimi i\u00e7in mobil oyun<\/strong><\/h2>\n<p>Bili\u015fsel becerilerin geli\u015ftirilmesi ve kavram \u00f6\u011fretimi i\u00e7in mobil oyun un temel amac\u0131, renk, haf\u0131za, matematik, do\u011fruluk, mant\u0131k, el becerisi, \u00e7oklu g\u00f6rev ve detaylara dikkat konular\u0131nda uygun kategorize edilmi\u015f mobil oyunlar\u0131 se\u00e7mek ve geli\u015ftirmektir.<\/p>\n<p>Bilgisayar kullan\u0131yorsan\u0131z (PC veya MAC), taray\u0131c\u0131n\u0131zda oyun platformuna eri\u015fmek i\u00e7in buraya t\u0131klay\u0131n:\u00a0<strong><a href=\"https:\/\/game4co.eu\" target=\"_blank\" rel=\"noopener\">https:\/\/game4co.eu<\/a><\/strong><\/p>\n<p>Ak\u0131ll\u0131 telefon veya tablet kullan\u0131yorsan\u0131z: oyun platformunu <strong><a href=\"https:\/\/play.google.com\/store\/apps\/details?id=com.Interactive4D.g4cs\" target=\"_blank\" rel=\"noopener\">Google Play<\/a><\/strong> veya <strong><a href=\"https:\/\/apps.apple.com\/fr\/app\/game4coskills\/id6471690424\" target=\"_blank\" rel=\"noopener\">App Store<\/a><\/strong>&#8216;dan indirmek i\u00e7in buraya t\u0131klay\u0131n..<\/p>\n<\/div>\n<p>[\/et_pb_text][et_pb_text _builder_version=&#8221;4.24.2&#8243; text_font=&#8221;||||||||&#8221; text_line_height=&#8221;2em&#8221; header_font=&#8221;||||||||&#8221; header_2_font=&#8221;Montserrat|300|||||||&#8221; header_2_text_align=&#8221;left&#8221; header_2_font_size=&#8221;23px&#8221; header_4_font=&#8221;Montserrat|500||on|||||&#8221; header_4_text_color=&#8221;#ef6f49&#8243; header_4_font_size=&#8221;11px&#8221; header_4_letter_spacing=&#8221;3px&#8221; hover_enabled=&#8221;0&#8243; header_2_font_size_tablet=&#8221;32px&#8221; header_2_font_size_phone=&#8221;24px&#8221; header_2_font_size_last_edited=&#8221;on|phone&#8221; global_colors_info=&#8221;{}&#8221; sticky_enabled=&#8221;0&#8243;]<\/p>\n<p><iframe loading=\"lazy\" title=\"Game4CoSkills-Presentation of the game (in English)\" width=\"1080\" height=\"608\" src=\"https:\/\/www.youtube.com\/embed\/_A_xSsBjsZI?feature=oembed\"  allow=\"accelerometer; autoplay; clipboard-write; encrypted-media; gyroscope; picture-in-picture; web-share\" referrerpolicy=\"strict-origin-when-cross-origin\" allowfullscreen><\/iframe><\/p>\n<p>&nbsp;<\/p>\n<p>&nbsp;<\/p>\n<p>[\/et_pb_text][\/et_pb_column][\/et_pb_row][et_pb_row column_structure=&#8221;1_4,3_4&#8243; _builder_version=&#8221;4.17.4&#8243; custom_padding=&#8221;50px|0px|0|0px|false|false&#8221; animation_style=&#8221;fade&#8221; locked=&#8221;off&#8221; global_colors_info=&#8221;{}&#8221;][et_pb_column type=&#8221;1_4&#8243; _builder_version=&#8221;4.16&#8243; custom_padding=&#8221;|||&#8221; global_colors_info=&#8221;{}&#8221; custom_padding__hover=&#8221;|||&#8221;][et_pb_image src=&#8221;https:\/\/game4coskills.eu\/wp-content\/uploads\/2022\/06\/resultsPage.jpg&#8221; alt=&#8221;formation senior&#8221; title_text=&#8221;resultsPage&#8221; align_tablet=&#8221;center&#8221; align_phone=&#8221;&#8221; align_last_edited=&#8221;on|desktop&#8221; _builder_version=&#8221;4.18.0&#8243; max_width=&#8221;100%&#8221; module_alignment=&#8221;center&#8221; custom_padding=&#8221;0px||&#8221; custom_padding_tablet=&#8221;&#8221; custom_padding_phone=&#8221;&#8221; custom_padding_last_edited=&#8221;on|desktop&#8221; box_shadow_style=&#8221;preset4&#8243; global_colors_info=&#8221;{}&#8221;][\/et_pb_image][\/et_pb_column][et_pb_column type=&#8221;3_4&#8243; _builder_version=&#8221;4.16&#8243; custom_padding=&#8221;|||&#8221; global_colors_info=&#8221;{}&#8221; custom_padding__hover=&#8221;|||&#8221;][et_pb_text _builder_version=&#8221;4.24.2&#8243; text_font=&#8221;||||||||&#8221; text_line_height=&#8221;2em&#8221; header_font=&#8221;||||||||&#8221; header_2_font=&#8221;Montserrat|300|||||||&#8221; header_2_text_align=&#8221;left&#8221; header_2_font_size=&#8221;23px&#8221; header_4_font=&#8221;Montserrat|500||on|||||&#8221; header_4_text_color=&#8221;#ef6f49&#8243; header_4_font_size=&#8221;11px&#8221; header_4_letter_spacing=&#8221;3px&#8221; header_2_font_size_tablet=&#8221;32px&#8221; header_2_font_size_phone=&#8221;24px&#8221; header_2_font_size_last_edited=&#8221;on|phone&#8221; global_colors_info=&#8221;{}&#8221;]<\/p>\n<div style=\"text-align: justify;\">\n<h2><strong>PR3 &#8211; E\u011fitmen ara\u00e7 kiti<\/strong><\/h2>\n<p>&#8220;E\u011fiticilerin ara\u00e7 setinin&#8221; temel ama\u00e7lar\u0131 \u015funlard\u0131r:<\/p>\n<p>&#8211; Gereksinimleri, senaryolar\u0131, \u00f6\u011fretim y\u00f6ntemlerini, e\u011fitim ihtiya\u00e7lar\u0131n\u0131, hedefleri, metodolojileri tan\u0131mlamak.<br \/>&#8211; E\u011fitmenlerin zihinsel engelli yeti\u015fkinlerin bili\u015fsel beceri geli\u015fimi ve kavram \u00f6\u011frenmedeki ilerlemelerini takip etmek i\u00e7in \u00f6n test ve son test uygulayabilecekleri bir de\u011ferlendirme arac\u0131 geli\u015ftirmek<\/p>\n<p>&nbsp;<\/p>\n<\/div>\n<p>[\/et_pb_text][et_pb_text _builder_version=&#8221;4.24.2&#8243; text_font=&#8221;||||||||&#8221; text_line_height=&#8221;2em&#8221; header_font=&#8221;||||||||&#8221; header_2_font=&#8221;Montserrat|300|||||||&#8221; header_2_text_align=&#8221;left&#8221; header_2_font_size=&#8221;23px&#8221; header_4_font=&#8221;Montserrat|500||on|||||&#8221; header_4_text_color=&#8221;#ef6f49&#8243; header_4_font_size=&#8221;11px&#8221; header_4_letter_spacing=&#8221;3px&#8221; hover_enabled=&#8221;0&#8243; header_2_font_size_tablet=&#8221;32px&#8221; header_2_font_size_phone=&#8221;24px&#8221; header_2_font_size_last_edited=&#8221;on|phone&#8221; global_colors_info=&#8221;{}&#8221; sticky_enabled=&#8221;0&#8243;]<\/p>\n<p><iframe loading=\"lazy\" title=\"Game 4 CoSkills Trainer&#039;s Toolkit\" width=\"1080\" height=\"608\" src=\"https:\/\/www.youtube.com\/embed\/7ZVVwM5hB1s?feature=oembed\"  allow=\"accelerometer; autoplay; clipboard-write; encrypted-media; gyroscope; picture-in-picture; web-share\" referrerpolicy=\"strict-origin-when-cross-origin\" allowfullscreen><\/iframe><\/p>\n<p>&nbsp;<\/p>\n<p>&nbsp;<\/p>\n<p>[\/et_pb_text][\/et_pb_column][\/et_pb_row][et_pb_row column_structure=&#8221;1_4,3_4&#8243; _builder_version=&#8221;4.17.4&#8243; custom_padding=&#8221;50px|0px|0|0px|false|false&#8221; animation_style=&#8221;fade&#8221; locked=&#8221;off&#8221; global_colors_info=&#8221;{}&#8221;][et_pb_column type=&#8221;1_4&#8243; _builder_version=&#8221;4.16&#8243; custom_padding=&#8221;|||&#8221; global_colors_info=&#8221;{}&#8221; custom_padding__hover=&#8221;|||&#8221;][et_pb_image src=&#8221;https:\/\/game4coskills.eu\/wp-content\/uploads\/2024\/03\/Report.jpg&#8221; alt=&#8221;Discussion outline&#8221; title_text=&#8221;Report&#8221; align_tablet=&#8221;center&#8221; align_phone=&#8221;&#8221; align_last_edited=&#8221;on|desktop&#8221; _builder_version=&#8221;4.18.0&#8243; max_width=&#8221;100%&#8221; module_alignment=&#8221;center&#8221; custom_padding=&#8221;0px||&#8221; custom_padding_tablet=&#8221;&#8221; custom_padding_phone=&#8221;&#8221; custom_padding_last_edited=&#8221;on|desktop&#8221; box_shadow_style=&#8221;preset4&#8243; global_colors_info=&#8221;{}&#8221;][\/et_pb_image][\/et_pb_column][et_pb_column type=&#8221;3_4&#8243; _builder_version=&#8221;4.16&#8243; custom_padding=&#8221;|||&#8221; global_colors_info=&#8221;{}&#8221; custom_padding__hover=&#8221;|||&#8221;][et_pb_text _builder_version=&#8221;4.24.2&#8243; text_font=&#8221;||||||||&#8221; text_line_height=&#8221;2em&#8221; header_font=&#8221;||||||||&#8221; header_2_font=&#8221;Montserrat|300|||||||&#8221; header_2_text_align=&#8221;left&#8221; header_2_font_size=&#8221;23px&#8221; header_4_font=&#8221;Montserrat|500||on|||||&#8221; header_4_text_color=&#8221;#ef6f49&#8243; header_4_font_size=&#8221;11px&#8221; header_4_letter_spacing=&#8221;3px&#8221; header_2_font_size_tablet=&#8221;32px&#8221; header_2_font_size_phone=&#8221;24px&#8221; header_2_font_size_last_edited=&#8221;on|phone&#8221; global_colors_info=&#8221;{}&#8221;]<\/p>\n<div style=\"text-align: justify;\">\n<h2><strong>PR4 &#8211; Politika \u00f6neri raporu<\/strong><\/h2>\n<p>Politika \u00f6neri raporunun temel amac\u0131, okuyucular\u0131n proje faaliyetlerinin ba\u015far\u0131s\u0131n\u0131 anlamalar\u0131na yard\u0131mc\u0131 olabilecek bilgilerin k\u0131sa bir \u00f6zetini sunmak ve zihinsel engelli bireyler i\u00e7in bili\u015fsel ve kavram \u00f6\u011fretiminin yenilik\u00e7i \u00f6\u011fretim y\u00f6ntemleri i\u00e7in h\u00fck\u00fcmet politikalar\u0131 hakk\u0131nda sonu\u00e7 ve \u00f6neriler sunmakt\u0131r.<\/p>\n<\/div>\n<p>[\/et_pb_text][\/et_pb_column][\/et_pb_row][\/et_pb_section]<\/p>\n","protected":false},"excerpt":{"rendered":"<p>Zihinsel engelli yeti\u015fkinler i\u00e7in bili\u015fsel becerilerin geli\u015ftirilmesi ve kavram \u00f6\u011fretimi i\u00e7in mobil oyun&#8221; projesi (&#8220;Game4CoSkills&#8221; k\u0131saltmas\u0131), zihinsel engelli yeti\u015fkinler i\u00e7in bireysel veya gruplar halinde kullan\u0131lmak \u00fczere bili\u015fsel becerilerin geli\u015ftirilmesi ve kavram \u00f6\u011fretimi i\u00e7in bir e-oyun geli\u015ftirmeyi ama\u00e7lamaktad\u0131rSONU\u00c7LARGame4CoSkills projesi, belirli faaliyetler ve g\u00f6revlerle birlikte Proje Sonu\u00e7lar\u0131 (PR) olarak adland\u0131r\u0131lan 4 ana sonuca b\u00f6l\u00fcnm\u00fc\u015ft\u00fcr. &nbsp; PR1 &#8211; [&hellip;]<\/p>\n","protected":false},"author":4,"featured_media":0,"parent":0,"menu_order":0,"comment_status":"closed","ping_status":"closed","template":"","meta":{"_et_pb_use_builder":"on","_et_pb_old_content":"","_et_gb_content_width":"","footnotes":""},"_links":{"self":[{"href":"https:\/\/game4coskills.eu\/tr\/wp-json\/wp\/v2\/pages\/6536"}],"collection":[{"href":"https:\/\/game4coskills.eu\/tr\/wp-json\/wp\/v2\/pages"}],"about":[{"href":"https:\/\/game4coskills.eu\/tr\/wp-json\/wp\/v2\/types\/page"}],"author":[{"embeddable":true,"href":"https:\/\/game4coskills.eu\/tr\/wp-json\/wp\/v2\/users\/4"}],"replies":[{"embeddable":true,"href":"https:\/\/game4coskills.eu\/tr\/wp-json\/wp\/v2\/comments?post=6536"}],"version-history":[{"count":26,"href":"https:\/\/game4coskills.eu\/tr\/wp-json\/wp\/v2\/pages\/6536\/revisions"}],"predecessor-version":[{"id":6797,"href":"https:\/\/game4coskills.eu\/tr\/wp-json\/wp\/v2\/pages\/6536\/revisions\/6797"}],"wp:attachment":[{"href":"https:\/\/game4coskills.eu\/tr\/wp-json\/wp\/v2\/media?parent=6536"}],"curies":[{"name":"wp","href":"https:\/\/api.w.org\/{rel}","templated":true}]}}