{"id":6532,"date":"2024-03-31T23:59:05","date_gmt":"2024-03-31T23:59:05","guid":{"rendered":"https:\/\/t-game.online\/home\/"},"modified":"2024-04-15T17:33:34","modified_gmt":"2024-04-15T17:33:34","slug":"home","status":"publish","type":"page","link":"https:\/\/game4coskills.eu\/tr\/","title":{"rendered":"Home"},"content":{"rendered":"<p>[et_pb_section fb_built=&#8221;1&#8243; _builder_version=&#8221;4.17.4&#8243; _module_preset=&#8221;default&#8221; background_color=&#8221;#f2f2f2&#8243; module_alignment=&#8221;center&#8221; height=&#8221;50px&#8221; max_height=&#8221;50px&#8221; custom_padding=&#8221;10px||10px||false|false&#8221; global_colors_info=&#8221;{}&#8221;][et_pb_row _builder_version=&#8221;4.17.4&#8243; _module_preset=&#8221;default&#8221; width=&#8221;100%&#8221; module_alignment=&#8221;right&#8221; height=&#8221;45px&#8221; max_height=&#8221;45px&#8221; custom_margin=&#8221;-7px||||false|false&#8221; custom_padding=&#8221;5px||5px||false|false&#8221; global_colors_info=&#8221;{}&#8221;][et_pb_column type=&#8221;4_4&#8243; _builder_version=&#8221;4.17.4&#8243; _module_preset=&#8221;default&#8221; global_colors_info=&#8221;{}&#8221;][et_pb_social_media_follow _builder_version=&#8221;4.18.0&#8243; _module_preset=&#8221;default&#8221; text_orientation=&#8221;right&#8221; width=&#8221;100%&#8221; custom_margin=&#8221;2px||||false|false&#8221; custom_padding=&#8221;|50px|||false|false&#8221; global_colors_info=&#8221;{}&#8221;][et_pb_social_media_follow_network social_network=&#8221;facebook&#8221; url=&#8221;https:\/\/www.facebook.com\/Game4CoSkills&#8221; _builder_version=&#8221;4.18.0&#8243; _module_preset=&#8221;default&#8221; background_color=&#8221;#3b5998&#8243; global_colors_info=&#8221;{}&#8221; follow_button=&#8221;off&#8221; url_new_window=&#8221;on&#8221;]facebook[\/et_pb_social_media_follow_network][\/et_pb_social_media_follow][\/et_pb_column][\/et_pb_row][\/et_pb_section][et_pb_section fb_built=&#8221;1&#8243; fullwidth=&#8221;on&#8221; _builder_version=&#8221;4.18.0&#8243; background_color=&#8221;rgba(0,0,0,0.56)&#8221; background_image=&#8221;https:\/\/game4coskills.eu\/wp-content\/uploads\/2024\/03\/Persons1.jpg&#8221; parallax=&#8221;on&#8221; background_blend=&#8221;overlay&#8221; global_colors_info=&#8221;{}&#8221;][et_pb_fullwidth_header title=&#8221;Game4CoSkills&#8221; header_fullscreen=&#8221;on&#8221; button_one_url=&#8221;https:\/\/play.google.com\/store\/apps\/details?id=com.Interactive4D.g4cs&#8221; button_two_url=&#8221;https:\/\/apps.apple.com\/us\/app\/game4coskills\/id6471690424&#8243; _builder_version=&#8221;4.24.2&#8243; title_font=&#8221;Montserrat|300|||||||&#8221; title_font_size=&#8221;70px&#8221; title_line_height=&#8221;1.3em&#8221; content_font=&#8221;||||||||&#8221; content_font_size=&#8221;16px&#8221; background_color=&#8221;rgba(0,0,0,0.52)&#8221; custom_button_one=&#8221;on&#8221; button_one_border_radius=&#8221;15px&#8221; custom_button_two=&#8221;on&#8221; button_two_border_radius=&#8221;15px&#8221; link_option_url_new_window=&#8221;on&#8221; hover_enabled=&#8221;0&#8243; title_font_size_tablet=&#8221;50px&#8221; title_font_size_phone=&#8221;40px&#8221; title_font_size_last_edited=&#8221;on|phone&#8221; box_shadow_style_button_one=&#8221;preset1&#8243; box_shadow_style_button_two=&#8221;preset1&#8243; global_colors_info=&#8221;{}&#8221; sticky_enabled=&#8221;0&#8243;]<\/p>\n<p><span>Game4CoSkills, zihinsel engelli yeti\u015fkinler i\u00e7in bili\u015fsel beceri geli\u015fimini ve kavram \u00f6\u011fretimini te\u015fvik etmeyi ama\u00e7layan dijital bir oyundur<\/span><\/p>\n<p>.<\/p>\n<p>Oyun \u00fccretsizdir. Bili\u015fsel becerilerin 8 kategorisi etraf\u0131nda yap\u0131land\u0131r\u0131lm\u0131\u015ft\u0131r. Her kategori, artan zorluk derecesine sahip bir dizi mini oyun i\u00e7erir.<\/p>\n<p>&nbsp;<\/p>\n<p>Bilgisayar kullan\u0131yorsan\u0131z (PC veya MAC), oyuna taray\u0131c\u0131n\u0131zdan buradan eri\u015febilirsiniz: <strong><a href=\"https:\/\/game4co.eu\" target=\"_blank\" rel=\"noopener\">https:\/\/game4co.eu<\/a><\/strong><\/p>\n<p>&nbsp;<\/p>\n<p>Ak\u0131ll\u0131 telefon veya tablet kullan\u0131yorsan\u0131z, oyunu <strong><a href=\"https:\/\/play.google.com\/store\/apps\/details?id=com.Interactive4D.g4cs\" target=\"_blank\" rel=\"noopener\">Google Play<\/a><\/strong>&#8216;den veya <strong><a href=\"https:\/\/apps.apple.com\/fr\/app\/game4coskills\/id6471690424\" target=\"_blank\" rel=\"noopener\">App Store<\/a><\/strong>&#8216;dan indirmeniz gerekir.<\/p>\n<p>&nbsp;<\/p>\n<p>[\/et_pb_fullwidth_header][\/et_pb_section][et_pb_section fb_built=&#8221;1&#8243; specialty=&#8221;on&#8221; _builder_version=&#8221;4.17.4&#8243; background_color=&#8221;rgba(224,180,98,0.12)&#8221; custom_padding=&#8221;22px|0px|0|0px|false|false&#8221; animation_style=&#8221;fade&#8221; global_colors_info=&#8221;{}&#8221;][et_pb_column type=&#8221;1_3&#8243; _builder_version=&#8221;4.16&#8243; custom_padding=&#8221;|||&#8221; global_colors_info=&#8221;{}&#8221; custom_padding__hover=&#8221;|||&#8221;][et_pb_image src=&#8221;https:\/\/game4coskills.eu\/wp-content\/uploads\/2024\/03\/Game4CoSkills-logo-XL.png&#8221; alt=&#8221;RESIL4CARE logo&#8221; title_text=&#8221;Game4CoSkills &#8211; logo XL&#8221; align_tablet=&#8221;center&#8221; align_phone=&#8221;&#8221; align_last_edited=&#8221;on|desktop&#8221; _builder_version=&#8221;4.18.0&#8243; max_width=&#8221;100%&#8221; module_alignment=&#8221;center&#8221; global_colors_info=&#8221;{}&#8221;][\/et_pb_image][\/et_pb_column][et_pb_column type=&#8221;2_3&#8243; specialty_columns=&#8221;2&#8243; _builder_version=&#8221;4.16&#8243; custom_padding=&#8221;|||&#8221; global_colors_info=&#8221;{}&#8221; custom_padding__hover=&#8221;|||&#8221;][et_pb_row_inner use_custom_gutter=&#8221;on&#8221; _builder_version=&#8221;4.16&#8243; global_colors_info=&#8221;{}&#8221;][et_pb_column_inner saved_specialty_column_type=&#8221;1_2&#8243; _builder_version=&#8221;4.16&#8243; custom_padding=&#8221;|||&#8221; global_colors_info=&#8221;{}&#8221; parallax__hover=&#8221;off&#8221; parallax_method__hover=&#8221;on&#8221; custom_padding__hover=&#8221;|||&#8221;][et_pb_text _builder_version=&#8221;4.18.0&#8243; text_font=&#8221;||||||||&#8221; header_font=&#8221;||||||||&#8221; header_2_font=&#8221;Montserrat|300|||||||&#8221; header_2_font_size=&#8221;42px&#8221; header_4_font=&#8221;Montserrat|500||on|||||&#8221; header_4_text_color=&#8221;#ef6f49&#8243; header_4_font_size=&#8221;11px&#8221; header_4_letter_spacing=&#8221;3px&#8221; max_width=&#8221;700px&#8221; header_2_font_size_tablet=&#8221;32px&#8221; header_2_font_size_phone=&#8221;24px&#8221; header_2_font_size_last_edited=&#8221;on|phone&#8221; locked=&#8221;off&#8221; global_colors_info=&#8221;{}&#8221;]<\/p>\n<h2>Game4CoSkills ne hakk\u0131nda?<\/h2>\n<p>[\/et_pb_text][et_pb_text _builder_version=&#8221;4.24.2&#8243; text_font=&#8221;||||||||&#8221; text_line_height=&#8221;2em&#8221; text_orientation=&#8221;justified&#8221; hover_enabled=&#8221;0&#8243; locked=&#8221;off&#8221; global_colors_info=&#8221;{}&#8221; sticky_enabled=&#8221;0&#8243;]<\/p>\n<p>&#8220;<strong>Zihinsel engelli yeti\u015fkinler i\u00e7in bili\u015fsel becerilerin geli\u015ftirilmesi ve kavram \u00f6\u011fretimi i\u00e7in mobil oyun<\/strong>&#8221; (&#8220;Game4CoSkills&#8221; k\u0131saltmas\u0131) projesinin temel amac\u0131, zihinsel engelli yeti\u015fkinler i\u00e7in bireysel veya gruplar halinde kullan\u0131lmak \u00fczere bili\u015fsel becerilerin geli\u015ftirilmesi ve kavram \u00f6\u011fretimi i\u00e7in bir e-oyun geli\u015ftirmektir.<\/p>\n<p>Bu i\u015fbirli\u011fi projesi, Fransa&#8217;daki Erasmus+ Ulusal Ajans\u0131 taraf\u0131ndan &#8220;ERASMUS PLUS KA220-ADU ERASMUS + &#8211; YET\u0130\u015eK\u0130N E\u011e\u0130T\u0130M\u0130NDE \u0130\u015eB\u0130RL\u0130\u011e\u0130 ORTAKLIKLARI&#8221; Avrupa program\u0131 \u00e7er\u00e7evesinde finanse edilmi\u015ftir. Aral\u0131k 2021&#8217;den \u015eubat 2024&#8217;e kadar s\u00fcrecektir.<\/p>\n<p>Projenin hedefleri \u015funlard\u0131:<\/p>\n<ol>\n<li>Hedef kullan\u0131c\u0131lar\u0131n \u00f6zelliklerini, \u00f6\u011frenme ihtiya\u00e7lar\u0131n\u0131 ve eri\u015filebilir \u00f6\u011frenme hedeflerini tan\u0131mak i\u00e7in R1, bili\u015fsel becerilerin geli\u015ftirilmesi ve kavram \u00f6\u011fretimi senaryolar\u0131 i\u00e7in \u00f6\u011frenme hedefleri ve e\u011fitim \u015femalar\u0131 i\u00e7erecektir.<\/li>\n<li>Renk, haf\u0131za, matematik, do\u011fruluk, mant\u0131k, el becerisi, \u00e7oklu g\u00f6rev ve detaylara dikkat \u00fczerine uygun kategorize edilmi\u015f mobil oyunlar\u0131 se\u00e7mek ve geli\u015ftirmek<\/li>\n<li>Gereksinimleri, senaryolar\u0131, \u00f6\u011fretim y\u00f6ntemlerini, e\u011fitim ihtiya\u00e7lar\u0131n\u0131, hedefleri, metodolojileri tan\u0131mlamak<\/li>\n<li>E\u011fitmenlerin zihinsel engelli yeti\u015fkinlerin bili\u015fsel beceri geli\u015fimi ve kavram \u00f6\u011frenmedeki ilerlemelerini takip etmek i\u00e7in \u00f6n test ve son test uygulayabilecekleri bir de\u011ferlendirme arac\u0131 geli\u015ftirmek.<\/li>\n<li>Okuyucular\u0131n proje faaliyetlerinin ba\u015far\u0131s\u0131n\u0131 anlamalar\u0131na yard\u0131mc\u0131 olabilecek bilgilerin k\u0131sa bir \u00f6zetini sunmak ve zihinsel engelli bireyler i\u00e7in bili\u015fsel ve kavram \u00f6\u011fretiminin yenilik\u00e7i \u00f6\u011fretim y\u00f6ntemleri i\u00e7in h\u00fck\u00fcmet politikalar\u0131 hakk\u0131nda sonu\u00e7lar ve \u00f6neriler sunmak.<\/li>\n<\/ol>\n<p>&nbsp;<\/p>\n<p>&#8220;Game4CoSkills Projesi &#8220;nin ana hedef gruplar\u0131 \u015funlard\u0131:<\/p>\n<ol>\n<li>Zihinsel engelli yeti\u015fkinler<\/li>\n<li>Zihinsel engelli yeti\u015fkin e\u011fitmenleri<\/li>\n<\/ol>\n<p>[\/et_pb_text][\/et_pb_column_inner][\/et_pb_row_inner][\/et_pb_column][\/et_pb_section][et_pb_section fb_built=&#8221;1&#8243; admin_label=&#8221;Our Partners Section&#8221; _builder_version=&#8221;4.17.4&#8243; custom_padding=&#8221;0|0px|0|0px|false|false&#8221; animation_style=&#8221;fade&#8221; global_colors_info=&#8221;{}&#8221;][et_pb_row _builder_version=&#8221;4.16&#8243; locked=&#8221;off&#8221; global_colors_info=&#8221;{}&#8221;][et_pb_column type=&#8221;4_4&#8243; _builder_version=&#8221;4.16&#8243; custom_padding=&#8221;|||&#8221; global_colors_info=&#8221;{}&#8221; custom_padding__hover=&#8221;|||&#8221;][et_pb_text _builder_version=&#8221;4.18.0&#8243; text_font=&#8221;||||||||&#8221; text_text_color=&#8221;#000000&#8243; header_font=&#8221;Playfair Display|700|||||||&#8221; header_text_align=&#8221;center&#8221; header_text_color=&#8221;#000000&#8243; header_font_size=&#8221;42px&#8221; header_line_height=&#8221;1.5em&#8221; header_2_font=&#8221;Montserrat|300|||||||&#8221; header_2_text_align=&#8221;center&#8221; header_2_text_color=&#8221;#000000&#8243; header_2_font_size=&#8221;42px&#8221; header_2_line_height=&#8221;1.5em&#8221; header_3_font=&#8221;Playfair Display|700|||||||&#8221; header_3_text_align=&#8221;center&#8221; header_3_text_color=&#8221;#000000&#8243; header_3_font_size=&#8221;42px&#8221; header_3_line_height=&#8221;1.5em&#8221; header_4_font=&#8221;Playfair Display|700|||||||&#8221; header_4_text_align=&#8221;center&#8221; header_4_text_color=&#8221;#000000&#8243; header_4_font_size=&#8221;42px&#8221; header_4_line_height=&#8221;1.5em&#8221; header_5_font=&#8221;Playfair Display|700|||||||&#8221; header_5_text_align=&#8221;center&#8221; header_5_text_color=&#8221;#000000&#8243; header_5_font_size=&#8221;42px&#8221; header_5_line_height=&#8221;1.5em&#8221; header_6_font=&#8221;Playfair Display|700|||||||&#8221; header_6_text_align=&#8221;center&#8221; header_6_text_color=&#8221;#000000&#8243; header_6_font_size=&#8221;42px&#8221; header_6_line_height=&#8221;1.5em&#8221; text_orientation=&#8221;center&#8221; global_colors_info=&#8221;{}&#8221;]<\/p>\n<h2>Game4CoSkills projesinin ortaklar\u0131<\/h2>\n<p>[\/et_pb_text][\/et_pb_column][\/et_pb_row][et_pb_row column_structure=&#8221;1_3,1_3,1_3&#8243; module_class=&#8221; et_pb_row_fullwidth&#8221; _builder_version=&#8221;4.17.4&#8243; width=&#8221;89%&#8221; width_tablet=&#8221;80%&#8221; width_phone=&#8221;&#8221; width_last_edited=&#8221;on|desktop&#8221; max_width=&#8221;89%&#8221; max_width_tablet=&#8221;80%&#8221; max_width_phone=&#8221;&#8221; max_width_last_edited=&#8221;on|desktop&#8221; custom_padding=&#8221;0|0px|0px|0px|false|false&#8221; custom_css_main_element=&#8221;display: flex;||align-items: center;&#8221; make_fullwidth=&#8221;on&#8221; global_colors_info=&#8221;{}&#8221;][et_pb_column type=&#8221;1_3&#8243; _builder_version=&#8221;4.16&#8243; custom_padding=&#8221;|||&#8221; global_colors_info=&#8221;{}&#8221; custom_padding__hover=&#8221;|||&#8221;][et_pb_image src=&#8221;https:\/\/game4coskills.eu\/wp-content\/uploads\/2019\/03\/i4d.png&#8221; title_text=&#8221;i4d&#8221; url=&#8221;https:\/\/interactive4d.com&#8221; url_new_window=&#8221;on&#8221; show_bottom_space=&#8221;off&#8221; align_tablet=&#8221;center&#8221; align_phone=&#8221;&#8221; align_last_edited=&#8221;on|desktop&#8221; admin_label=&#8221;Logo1&#8243; _builder_version=&#8221;4.17.4&#8243; width=&#8221;60%&#8221; module_alignment=&#8221;center&#8221; global_colors_info=&#8221;{}&#8221;][\/et_pb_image][\/et_pb_column][et_pb_column type=&#8221;1_3&#8243; _builder_version=&#8221;4.16&#8243; custom_padding=&#8221;|||&#8221; global_colors_info=&#8221;{}&#8221; custom_padding__hover=&#8221;|||&#8221;][et_pb_image src=&#8221;https:\/\/game4coskills.eu\/wp-content\/uploads\/2024\/03\/AIS-logo.png&#8221; alt=&#8221;FRODIZO logo&#8221; title_text=&#8221;AIS-logo&#8221; url=&#8221;https:\/\/inclusivesociety.at\/&#8221; url_new_window=&#8221;on&#8221; show_bottom_space=&#8221;off&#8221; align_tablet=&#8221;center&#8221; align_phone=&#8221;&#8221; align_last_edited=&#8221;on|desktop&#8221; admin_label=&#8221;Logo1&#8243; _builder_version=&#8221;4.18.0&#8243; width=&#8221;60%&#8221; module_alignment=&#8221;center&#8221; locked=&#8221;off&#8221; global_colors_info=&#8221;{}&#8221;][\/et_pb_image][\/et_pb_column][et_pb_column type=&#8221;1_3&#8243; _builder_version=&#8221;4.16&#8243; custom_padding=&#8221;|||&#8221; global_colors_info=&#8221;{}&#8221; custom_padding__hover=&#8221;|||&#8221;][et_pb_image src=&#8221;https:\/\/game4coskills.eu\/wp-content\/uploads\/2024\/03\/Synthesis-logo.jpg&#8221; alt=&#8221;logo LAS NAVES&#8221; title_text=&#8221;Synthesis-logo&#8221; url=&#8221;https:\/\/www.synthesis-center.org\/&#8221; url_new_window=&#8221;on&#8221; show_bottom_space=&#8221;off&#8221; align_tablet=&#8221;center&#8221; align_phone=&#8221;&#8221; align_last_edited=&#8221;on|desktop&#8221; admin_label=&#8221;Logo1&#8243; _builder_version=&#8221;4.18.0&#8243; width=&#8221;60%&#8221; module_alignment=&#8221;center&#8221; locked=&#8221;off&#8221; global_colors_info=&#8221;{}&#8221;][\/et_pb_image][\/et_pb_column][\/et_pb_row][et_pb_row column_structure=&#8221;1_3,1_3,1_3&#8243; module_class=&#8221; et_pb_row_fullwidth&#8221; _builder_version=&#8221;4.18.0&#8243; width=&#8221;89%&#8221; width_tablet=&#8221;80%&#8221; width_phone=&#8221;&#8221; width_last_edited=&#8221;on|desktop&#8221; max_width=&#8221;89%&#8221; max_width_tablet=&#8221;80%&#8221; max_width_phone=&#8221;&#8221; max_width_last_edited=&#8221;on|desktop&#8221; custom_margin=&#8221;100px||||false|false&#8221; custom_padding=&#8221;0|0px|0px|0px|false|false&#8221; custom_css_main_element=&#8221;display: flex;||align-items: center;&#8221; make_fullwidth=&#8221;on&#8221; global_colors_info=&#8221;{}&#8221;][et_pb_column type=&#8221;1_3&#8243; _builder_version=&#8221;4.18.0&#8243; custom_padding=&#8221;|||&#8221; global_colors_info=&#8221;{}&#8221; custom_padding__hover=&#8221;|||&#8221;][et_pb_image src=&#8221;https:\/\/game4coskills.eu\/wp-content\/uploads\/2024\/03\/Eurasia-Logo.png&#8221; alt=&#8221;IVASS logo&#8221; title_text=&#8221;Eurasia-Logo&#8221; url=&#8221;https:\/\/eurasiavision.eu\/&#8221; url_new_window=&#8221;on&#8221; _builder_version=&#8221;4.18.0&#8243; _module_preset=&#8221;default&#8221; global_colors_info=&#8221;{}&#8221;][\/et_pb_image][\/et_pb_column][et_pb_column type=&#8221;1_3&#8243; _builder_version=&#8221;4.16&#8243; custom_padding=&#8221;|||&#8221; global_colors_info=&#8221;{}&#8221; custom_padding__hover=&#8221;|||&#8221;][et_pb_image src=&#8221;https:\/\/game4coskills.eu\/wp-content\/uploads\/2024\/03\/Alzheimer-Hellas-logo.png&#8221; alt=&#8221;ISRAA Logo&#8221; title_text=&#8221;Alzheimer Hellas-logo&#8221; url=&#8221;https:\/\/www.alzheimer-hellas.gr\/index.php\/en\/&#8221; url_new_window=&#8221;on&#8221; show_bottom_space=&#8221;off&#8221; align_tablet=&#8221;center&#8221; align_phone=&#8221;&#8221; align_last_edited=&#8221;on|desktop&#8221; admin_label=&#8221;Logo1&#8243; _builder_version=&#8221;4.18.0&#8243; width=&#8221;60%&#8221; module_alignment=&#8221;center&#8221; locked=&#8221;off&#8221; global_colors_info=&#8221;{}&#8221;][\/et_pb_image][\/et_pb_column][et_pb_column type=&#8221;1_3&#8243; _builder_version=&#8221;4.16&#8243; custom_padding=&#8221;|||&#8221; global_colors_info=&#8221;{}&#8221; custom_padding__hover=&#8221;|||&#8221;][et_pb_image src=&#8221;https:\/\/game4coskills.eu\/wp-content\/uploads\/2024\/03\/EURO-NET-v2.png&#8221; alt=&#8221;logo glavni&#8221; title_text=&#8221;EURO-NET-v2&#8243; url=&#8221;https:\/\/www.synergy-net.info\/default.cfm?obj=102&#8243; url_new_window=&#8221;on&#8221; src_tablet=&#8221;https:\/\/game4coskills.eu\/wp-content\/uploads\/2024\/03\/EURO-NET-v2.png&#8221; src_phone=&#8221;https:\/\/game4coskills.eu\/wp-content\/uploads\/2024\/03\/EURO-NET-v2.png&#8221; src_last_edited=&#8221;on|tablet&#8221; _builder_version=&#8221;4.18.0&#8243; _module_preset=&#8221;default&#8221; height=&#8221;70px&#8221; global_colors_info=&#8221;{}&#8221;][\/et_pb_image][\/et_pb_column][\/et_pb_row][et_pb_row _builder_version=&#8221;4.16&#8243; _module_preset=&#8221;default&#8221; global_colors_info=&#8221;{}&#8221;][et_pb_column type=&#8221;4_4&#8243; _builder_version=&#8221;4.16&#8243; _module_preset=&#8221;default&#8221; global_colors_info=&#8221;{}&#8221;][\/et_pb_column][\/et_pb_row][\/et_pb_section]<\/p>\n","protected":false},"excerpt":{"rendered":"<p>Game4CoSkills, zihinsel engelli yeti\u015fkinler i\u00e7in bili\u015fsel beceri geli\u015fimini ve kavram \u00f6\u011fretimini te\u015fvik etmeyi ama\u00e7layan dijital bir oyundur. Oyun \u00fccretsizdir. Bili\u015fsel becerilerin 8 kategorisi etraf\u0131nda yap\u0131land\u0131r\u0131lm\u0131\u015ft\u0131r. Her kategori, artan zorluk derecesine sahip bir dizi mini oyun i\u00e7erir. &nbsp; Bilgisayar kullan\u0131yorsan\u0131z (PC veya MAC), oyuna taray\u0131c\u0131n\u0131zdan buradan eri\u015febilirsiniz: https:\/\/game4co.eu &nbsp; Ak\u0131ll\u0131 telefon veya tablet kullan\u0131yorsan\u0131z, oyunu Google [&hellip;]<\/p>\n","protected":false},"author":4,"featured_media":0,"parent":0,"menu_order":0,"comment_status":"closed","ping_status":"closed","template":"","meta":{"_et_pb_use_builder":"on","_et_pb_old_content":"","_et_gb_content_width":"","footnotes":""},"_links":{"self":[{"href":"https:\/\/game4coskills.eu\/tr\/wp-json\/wp\/v2\/pages\/6532"}],"collection":[{"href":"https:\/\/game4coskills.eu\/tr\/wp-json\/wp\/v2\/pages"}],"about":[{"href":"https:\/\/game4coskills.eu\/tr\/wp-json\/wp\/v2\/types\/page"}],"author":[{"embeddable":true,"href":"https:\/\/game4coskills.eu\/tr\/wp-json\/wp\/v2\/users\/4"}],"replies":[{"embeddable":true,"href":"https:\/\/game4coskills.eu\/tr\/wp-json\/wp\/v2\/comments?post=6532"}],"version-history":[{"count":6,"href":"https:\/\/game4coskills.eu\/tr\/wp-json\/wp\/v2\/pages\/6532\/revisions"}],"predecessor-version":[{"id":6828,"href":"https:\/\/game4coskills.eu\/tr\/wp-json\/wp\/v2\/pages\/6532\/revisions\/6828"}],"wp:attachment":[{"href":"https:\/\/game4coskills.eu\/tr\/wp-json\/wp\/v2\/media?parent=6532"}],"curies":[{"name":"wp","href":"https:\/\/api.w.org\/{rel}","templated":true}]}}