{"id":5380,"date":"2019-03-15T13:14:02","date_gmt":"2019-03-15T13:14:02","guid":{"rendered":"https:\/\/resil4care.eu\/home-2\/"},"modified":"2024-04-15T17:28:18","modified_gmt":"2024-04-15T17:28:18","slug":"home-2","status":"publish","type":"page","link":"https:\/\/game4coskills.eu\/it\/","title":{"rendered":"Home"},"content":{"rendered":"<p>[et_pb_section fb_built=&#8221;1&#8243; _builder_version=&#8221;4.17.4&#8243; _module_preset=&#8221;default&#8221; background_color=&#8221;#f2f2f2&#8243; module_alignment=&#8221;center&#8221; height=&#8221;50px&#8221; max_height=&#8221;50px&#8221; custom_padding=&#8221;10px||10px||false|false&#8221; global_colors_info=&#8221;{}&#8221;][et_pb_row _builder_version=&#8221;4.17.4&#8243; _module_preset=&#8221;default&#8221; width=&#8221;100%&#8221; module_alignment=&#8221;right&#8221; height=&#8221;45px&#8221; max_height=&#8221;45px&#8221; custom_margin=&#8221;-7px||||false|false&#8221; custom_padding=&#8221;5px||5px||false|false&#8221; global_colors_info=&#8221;{}&#8221;][et_pb_column type=&#8221;4_4&#8243; _builder_version=&#8221;4.17.4&#8243; _module_preset=&#8221;default&#8221; global_colors_info=&#8221;{}&#8221;]<\/p>\n<p>[et_pb_social_media_follow _builder_version=&#8221;4.18.0&#8243; _module_preset=&#8221;default&#8221; text_orientation=&#8221;right&#8221; width=&#8221;100%&#8221; custom_margin=&#8221;2px||||false|false&#8221; custom_padding=&#8221;|50px|||false|false&#8221; hover_enabled=&#8221;0&#8243; global_colors_info=&#8221;{}&#8221; sticky_enabled=&#8221;0&#8243;][et_pb_social_media_follow_network social_network=&#8221;facebook&#8221; url=&#8221;https:\/\/www.facebook.com\/Game4CoSkills&#8221; _builder_version=&#8221;4.18.0&#8243; _module_preset=&#8221;default&#8221; background_color=&#8221;#3b5998&#8243; hover_enabled=&#8221;0&#8243; global_colors_info=&#8221;{}&#8221; follow_button=&#8221;off&#8221; url_new_window=&#8221;on&#8221; sticky_enabled=&#8221;0&#8243;]facebook[\/et_pb_social_media_follow_network][\/et_pb_social_media_follow]<\/p>\n<p>[\/et_pb_column][\/et_pb_row][\/et_pb_section][et_pb_section fb_built=&#8221;1&#8243; fullwidth=&#8221;on&#8221; _builder_version=&#8221;4.18.0&#8243; background_color=&#8221;rgba(0,0,0,0.56)&#8221; background_image=&#8221;https:\/\/game4coskills.eu\/wp-content\/uploads\/2024\/03\/Persons1.jpg&#8221; parallax=&#8221;on&#8221; background_blend=&#8221;overlay&#8221; global_colors_info=&#8221;{}&#8221;][et_pb_fullwidth_header title=&#8221;Game4CoSkills&#8221; header_fullscreen=&#8221;on&#8221; button_one_url=&#8221;https:\/\/play.google.com\/store\/apps\/details?id=com.Interactive4D.g4cs&#8221; button_two_url=&#8221;https:\/\/apps.apple.com\/us\/app\/game4coskills\/id6471690424&#8243; _builder_version=&#8221;4.24.2&#8243; title_font=&#8221;Montserrat|300|||||||&#8221; title_font_size=&#8221;70px&#8221; title_line_height=&#8221;1.3em&#8221; content_font=&#8221;||||||||&#8221; content_font_size=&#8221;16px&#8221; background_color=&#8221;rgba(0,0,0,0.52)&#8221; custom_button_one=&#8221;on&#8221; button_one_border_radius=&#8221;15px&#8221; custom_button_two=&#8221;on&#8221; button_two_border_radius=&#8221;15px&#8221; link_option_url_new_window=&#8221;on&#8221; hover_enabled=&#8221;0&#8243; title_font_size_tablet=&#8221;50px&#8221; title_font_size_phone=&#8221;40px&#8221; title_font_size_last_edited=&#8221;on|phone&#8221; box_shadow_style_button_one=&#8221;preset1&#8243; box_shadow_style_button_two=&#8221;preset1&#8243; global_colors_info=&#8221;{}&#8221; sticky_enabled=&#8221;0&#8243;]<\/p>\n<p>Game4CoSkills \u00e8 un gioco digitale che intende stimolare lo sviluppo delle abilit\u00e0 cognitive e l&#8217;insegnamento dei concetti per gli adulti con disabilit\u00e0 intellettiva.<\/p>\n<p>Il gioco \u00e8 gratuito. \u00c8 strutturato su 8 categorie di abilit\u00e0 cognitive. Ogni categoria contiene una serie di mini-giochi a difficolt\u00e0 crescente.<\/p>\n<p>&nbsp;<\/p>\n<p>Se utilizzate un computer (PC o MAC), potete accedere al gioco nel vostro browser qui: <strong><a href=\"https:\/\/game4co.eu\" target=\"_blank\" rel=\"noopener\">https:\/\/game4co.eu<\/a><\/strong><\/p>\n<p>&nbsp;<\/p>\n<p>Se si utilizza uno smartphone o un tablet, \u00e8 necessario scaricare il gioco da <strong><a href=\"https:\/\/play.google.com\/store\/apps\/details?id=com.Interactive4D.g4cs\" target=\"_blank\" rel=\"noopener\">Google Play<\/a><\/strong> o dall&#8217;<strong><a href=\"https:\/\/apps.apple.com\/fr\/app\/game4coskills\/id6471690424\" target=\"_blank\" rel=\"noopener\">App Store<\/a><\/strong>.<\/p>\n<p>&nbsp;<\/p>\n<p>[\/et_pb_fullwidth_header][\/et_pb_section][et_pb_section fb_built=&#8221;1&#8243; specialty=&#8221;on&#8221; _builder_version=&#8221;4.17.4&#8243; background_color=&#8221;rgba(224,180,98,0.12)&#8221; custom_padding=&#8221;22px|0px|0|0px|false|false&#8221; animation_style=&#8221;fade&#8221; global_colors_info=&#8221;{}&#8221;][et_pb_column type=&#8221;1_3&#8243; _builder_version=&#8221;4.16&#8243; custom_padding=&#8221;|||&#8221; global_colors_info=&#8221;{}&#8221; custom_padding__hover=&#8221;|||&#8221;][et_pb_image src=&#8221;https:\/\/game4coskills.eu\/wp-content\/uploads\/2024\/03\/Game4CoSkills-logo-XL.png&#8221; alt=&#8221;RESIL4CARE logo&#8221; title_text=&#8221;Game4CoSkills &#8211; logo XL&#8221; align_tablet=&#8221;center&#8221; align_phone=&#8221;&#8221; align_last_edited=&#8221;on|desktop&#8221; _builder_version=&#8221;4.18.0&#8243; max_width=&#8221;100%&#8221; module_alignment=&#8221;center&#8221; global_colors_info=&#8221;{}&#8221;][\/et_pb_image][\/et_pb_column][et_pb_column type=&#8221;2_3&#8243; specialty_columns=&#8221;2&#8243; _builder_version=&#8221;4.16&#8243; custom_padding=&#8221;|||&#8221; global_colors_info=&#8221;{}&#8221; custom_padding__hover=&#8221;|||&#8221;][et_pb_row_inner use_custom_gutter=&#8221;on&#8221; _builder_version=&#8221;4.16&#8243; global_colors_info=&#8221;{}&#8221;][et_pb_column_inner saved_specialty_column_type=&#8221;1_2&#8243; _builder_version=&#8221;4.16&#8243; custom_padding=&#8221;|||&#8221; global_colors_info=&#8221;{}&#8221; parallax__hover=&#8221;off&#8221; parallax_method__hover=&#8221;on&#8221; custom_padding__hover=&#8221;|||&#8221;][et_pb_text _builder_version=&#8221;4.18.0&#8243; text_font=&#8221;||||||||&#8221; header_font=&#8221;||||||||&#8221; header_2_font=&#8221;Montserrat|300|||||||&#8221; header_2_font_size=&#8221;42px&#8221; header_4_font=&#8221;Montserrat|500||on|||||&#8221; header_4_text_color=&#8221;#ef6f49&#8243; header_4_font_size=&#8221;11px&#8221; header_4_letter_spacing=&#8221;3px&#8221; max_width=&#8221;700px&#8221; header_2_font_size_tablet=&#8221;32px&#8221; header_2_font_size_phone=&#8221;24px&#8221; header_2_font_size_last_edited=&#8221;on|phone&#8221; locked=&#8221;off&#8221; global_colors_info=&#8221;{}&#8221;]<\/p>\n<h2>Di cosa parla Game4CoSkills?<\/h2>\n<p>[\/et_pb_text][et_pb_text _builder_version=&#8221;4.24.2&#8243; text_font=&#8221;||||||||&#8221; text_line_height=&#8221;2em&#8221; text_orientation=&#8221;justified&#8221; hover_enabled=&#8221;0&#8243; locked=&#8221;off&#8221; global_colors_info=&#8221;{}&#8221; sticky_enabled=&#8221;0&#8243;]<\/p>\n<p>Il progetto &#8220;<strong>Mobile game for cognitive skills development and concept teaching for adults with intellectual disabilities<\/strong>&#8221; (acronimo &#8220;Game4CoSkills&#8221;) mira a sviluppare un e-gioco per lo sviluppo delle competenze cognitive e l&#8217;insegnamento dei concetti per adulti con disabilit\u00e0 intellettiva da utilizzare individualmente o in gruppo. Il progetto \u00e8 stato approvato dall&#8217;Agenzia Nazionale Erasmus+ in Francia nell&#8217;ambito del programma europeo &#8220;ERASMUS PLUS KA220-ADU ERASMUS + \u2013 COOPERATION PARTNERSHIPS IN ADULT EDUCATION&#8221;.<\/p>\n<p>Gli obiettivi del progetto sono:<\/p>\n<ol>\n<li>Riconoscere le caratteristiche degli utenti target, le loro esigenze di apprendimento e gli obiettivi di apprendimento accessibili. Questo conterr\u00e0 obiettivi di apprendimento e schemi di formazione per lo sviluppo delle competenze cognitive e gli scenari di insegnamento dei concetti.<\/li>\n<li>Scegliere e migliorare giochi mobili adatti e categorizzati su colore, memoria, matematica, precisione, logica, destrezza, multitasking e attenzione ai dettagli.<\/li>\n<li>Descrivere i requisiti, gli scenari, i metodi didattici, le esigenze di formazione, gli obiettivi e le metodologie.<\/li>\n<li>Sviluppare lo strumento di valutazione per consentire agli istruttori di applicare un pre-test e un post-test per seguire i progressi degli adulti con disabilit\u00e0 intellettiva nello sviluppo delle competenze cognitive e nell&#8217;apprendimento dei concetti.<\/li>\n<li>Presentare un breve riassunto delle informazioni che possono aiutare i lettori a comprendere il successo delle attivit\u00e0 del progetto e fornire conclusioni e raccomandazioni sulle politiche governative per i metodi di insegnamento innovativi delle competenze cognitive e dei concetti per le persone con disabilit\u00e0 intellettiva.<\/li>\n<\/ol>\n<p>&nbsp;<\/p>\n<p>Gruppi target del progetto &#8220;Game4CoSkills&#8221; sono:<\/p>\n<ol>\n<li>Adulti con disabilit\u00e0 intellettiva<\/li>\n<li>Istruttori di adulti con disabilit\u00e0 intellettiva<\/li>\n<\/ol>\n<p>[\/et_pb_text][\/et_pb_column_inner][\/et_pb_row_inner][\/et_pb_column][\/et_pb_section][et_pb_section fb_built=&#8221;1&#8243; admin_label=&#8221;Our Partners Section&#8221; _builder_version=&#8221;4.17.4&#8243; custom_padding=&#8221;0|0px|0|0px|false|false&#8221; animation_style=&#8221;fade&#8221; global_colors_info=&#8221;{}&#8221;][et_pb_row _builder_version=&#8221;4.16&#8243; locked=&#8221;off&#8221; global_colors_info=&#8221;{}&#8221;][et_pb_column type=&#8221;4_4&#8243; _builder_version=&#8221;4.16&#8243; custom_padding=&#8221;|||&#8221; global_colors_info=&#8221;{}&#8221; custom_padding__hover=&#8221;|||&#8221;][et_pb_text _builder_version=&#8221;4.18.0&#8243; text_font=&#8221;||||||||&#8221; text_text_color=&#8221;#000000&#8243; header_font=&#8221;Playfair Display|700|||||||&#8221; header_text_align=&#8221;center&#8221; header_text_color=&#8221;#000000&#8243; header_font_size=&#8221;42px&#8221; header_line_height=&#8221;1.5em&#8221; header_2_font=&#8221;Montserrat|300|||||||&#8221; header_2_text_align=&#8221;center&#8221; header_2_text_color=&#8221;#000000&#8243; header_2_font_size=&#8221;42px&#8221; header_2_line_height=&#8221;1.5em&#8221; header_3_font=&#8221;Playfair Display|700|||||||&#8221; header_3_text_align=&#8221;center&#8221; header_3_text_color=&#8221;#000000&#8243; header_3_font_size=&#8221;42px&#8221; header_3_line_height=&#8221;1.5em&#8221; header_4_font=&#8221;Playfair Display|700|||||||&#8221; header_4_text_align=&#8221;center&#8221; header_4_text_color=&#8221;#000000&#8243; header_4_font_size=&#8221;42px&#8221; header_4_line_height=&#8221;1.5em&#8221; header_5_font=&#8221;Playfair Display|700|||||||&#8221; header_5_text_align=&#8221;center&#8221; header_5_text_color=&#8221;#000000&#8243; header_5_font_size=&#8221;42px&#8221; header_5_line_height=&#8221;1.5em&#8221; header_6_font=&#8221;Playfair Display|700|||||||&#8221; header_6_text_align=&#8221;center&#8221; header_6_text_color=&#8221;#000000&#8243; header_6_font_size=&#8221;42px&#8221; header_6_line_height=&#8221;1.5em&#8221; text_orientation=&#8221;center&#8221; global_colors_info=&#8221;{}&#8221;]<\/p>\n<h2><span style=\"color: #0c0306;\">Partner del progetto Game4CoSkills<\/span><\/h2>\n<p>[\/et_pb_text][\/et_pb_column][\/et_pb_row][et_pb_row column_structure=&#8221;1_3,1_3,1_3&#8243; module_class=&#8221; et_pb_row_fullwidth&#8221; _builder_version=&#8221;4.17.4&#8243; width=&#8221;89%&#8221; width_tablet=&#8221;80%&#8221; width_phone=&#8221;&#8221; width_last_edited=&#8221;on|desktop&#8221; max_width=&#8221;89%&#8221; max_width_tablet=&#8221;80%&#8221; max_width_phone=&#8221;&#8221; max_width_last_edited=&#8221;on|desktop&#8221; custom_padding=&#8221;0|0px|0px|0px|false|false&#8221; custom_css_main_element=&#8221;display: flex;||align-items: center;&#8221; make_fullwidth=&#8221;on&#8221; global_colors_info=&#8221;{}&#8221;][et_pb_column type=&#8221;1_3&#8243; _builder_version=&#8221;4.16&#8243; custom_padding=&#8221;|||&#8221; global_colors_info=&#8221;{}&#8221; custom_padding__hover=&#8221;|||&#8221;][et_pb_image src=&#8221;https:\/\/game4coskills.eu\/wp-content\/uploads\/2019\/03\/i4d.png&#8221; title_text=&#8221;i4d&#8221; url=&#8221;https:\/\/interactive4d.com&#8221; url_new_window=&#8221;on&#8221; show_bottom_space=&#8221;off&#8221; align_tablet=&#8221;center&#8221; align_phone=&#8221;&#8221; align_last_edited=&#8221;on|desktop&#8221; admin_label=&#8221;Logo1&#8243; _builder_version=&#8221;4.17.4&#8243; width=&#8221;60%&#8221; module_alignment=&#8221;center&#8221; global_colors_info=&#8221;{}&#8221;][\/et_pb_image][\/et_pb_column][et_pb_column type=&#8221;1_3&#8243; _builder_version=&#8221;4.16&#8243; custom_padding=&#8221;|||&#8221; global_colors_info=&#8221;{}&#8221; custom_padding__hover=&#8221;|||&#8221;][et_pb_image src=&#8221;https:\/\/game4coskills.eu\/wp-content\/uploads\/2024\/03\/AIS-logo.png&#8221; alt=&#8221;FRODIZO logo&#8221; title_text=&#8221;AIS-logo&#8221; url=&#8221;https:\/\/inclusivesociety.at\/&#8221; url_new_window=&#8221;on&#8221; show_bottom_space=&#8221;off&#8221; align_tablet=&#8221;center&#8221; align_phone=&#8221;&#8221; align_last_edited=&#8221;on|desktop&#8221; admin_label=&#8221;Logo1&#8243; _builder_version=&#8221;4.18.0&#8243; width=&#8221;60%&#8221; module_alignment=&#8221;center&#8221; locked=&#8221;off&#8221; global_colors_info=&#8221;{}&#8221;][\/et_pb_image][\/et_pb_column][et_pb_column type=&#8221;1_3&#8243; _builder_version=&#8221;4.16&#8243; custom_padding=&#8221;|||&#8221; global_colors_info=&#8221;{}&#8221; custom_padding__hover=&#8221;|||&#8221;][et_pb_image src=&#8221;https:\/\/game4coskills.eu\/wp-content\/uploads\/2024\/03\/Synthesis-logo.jpg&#8221; alt=&#8221;logo LAS NAVES&#8221; title_text=&#8221;Synthesis-logo&#8221; url=&#8221;https:\/\/www.synthesis-center.org\/&#8221; url_new_window=&#8221;on&#8221; show_bottom_space=&#8221;off&#8221; align_tablet=&#8221;center&#8221; align_phone=&#8221;&#8221; align_last_edited=&#8221;on|desktop&#8221; admin_label=&#8221;Logo1&#8243; _builder_version=&#8221;4.18.0&#8243; width=&#8221;60%&#8221; module_alignment=&#8221;center&#8221; locked=&#8221;off&#8221; global_colors_info=&#8221;{}&#8221;][\/et_pb_image][\/et_pb_column][\/et_pb_row][et_pb_row column_structure=&#8221;1_3,1_3,1_3&#8243; module_class=&#8221; et_pb_row_fullwidth&#8221; _builder_version=&#8221;4.18.0&#8243; width=&#8221;89%&#8221; width_tablet=&#8221;80%&#8221; width_phone=&#8221;&#8221; width_last_edited=&#8221;on|desktop&#8221; max_width=&#8221;89%&#8221; max_width_tablet=&#8221;80%&#8221; max_width_phone=&#8221;&#8221; max_width_last_edited=&#8221;on|desktop&#8221; custom_margin=&#8221;100px||||false|false&#8221; custom_padding=&#8221;0|0px|0px|0px|false|false&#8221; custom_css_main_element=&#8221;display: flex;||align-items: center;&#8221; make_fullwidth=&#8221;on&#8221; global_colors_info=&#8221;{}&#8221;][et_pb_column type=&#8221;1_3&#8243; _builder_version=&#8221;4.18.0&#8243; custom_padding=&#8221;|||&#8221; global_colors_info=&#8221;{}&#8221; custom_padding__hover=&#8221;|||&#8221;][et_pb_image src=&#8221;https:\/\/game4coskills.eu\/wp-content\/uploads\/2024\/03\/Eurasia-Logo.png&#8221; alt=&#8221;IVASS logo&#8221; title_text=&#8221;Eurasia-Logo&#8221; url=&#8221;https:\/\/eurasiavision.eu\/&#8221; url_new_window=&#8221;on&#8221; _builder_version=&#8221;4.18.0&#8243; _module_preset=&#8221;default&#8221; global_colors_info=&#8221;{}&#8221;][\/et_pb_image][\/et_pb_column][et_pb_column type=&#8221;1_3&#8243; _builder_version=&#8221;4.16&#8243; custom_padding=&#8221;|||&#8221; global_colors_info=&#8221;{}&#8221; custom_padding__hover=&#8221;|||&#8221;][et_pb_image src=&#8221;https:\/\/game4coskills.eu\/wp-content\/uploads\/2024\/03\/Alzheimer-Hellas-logo.png&#8221; alt=&#8221;ISRAA Logo&#8221; title_text=&#8221;Alzheimer Hellas-logo&#8221; url=&#8221;https:\/\/www.alzheimer-hellas.gr\/index.php\/en\/&#8221; url_new_window=&#8221;on&#8221; show_bottom_space=&#8221;off&#8221; align_tablet=&#8221;center&#8221; align_phone=&#8221;&#8221; align_last_edited=&#8221;on|desktop&#8221; admin_label=&#8221;Logo1&#8243; _builder_version=&#8221;4.18.0&#8243; width=&#8221;60%&#8221; module_alignment=&#8221;center&#8221; locked=&#8221;off&#8221; global_colors_info=&#8221;{}&#8221;][\/et_pb_image][\/et_pb_column][et_pb_column type=&#8221;1_3&#8243; _builder_version=&#8221;4.16&#8243; custom_padding=&#8221;|||&#8221; global_colors_info=&#8221;{}&#8221; custom_padding__hover=&#8221;|||&#8221;][et_pb_image src=&#8221;https:\/\/game4coskills.eu\/wp-content\/uploads\/2024\/03\/EURO-NET-v2.png&#8221; alt=&#8221;logo glavni&#8221; title_text=&#8221;EURO-NET-v2&#8243; url=&#8221;https:\/\/www.synergy-net.info\/default.cfm?obj=102&#8243; url_new_window=&#8221;on&#8221; src_tablet=&#8221;https:\/\/game4coskills.eu\/wp-content\/uploads\/2024\/03\/EURO-NET-v2.png&#8221; src_phone=&#8221;https:\/\/game4coskills.eu\/wp-content\/uploads\/2024\/03\/EURO-NET-v2.png&#8221; src_last_edited=&#8221;on|tablet&#8221; _builder_version=&#8221;4.18.0&#8243; _module_preset=&#8221;default&#8221; height=&#8221;70px&#8221; global_colors_info=&#8221;{}&#8221;][\/et_pb_image][\/et_pb_column][\/et_pb_row][et_pb_row _builder_version=&#8221;4.16&#8243; _module_preset=&#8221;default&#8221; global_colors_info=&#8221;{}&#8221;][et_pb_column type=&#8221;4_4&#8243; _builder_version=&#8221;4.16&#8243; _module_preset=&#8221;default&#8221; global_colors_info=&#8221;{}&#8221;][\/et_pb_column][\/et_pb_row][\/et_pb_section]<\/p>\n","protected":false},"excerpt":{"rendered":"<p>Game4CoSkills \u00e8 un gioco digitale che intende stimolare lo sviluppo delle abilit\u00e0 cognitive e l&#8217;insegnamento dei concetti per gli adulti con disabilit\u00e0 intellettiva. Il gioco \u00e8 gratuito. \u00c8 strutturato su 8 categorie di abilit\u00e0 cognitive. Ogni categoria contiene una serie di mini-giochi a difficolt\u00e0 crescente. &nbsp; Se utilizzate un computer (PC o MAC), potete accedere [&hellip;]<\/p>\n","protected":false},"author":4,"featured_media":0,"parent":0,"menu_order":0,"comment_status":"closed","ping_status":"closed","template":"","meta":{"_et_pb_use_builder":"on","_et_pb_old_content":"","_et_gb_content_width":"","footnotes":""},"_links":{"self":[{"href":"https:\/\/game4coskills.eu\/it\/wp-json\/wp\/v2\/pages\/5380"}],"collection":[{"href":"https:\/\/game4coskills.eu\/it\/wp-json\/wp\/v2\/pages"}],"about":[{"href":"https:\/\/game4coskills.eu\/it\/wp-json\/wp\/v2\/types\/page"}],"author":[{"embeddable":true,"href":"https:\/\/game4coskills.eu\/it\/wp-json\/wp\/v2\/users\/4"}],"replies":[{"embeddable":true,"href":"https:\/\/game4coskills.eu\/it\/wp-json\/wp\/v2\/comments?post=5380"}],"version-history":[{"count":23,"href":"https:\/\/game4coskills.eu\/it\/wp-json\/wp\/v2\/pages\/5380\/revisions"}],"predecessor-version":[{"id":6824,"href":"https:\/\/game4coskills.eu\/it\/wp-json\/wp\/v2\/pages\/5380\/revisions\/6824"}],"wp:attachment":[{"href":"https:\/\/game4coskills.eu\/it\/wp-json\/wp\/v2\/media?parent=5380"}],"curies":[{"name":"wp","href":"https:\/\/api.w.org\/{rel}","templated":true}]}}