{"id":5530,"date":"2019-03-15T10:41:10","date_gmt":"2019-03-15T10:41:10","guid":{"rendered":"https:\/\/resil4care.eu\/news\/"},"modified":"2024-11-01T23:39:27","modified_gmt":"2024-11-01T23:39:27","slug":"news","status":"publish","type":"page","link":"https:\/\/game4coskills.eu\/fr\/news\/","title":{"rendered":"Actualit\u00e9s"},"content":{"rendered":"<p>[et_pb_section fb_built=&#8221;1&#8243; _builder_version=&#8221;4.18.0&#8243; _module_preset=&#8221;default&#8221; background_color=&#8221;#f2f2f2&#8243; module_alignment=&#8221;center&#8221; height=&#8221;50px&#8221; max_height=&#8221;50px&#8221; custom_padding=&#8221;10px||10px||false|false&#8221; locked=&#8221;off&#8221; global_colors_info=&#8221;{}&#8221;][et_pb_row _builder_version=&#8221;4.17.4&#8243; _module_preset=&#8221;default&#8221; width=&#8221;100%&#8221; module_alignment=&#8221;right&#8221; height=&#8221;45px&#8221; max_height=&#8221;45px&#8221; custom_margin=&#8221;-7px||||false|false&#8221; custom_padding=&#8221;5px||5px||false|false&#8221; global_colors_info=&#8221;{}&#8221;][et_pb_column type=&#8221;4_4&#8243; _builder_version=&#8221;4.17.4&#8243; _module_preset=&#8221;default&#8221; global_colors_info=&#8221;{}&#8221;]<\/p>\n<p>[et_pb_social_media_follow _builder_version=&#8221;4.18.0&#8243; _module_preset=&#8221;default&#8221; text_orientation=&#8221;right&#8221; width=&#8221;100%&#8221; custom_margin=&#8221;2px||||false|false&#8221; custom_padding=&#8221;|50px|||false|false&#8221; global_colors_info=&#8221;{}&#8221;][et_pb_social_media_follow_network social_network=&#8221;facebook&#8221; url=&#8221;https:\/\/www.facebook.com\/Game4CoSkills&#8221; _builder_version=&#8221;4.18.0&#8243; _module_preset=&#8221;default&#8221; background_color=&#8221;#3b5998&#8243; global_colors_info=&#8221;{}&#8221; follow_button=&#8221;off&#8221; url_new_window=&#8221;on&#8221;]facebook[\/et_pb_social_media_follow_network][\/et_pb_social_media_follow]<\/p>\n<p>[\/et_pb_column][\/et_pb_row][\/et_pb_section][et_pb_section fb_built=&#8221;1&#8243; fullwidth=&#8221;on&#8221; _builder_version=&#8221;4.18.0&#8243; background_color=&#8221;rgba(0,0,0,0.56)&#8221; background_image=&#8221;https:\/\/game4coskills.eu\/wp-content\/uploads\/2024\/03\/Game4CoSkills1.png&#8221; saved_tabs=&#8221;all&#8221; global_colors_info=&#8221;{}&#8221;][et_pb_fullwidth_header title=&#8221;ACTUALIT\u00c9S&#8221; header_fullscreen=&#8221;on&#8221; _builder_version=&#8221;4.16&#8243; title_font=&#8221;Montserrat|300|||||||&#8221; title_font_size=&#8221;42px&#8221; title_line_height=&#8221;1.3em&#8221; content_font=&#8221;||||||||&#8221; content_font_size=&#8221;16px&#8221; background_color=&#8221;rgba(0,0,0,0.52)&#8221; title_font_size_tablet=&#8221;50px&#8221; title_font_size_phone=&#8221;40px&#8221; title_font_size_last_edited=&#8221;on|phone&#8221; global_colors_info=&#8221;{}&#8221;][\/et_pb_fullwidth_header][\/et_pb_section][et_pb_section fb_built=&#8221;1&#8243; admin_label=&#8221;Blog&#8221; _builder_version=&#8221;4.16&#8243; background_color=&#8221;#f4f4f4&#8243; global_colors_info=&#8221;{}&#8221;][et_pb_row column_structure=&#8221;2_5,3_5&#8243; _builder_version=&#8221;4.18.0&#8243; animation_style=&#8221;fade&#8221; global_colors_info=&#8221;{}&#8221;][et_pb_column type=&#8221;2_5&#8243; _builder_version=&#8221;4.16&#8243; custom_padding=&#8221;|||&#8221; global_colors_info=&#8221;{}&#8221; custom_padding__hover=&#8221;|||&#8221;][et_pb_image src=&#8221;https:\/\/game4coskills.eu\/wp-content\/uploads\/2024\/03\/Games4CoSkills-in-Paris-event.jpg&#8221; alt=&#8221;Videocall&#8221; title_text=&#8221;Games4CoSkills in Paris event&#8221; force_fullwidth=&#8221;on&#8221; align_tablet=&#8221;center&#8221; align_phone=&#8221;&#8221; align_last_edited=&#8221;on|desktop&#8221; admin_label=&#8221;Image&#8221; _builder_version=&#8221;4.18.0&#8243; global_colors_info=&#8221;{}&#8221;][\/et_pb_image][\/et_pb_column][et_pb_column type=&#8221;3_5&#8243; _builder_version=&#8221;4.16&#8243; custom_padding=&#8221;|||&#8221; global_colors_info=&#8221;{}&#8221; custom_padding__hover=&#8221;|||&#8221;][et_pb_text _builder_version=&#8221;4.18.0&#8243; header_font=&#8221;Montserrat|300|||||||&#8221; header_font_size=&#8221;42px&#8221; header_2_font=&#8221;Montserrat|300|||||||&#8221; header_2_font_size=&#8221;33px&#8221; global_colors_info=&#8221;{}&#8221;]<\/p>\n<h2>28-29 novembre 2023<\/h2>\n<p><em>Ev\u00e9nement multiplicateur \u00e0 Paris (France)<\/em><\/p>\n<p style=\"text-align: justify;\">Suite \u00e0 la rencontre transnationale organis\u00e9e la veille, Interactive 4D et plusieurs partenaires ont particip\u00e9 \u00e0 un grand \u00e9v\u00e9nement professionnel d\u00e9di\u00e9 aux aidants qui s&#8217;est d\u00e9roul\u00e9 \u00e0 Paris les 28 et 29 novembre 2023 : <strong><a href=\"https:\/\/www.salon-services-personne.com\/visiteurs\/tradeshow-domestic-personal-services.php\" target=\"_blank\" rel=\"noopener\">Salon des services \u00e0 la personne et de l&#8217;emploi \u00e0 domicile<\/a><\/strong> \/ Silver Economy Expo. Interactive 4D a tenu un stand et organis\u00e9 plusieurs <strong><a href=\"https:\/\/www.salon-services-personne.com\/conferences\/conference-comment-stimuler-les-capacites-cognitives-grace-a-des-jeux-video-adaptes-1429.html\" target=\"_blank\" rel=\"noopener\">ateliers\/conf\u00e9rences<\/a><\/strong> o\u00f9 le projet Game4CoSkills et son jeu ont \u00e9t\u00e9 pr\u00e9sent\u00e9s et o\u00f9 les participants ont pu tester le jeu.<\/p>\n<p>[\/et_pb_text][\/et_pb_column][\/et_pb_row][et_pb_row column_structure=&#8221;2_5,3_5&#8243; _builder_version=&#8221;4.18.0&#8243; animation_style=&#8221;fade&#8221; global_colors_info=&#8221;{}&#8221;][et_pb_column type=&#8221;2_5&#8243; _builder_version=&#8221;4.16&#8243; custom_padding=&#8221;|||&#8221; global_colors_info=&#8221;{}&#8221; custom_padding__hover=&#8221;|||&#8221;][et_pb_image src=&#8221;https:\/\/game4coskills.eu\/wp-content\/uploads\/2024\/03\/Games4CoSkills-in-Paris-1.jpg&#8221; alt=&#8221;Videocall&#8221; title_text=&#8221;Games4CoSkills in Paris&#8221; force_fullwidth=&#8221;on&#8221; align_tablet=&#8221;center&#8221; align_phone=&#8221;&#8221; align_last_edited=&#8221;on|desktop&#8221; admin_label=&#8221;Image&#8221; _builder_version=&#8221;4.18.0&#8243; global_colors_info=&#8221;{}&#8221;][\/et_pb_image][\/et_pb_column][et_pb_column type=&#8221;3_5&#8243; _builder_version=&#8221;4.16&#8243; custom_padding=&#8221;|||&#8221; global_colors_info=&#8221;{}&#8221; custom_padding__hover=&#8221;|||&#8221;][et_pb_text _builder_version=&#8221;4.18.0&#8243; header_font=&#8221;Montserrat|300|||||||&#8221; header_font_size=&#8221;42px&#8221; header_2_font=&#8221;Montserrat|300|||||||&#8221; header_2_font_size=&#8221;33px&#8221; global_colors_info=&#8221;{}&#8221;]<\/p>\n<h2>27 novembre 2023<\/h2>\n<p><em>R\u00e9union transnationale du projet \u00e0 Paris (France)<\/em><\/p>\n<p>Cette r\u00e9union transnationale a \u00e9t\u00e9 organis\u00e9e \u00e0 Paris (France) le 27 novembre 2023 au bureau du partenaire et coordinateur fran\u00e7ais, Interactive 4D.<\/p>\n<p>La r\u00e9union a \u00e9t\u00e9 principalement consacr\u00e9e \u00e0 la revue de tous les r\u00e9sultats du projet, des \u00e9v\u00e9nements multiplicateurs et des tests pilotes.<\/p>\n<p>[\/et_pb_text][\/et_pb_column][\/et_pb_row][et_pb_row column_structure=&#8221;2_5,3_5&#8243; _builder_version=&#8221;4.18.0&#8243; animation_style=&#8221;fade&#8221; global_colors_info=&#8221;{}&#8221;][et_pb_column type=&#8221;2_5&#8243; _builder_version=&#8221;4.16&#8243; custom_padding=&#8221;|||&#8221; global_colors_info=&#8221;{}&#8221; custom_padding__hover=&#8221;|||&#8221;][et_pb_image src=&#8221;https:\/\/game4coskills.eu\/wp-content\/uploads\/2024\/11\/PubMed.jpg&#8221; alt=&#8221;Videocall&#8221; title_text=&#8221;PubMed&#8221; force_fullwidth=&#8221;on&#8221; align_tablet=&#8221;center&#8221; align_phone=&#8221;&#8221; align_last_edited=&#8221;on|desktop&#8221; admin_label=&#8221;Image&#8221; _builder_version=&#8221;4.25.0&#8243; hover_enabled=&#8221;0&#8243; global_colors_info=&#8221;{}&#8221; sticky_enabled=&#8221;0&#8243;][\/et_pb_image][\/et_pb_column][et_pb_column type=&#8221;3_5&#8243; _builder_version=&#8221;4.16&#8243; custom_padding=&#8221;|||&#8221; global_colors_info=&#8221;{}&#8221; custom_padding__hover=&#8221;|||&#8221;][et_pb_text _builder_version=&#8221;4.25.0&#8243; header_font=&#8221;Montserrat|300|||||||&#8221; header_font_size=&#8221;42px&#8221; header_2_font=&#8221;Montserrat|300|||||||&#8221; header_2_font_size=&#8221;33px&#8221; hover_enabled=&#8221;0&#8243; global_colors_info=&#8221;{}&#8221; sticky_enabled=&#8221;0&#8243;]<\/p>\n<h2>Novembre 2023<\/h2>\n<p><em>Publication d&#8217;un article scientifique\u00a0<\/em><\/p>\n<p>Publication dans le Journal of Multidisciplinary Healthcare (DovePress) d&#8217;un article scientifique collectif intitul\u00e9 <em>&#8220;Protocol for the Development and Assessment of a Non-Pharmacological Intervention Designed to Improve Cognitive Skills of Adults with Intellectual Disabilities: A Mixed Method Design&#8221;<\/em>.<\/p>\n<p>Cet article d\u00e9crit les \u00e9tapes d&#8217;un protocole de d\u00e9veloppement et d&#8217;\u00e9valuation d&#8217;une intervention non pharmacologique, en particulier un Serious Game, dans le but d&#8217;am\u00e9liorer huit comp\u00e9tences cognitives chez les adultes pr\u00e9sentant une d\u00e9ficience intellectuelle.<\/p>\n<p><strong><a href=\"https:\/\/www.dovepress.com\/articles.php?article_id=87799\" target=\"_blank\" rel=\"noopener\">Cliquez ici<\/a><\/strong> pour lire cet article sur Dovepress ou <strong><a href=\"https:\/\/pubmed.ncbi.nlm.nih.gov\/37933262\" target=\"_blank\" rel=\"noopener\">ici<\/a><\/strong> pour le lire sur PubMed.<\/p>\n<p>[\/et_pb_text][\/et_pb_column][\/et_pb_row][et_pb_row column_structure=&#8221;2_5,3_5&#8243; _builder_version=&#8221;4.18.0&#8243; animation_style=&#8221;fade&#8221; global_colors_info=&#8221;{}&#8221;][et_pb_column type=&#8221;2_5&#8243; _builder_version=&#8221;4.16&#8243; custom_padding=&#8221;|||&#8221; global_colors_info=&#8221;{}&#8221; custom_padding__hover=&#8221;|||&#8221;][et_pb_image src=&#8221;https:\/\/game4coskills.eu\/wp-content\/uploads\/2024\/03\/Game4CoSkills-in-Thessaloniki-1024&#215;764.jpg&#8221; alt=&#8221;Videocall&#8221; title_text=&#8221;Game4CoSkills \u00e0 Thessalonique&#8221; force_fullwidth=&#8221;on&#8221; align_tablet=&#8221;center&#8221; align_phone=&#8221;&#8221; align_last_edited=&#8221;on|desktop&#8221; admin_label=&#8221;Image&#8221; _builder_version=&#8221;4.18.0&#8243; global_colors_info=&#8221;{}&#8221;][\/et_pb_image][\/et_pb_column][et_pb_column type=&#8221;3_5&#8243; _builder_version=&#8221;4.16&#8243; custom_padding=&#8221;|||&#8221; global_colors_info=&#8221;{}&#8221; custom_padding__hover=&#8221;|||&#8221;][et_pb_text _builder_version=&#8221;4.18.0&#8243; header_font=&#8221;Montserrat|300|||||||&#8221; header_font_size=&#8221;42px&#8221; header_2_font=&#8221;Montserrat|300|||||||&#8221; header_2_font_size=&#8221;33px&#8221; global_colors_info=&#8221;{}&#8221;]<\/p>\n<h2>5 juillet 2023<\/h2>\n<p><em>R\u00e9union transnationale du projet \u00e0 Thessalonique (Gr\u00e8ce)<\/em><\/p>\n<p>Cette r\u00e9union transnationale a \u00e9t\u00e9 organis\u00e9e \u00e0 Thessalonique (Italie) le 5 juillet 2023 au bureau du partenaire grec Alzheimer Hellas.<\/p>\n<p>La r\u00e9union a \u00e9t\u00e9 principalement consacr\u00e9e \u00e0 l&#8217;examen des r\u00e9sultats du projet R1 (Sc\u00e9narios de d\u00e9veloppement des comp\u00e9tences cognitives et d&#8217;enseignement des concepts), R2 (Jeu Game4CoSkills) et R3 (Bo\u00eete \u00e0 outils des formateurs).<\/p>\n<p>[\/et_pb_text][\/et_pb_column][\/et_pb_row][et_pb_row column_structure=&#8221;2_5,3_5&#8243; _builder_version=&#8221;4.18.0&#8243; animation_style=&#8221;fade&#8221; global_colors_info=&#8221;{}&#8221;][et_pb_column type=&#8221;2_5&#8243; _builder_version=&#8221;4.16&#8243; custom_padding=&#8221;|||&#8221; global_colors_info=&#8221;{}&#8221; custom_padding__hover=&#8221;|||&#8221;][et_pb_image src=&#8221;https:\/\/game4coskills.eu\/wp-content\/uploads\/2024\/03\/Games4CoSkills-in-Potenza.jpg&#8221; alt=&#8221;Videocall&#8221; title_text=&#8221;Games4CoSkills \u00e0 Potenza&#8221; force_fullwidth=&#8221;on&#8221; align_tablet=&#8221;center&#8221; align_phone=&#8221;&#8221; align_last_edited=&#8221;on|desktop&#8221; admin_label=&#8221;Image&#8221; _builder_version=&#8221;4.18.0&#8243; global_colors_info=&#8221;{}&#8221;][\/et_pb_image][\/et_pb_column][et_pb_column type=&#8221;3_5&#8243; _builder_version=&#8221;4.16&#8243; custom_padding=&#8221;|||&#8221; global_colors_info=&#8221;{}&#8221; custom_padding__hover=&#8221;|||&#8221;][et_pb_text _builder_version=&#8221;4.18.0&#8243; header_font=&#8221;Montserrat|300|||||||&#8221; header_font_size=&#8221;42px&#8221; header_2_font=&#8221;Montserrat|300|||||||&#8221; header_2_font_size=&#8221;33px&#8221; global_colors_info=&#8221;{}&#8221;]<\/p>\n<h2>5 janvier 2023<\/h2>\n<p><em>R\u00e9union transnationale du projet \u00e0 Potenza (Italie)<\/em><\/p>\n<p>Cette r\u00e9union transnationale a \u00e9t\u00e9 organis\u00e9e \u00e0 Potenza (Italie) le 5 janvier 2023 au si\u00e8ge du partenaire italien Euro-Net.<br \/>\nLa r\u00e9union a \u00e9t\u00e9 principalement consacr\u00e9e \u00e0 la mise au point du sc\u00e9nario des 8 cat\u00e9gories de mini-jeux (couleur, m\u00e9moire, math\u00e9matiques, pr\u00e9cision, logique, dext\u00e9rit\u00e9, multit\u00e2che, attention aux d\u00e9tails) et \u00e0 la structure de la plateforme de jeu.<\/p>\n<p>[\/et_pb_text][\/et_pb_column][\/et_pb_row][et_pb_row column_structure=&#8221;2_5,3_5&#8243; _builder_version=&#8221;4.18.0&#8243; animation_style=&#8221;fade&#8221; global_colors_info=&#8221;{}&#8221;][et_pb_column type=&#8221;2_5&#8243; _builder_version=&#8221;4.16&#8243; custom_padding=&#8221;|||&#8221; global_colors_info=&#8221;{}&#8221; custom_padding__hover=&#8221;|||&#8221;][et_pb_image src=&#8221;https:\/\/game4coskills.eu\/wp-content\/uploads\/2024\/03\/image.png&#8221; alt=&#8221;Videocall&#8221; title_text=&#8221;image&#8221; force_fullwidth=&#8221;on&#8221; align_tablet=&#8221;center&#8221; align_phone=&#8221;&#8221; align_last_edited=&#8221;on|desktop&#8221; admin_label=&#8221;Image&#8221; _builder_version=&#8221;4.18.0&#8243; global_colors_info=&#8221;{}&#8221;][\/et_pb_image][\/et_pb_column][et_pb_column type=&#8221;3_5&#8243; _builder_version=&#8221;4.16&#8243; custom_padding=&#8221;|||&#8221; global_colors_info=&#8221;{}&#8221; custom_padding__hover=&#8221;|||&#8221;][et_pb_text _builder_version=&#8221;4.18.0&#8243; header_font=&#8221;Montserrat|300|||||||&#8221; header_font_size=&#8221;42px&#8221; header_2_font=&#8221;Montserrat|300|||||||&#8221; header_2_font_size=&#8221;33px&#8221; global_colors_info=&#8221;{}&#8221;]<\/p>\n<h2>6 janvier 2022<\/h2>\n<p><em>R\u00e9union de lancement<\/em><\/p>\n<p>La r\u00e9union de lancement du projet Game4CoSkills a eu lieu le 6 janvier 2022 et s&#8217;est d\u00e9roul\u00e9e virtuellement en ligne en raison des restrictions li\u00e9es au Covid-19.<\/p>\n<p>Les partenaires se sont pr\u00e9sent\u00e9s ainsi que leurs organisations, lan\u00e7ant ainsi une discussion sur le d\u00e9veloppement du projet et les r\u00e9sultats attendus.<\/p>\n<p>Les partenaires ont convenu des prochaines \u00e9tapes et des actions \u00e0 entreprendre.<\/p>\n<p>[\/et_pb_text][\/et_pb_column][\/et_pb_row][\/et_pb_section]<\/p>\n","protected":false},"excerpt":{"rendered":"<p>28-29 novembre 2023 Ev\u00e9nement multiplicateur \u00e0 Paris (France) Suite \u00e0 la rencontre transnationale organis\u00e9e la veille, Interactive 4D et plusieurs partenaires ont particip\u00e9 \u00e0 un grand \u00e9v\u00e9nement professionnel d\u00e9di\u00e9 aux aidants qui s&#8217;est d\u00e9roul\u00e9 \u00e0 Paris les 28 et 29 novembre 2023 : Salon des services \u00e0 la personne et de l&#8217;emploi \u00e0 domicile \/ [&hellip;]<\/p>\n","protected":false},"author":4,"featured_media":0,"parent":0,"menu_order":0,"comment_status":"closed","ping_status":"closed","template":"","meta":{"_et_pb_use_builder":"on","_et_pb_old_content":"","_et_gb_content_width":"","footnotes":""},"_links":{"self":[{"href":"https:\/\/game4coskills.eu\/fr\/wp-json\/wp\/v2\/pages\/5530"}],"collection":[{"href":"https:\/\/game4coskills.eu\/fr\/wp-json\/wp\/v2\/pages"}],"about":[{"href":"https:\/\/game4coskills.eu\/fr\/wp-json\/wp\/v2\/types\/page"}],"author":[{"embeddable":true,"href":"https:\/\/game4coskills.eu\/fr\/wp-json\/wp\/v2\/users\/4"}],"replies":[{"embeddable":true,"href":"https:\/\/game4coskills.eu\/fr\/wp-json\/wp\/v2\/comments?post=5530"}],"version-history":[{"count":35,"href":"https:\/\/game4coskills.eu\/fr\/wp-json\/wp\/v2\/pages\/5530\/revisions"}],"predecessor-version":[{"id":6932,"href":"https:\/\/game4coskills.eu\/fr\/wp-json\/wp\/v2\/pages\/5530\/revisions\/6932"}],"wp:attachment":[{"href":"https:\/\/game4coskills.eu\/fr\/wp-json\/wp\/v2\/media?parent=5530"}],"curies":[{"name":"wp","href":"https:\/\/api.w.org\/{rel}","templated":true}]}}