{"id":5487,"date":"2019-03-15T13:14:02","date_gmt":"2019-03-15T13:14:02","guid":{"rendered":"https:\/\/resil4care.eu\/home-2\/"},"modified":"2024-04-15T17:47:53","modified_gmt":"2024-04-15T17:47:53","slug":"home-2","status":"publish","type":"page","link":"https:\/\/game4coskills.eu\/fr\/","title":{"rendered":"Accueil"},"content":{"rendered":"<p>[et_pb_section fb_built=&#8221;1&#8243; _builder_version=&#8221;4.17.4&#8243; _module_preset=&#8221;default&#8221; background_color=&#8221;#f2f2f2&#8243; module_alignment=&#8221;center&#8221; height=&#8221;50px&#8221; max_height=&#8221;50px&#8221; custom_padding=&#8221;10px||10px||false|false&#8221; global_colors_info=&#8221;{}&#8221;][et_pb_row _builder_version=&#8221;4.17.4&#8243; _module_preset=&#8221;default&#8221; width=&#8221;100%&#8221; module_alignment=&#8221;right&#8221; height=&#8221;45px&#8221; max_height=&#8221;45px&#8221; custom_margin=&#8221;-7px||||false|false&#8221; custom_padding=&#8221;5px||5px||false|false&#8221; global_colors_info=&#8221;{}&#8221;][et_pb_column type=&#8221;4_4&#8243; _builder_version=&#8221;4.17.4&#8243; _module_preset=&#8221;default&#8221; global_colors_info=&#8221;{}&#8221;]<\/p>\n<p>[et_pb_social_media_follow _builder_version=&#8221;4.18.0&#8243; _module_preset=&#8221;default&#8221; text_orientation=&#8221;right&#8221; width=&#8221;100%&#8221; custom_margin=&#8221;2px||||false|false&#8221; custom_padding=&#8221;|50px|||false|false&#8221; hover_enabled=&#8221;0&#8243; global_colors_info=&#8221;{}&#8221; sticky_enabled=&#8221;0&#8243;][et_pb_social_media_follow_network social_network=&#8221;facebook&#8221; url=&#8221;https:\/\/www.facebook.com\/Game4CoSkills&#8221; _builder_version=&#8221;4.18.0&#8243; _module_preset=&#8221;default&#8221; background_color=&#8221;#3b5998&#8243; hover_enabled=&#8221;0&#8243; global_colors_info=&#8221;{}&#8221; follow_button=&#8221;off&#8221; url_new_window=&#8221;on&#8221; sticky_enabled=&#8221;0&#8243;]facebook[\/et_pb_social_media_follow_network][\/et_pb_social_media_follow]<\/p>\n<p>[\/et_pb_column][\/et_pb_row][\/et_pb_section][et_pb_section fb_built=&#8221;1&#8243; fullwidth=&#8221;on&#8221; _builder_version=&#8221;4.18.0&#8243; background_color=&#8221;rgba(0,0,0,0.56)&#8221; background_image=&#8221;https:\/\/game4coskills.eu\/wp-content\/uploads\/2024\/03\/Persons1.jpg&#8221; parallax=&#8221;on&#8221; background_blend=&#8221;overlay&#8221; global_colors_info=&#8221;{}&#8221;][et_pb_fullwidth_header title=&#8221;Game4CoSkills&#8221; header_fullscreen=&#8221;on&#8221; button_one_url=&#8221;https:\/\/play.google.com\/store\/apps\/details?id=com.Interactive4D.g4cs&#8221; button_two_url=&#8221;https:\/\/apps.apple.com\/us\/app\/game4coskills\/id6471690424&#8243; _builder_version=&#8221;4.24.2&#8243; title_font=&#8221;Montserrat|300|||||||&#8221; title_font_size=&#8221;70px&#8221; title_line_height=&#8221;1.3em&#8221; content_font=&#8221;||||||||&#8221; content_font_size=&#8221;16px&#8221; background_color=&#8221;rgba(0,0,0,0.52)&#8221; custom_button_one=&#8221;on&#8221; button_one_border_radius=&#8221;15px&#8221; custom_button_two=&#8221;on&#8221; button_two_border_radius=&#8221;15px&#8221; link_option_url_new_window=&#8221;on&#8221; hover_enabled=&#8221;0&#8243; title_font_size_tablet=&#8221;50px&#8221; title_font_size_phone=&#8221;40px&#8221; title_font_size_last_edited=&#8221;on|phone&#8221; box_shadow_style_button_one=&#8221;preset1&#8243; box_shadow_style_button_two=&#8221;preset1&#8243; global_colors_info=&#8221;{}&#8221; sticky_enabled=&#8221;0&#8243;]<\/p>\n<p>Game4CoSkills est un jeu num\u00e9rique destin\u00e9 \u00e0 stimuler le d\u00e9veloppement des comp\u00e9tences cognitives et l&#8217;enseignement de concepts pour les adultes ayant une d\u00e9ficience intellectuelle.<\/p>\n<p>Le jeu est gratuit. Il est structur\u00e9 autour de 8 cat\u00e9gories de comp\u00e9tences cognitives. Chaque cat\u00e9gorie contient une s\u00e9rie de mini-jeux avec une difficult\u00e9 croissante.<\/p>\n<p>&nbsp;<\/p>\n<p>Si vous \u00eates sur un ordinateur (PC ou MAC), vous pouvez acc\u00e9der au jeu dans votre navigateur ici\u00a0: <strong><a href=\"https:\/\/game4co.eu\" target=\"_blank\" rel=\"noopener\">https:\/\/game4co.eu<\/a><\/strong><\/p>\n<p>&nbsp;<\/p>\n<p>Si vous utilisez un smartphone ou une tablette, vous devez t\u00e9l\u00e9charger le jeu depuis <strong><a href=\"https:\/\/play.google.com\/store\/apps\/details?id=com.Interactive4D. g4cs\" target=\"_blank\" rel=\"noopener\">Google Play<\/a><\/strong> ou depuis le <strong><a href=\"https:\/\/apps.apple.com\/fr\/app\/game4coskills\/ id6471690424\" target=\"_blank\" rel=\"noopener\">App Store<\/a><\/strong>.<\/p>\n<p>&nbsp;<\/p>\n<p>[\/et_pb_fullwidth_header][\/et_pb_section][et_pb_section fb_built=&#8221;1&#8243; specialty=&#8221;on&#8221; _builder_version=&#8221;4.17.4&#8243; background_color=&#8221;rgba(224,180,98,0.12)&#8221; custom_padding=&#8221;22px|0px|0|0px|false|false&#8221; animation_style=&#8221;fade&#8221; global_colors_info=&#8221;{}&#8221;][et_pb_column type=&#8221;1_3&#8243; _builder_version=&#8221;4.16&#8243; custom_padding=&#8221;|||&#8221; global_colors_info=&#8221;{}&#8221; custom_padding__hover=&#8221;|||&#8221;][et_pb_image src=&#8221;https:\/\/game4coskills.eu\/wp-content\/uploads\/2024\/03\/Game4CoSkills-logo-XL.png&#8221; alt=&#8221;RESIL4CARE logo&#8221; title_text=&#8221;Game4CoSkills &#8211; logo XL&#8221; align_tablet=&#8221;center&#8221; align_phone=&#8221;&#8221; align_last_edited=&#8221;on|desktop&#8221; _builder_version=&#8221;4.18.0&#8243; max_width=&#8221;100%&#8221; module_alignment=&#8221;center&#8221; global_colors_info=&#8221;{}&#8221;][\/et_pb_image][\/et_pb_column][et_pb_column type=&#8221;2_3&#8243; specialty_columns=&#8221;2&#8243; _builder_version=&#8221;4.16&#8243; custom_padding=&#8221;|||&#8221; global_colors_info=&#8221;{}&#8221; custom_padding__hover=&#8221;|||&#8221;][et_pb_row_inner use_custom_gutter=&#8221;on&#8221; _builder_version=&#8221;4.16&#8243; global_colors_info=&#8221;{}&#8221;][et_pb_column_inner saved_specialty_column_type=&#8221;1_2&#8243; _builder_version=&#8221;4.16&#8243; custom_padding=&#8221;|||&#8221; global_colors_info=&#8221;{}&#8221; parallax__hover=&#8221;off&#8221; parallax_method__hover=&#8221;on&#8221; custom_padding__hover=&#8221;|||&#8221;][et_pb_text _builder_version=&#8221;4.18.0&#8243; text_font=&#8221;||||||||&#8221; header_font=&#8221;||||||||&#8221; header_2_font=&#8221;Montserrat|300|||||||&#8221; header_2_font_size=&#8221;42px&#8221; header_4_font=&#8221;Montserrat|500||on|||||&#8221; header_4_text_color=&#8221;#ef6f49&#8243; header_4_font_size=&#8221;11px&#8221; header_4_letter_spacing=&#8221;3px&#8221; max_width=&#8221;700px&#8221; header_2_font_size_tablet=&#8221;32px&#8221; header_2_font_size_phone=&#8221;24px&#8221; header_2_font_size_last_edited=&#8221;on|phone&#8221; locked=&#8221;off&#8221; global_colors_info=&#8221;{}&#8221;]<\/p>\n<h2>En quoi consiste Game4CoSkills ?<\/h2>\n<p>[\/et_pb_text][et_pb_text _builder_version=&#8221;4.24.2&#8243; text_font=&#8221;||||||||&#8221; text_line_height=&#8221;2em&#8221; text_orientation=&#8221;justified&#8221; hover_enabled=&#8221;0&#8243; locked=&#8221;off&#8221; global_colors_info=&#8221;{}&#8221; sticky_enabled=&#8221;0&#8243;]<\/p>\n<p>L&#8217;objectif principal du projet &#8220;<strong>Jeu mobile pour le d\u00e9veloppement des comp\u00e9tences cognitives et l&#8217;enseignement des concepts pour les adultes ayant une d\u00e9ficience intellectuelle<\/strong>&#8221; (acronyme &#8220;Game4CoSkills&#8221;) \u00e9tait de d\u00e9velopper un jeu \u00e9lectronique pour le d\u00e9veloppement des comp\u00e9tences cognitives et l&#8217;enseignement des concepts pour les adultes ayant une d\u00e9ficience intellectuelle, \u00e0 utiliser individuellement ou en groupe.<\/p>\n<p>Ce projet collaboratif a \u00e9t\u00e9 financ\u00e9 par l&#8217;Agence nationale Erasmus+ en France dans le cadre du programme europ\u00e9en &#8221; ERASMUS PLUS KA220-ADU ERASMUS + &#8211; COOPERATION PARTNERSHIPS IN ADULT EDUCATION &#8220;. Il a dur\u00e9 de d\u00e9cembre 2021 \u00e0 f\u00e9vrier 2024.<\/p>\n<p>Les oobjectifs du projet \u00e9taient les suivants :<\/p>\n<ol>\n<li>Reconna\u00eetre les caract\u00e9ristiques des utilisateurs cibles, les besoins d&#8217;apprentissage et les objectifs d&#8217;apprentissage accessibles, la R1 contiendra des objectifs d&#8217;apprentissage et des sch\u00e9mas de formation pour le d\u00e9veloppement des comp\u00e9tences cognitives et des sc\u00e9narios d&#8217;enseignement de concepts.<\/li>\n<li>Choisir et am\u00e9liorer les jeux mobiles cat\u00e9goris\u00e9s appropri\u00e9s sur la couleur, la m\u00e9moire, les math\u00e9matiques, la pr\u00e9cision, la logique, la dext\u00e9rit\u00e9, le multit\u00e2che et l&#8217;attention aux d\u00e9tails.<\/li>\n<li>D\u00e9crire les exigences, les sc\u00e9narios, les m\u00e9thodes p\u00e9dagogiques, les besoins de formation, les objectifs et les m\u00e9thodologies.<\/li>\n<li>D\u00e9velopper un outil d&#8217;\u00e9valuation pour les formateurs afin d&#8217;appliquer un pr\u00e9-test et un post-test pour suivre les progr\u00e8s des adultes atteints de d\u00e9ficiences intellectuelles dans le d\u00e9veloppement des comp\u00e9tences cognitives et l&#8217;apprentissage des concepts.<\/li>\n<li>Pr\u00e9senter un r\u00e9sum\u00e9 concis des informations qui peuvent aider les lecteurs \u00e0 comprendre le succ\u00e8s des activit\u00e9s du projet et fournir des conclusions et des recommandations sur les politiques gouvernementales pour les m\u00e9thodes d&#8217;enseignement innovantes de l&#8217;enseignement cognitif et conceptuel pour les personnes ayant une d\u00e9ficience intellectuelle.<\/li>\n<p>.<\/ol>\n<p>Les principaux groupes cibles du projet &#8220;Game4CoSkills&#8221; \u00e9taient :<\/p>\n<ol>\n<li>Adultes souffrant de d\u00e9ficiences intellectuelles<\/li>\n<li>Formateurs d&#8217;adultes pr\u00e9sentant une d\u00e9ficience intellectuelle<\/li>\n<\/ol>\n<p>[\/et_pb_text][\/et_pb_column_inner][\/et_pb_row_inner][\/et_pb_column][\/et_pb_section][et_pb_section fb_built=&#8221;1&#8243; admin_label=&#8221;Our Partners Section&#8221; _builder_version=&#8221;4.17.4&#8243; custom_padding=&#8221;0|0px|0|0px|false|false&#8221; animation_style=&#8221;fade&#8221; global_colors_info=&#8221;{}&#8221;][et_pb_row _builder_version=&#8221;4.16&#8243; locked=&#8221;off&#8221; global_colors_info=&#8221;{}&#8221;][et_pb_column type=&#8221;4_4&#8243; _builder_version=&#8221;4.16&#8243; custom_padding=&#8221;|||&#8221; global_colors_info=&#8221;{}&#8221; custom_padding__hover=&#8221;|||&#8221;][et_pb_text _builder_version=&#8221;4.18.0&#8243; text_font=&#8221;||||||||&#8221; text_text_color=&#8221;#000000&#8243; header_font=&#8221;Playfair Display|700|||||||&#8221; header_text_align=&#8221;center&#8221; header_text_color=&#8221;#000000&#8243; header_font_size=&#8221;42px&#8221; header_line_height=&#8221;1.5em&#8221; header_2_font=&#8221;Montserrat|300|||||||&#8221; header_2_text_align=&#8221;center&#8221; header_2_text_color=&#8221;#000000&#8243; header_2_font_size=&#8221;42px&#8221; header_2_line_height=&#8221;1.5em&#8221; header_3_font=&#8221;Playfair Display|700|||||||&#8221; header_3_text_align=&#8221;center&#8221; header_3_text_color=&#8221;#000000&#8243; header_3_font_size=&#8221;42px&#8221; header_3_line_height=&#8221;1.5em&#8221; header_4_font=&#8221;Playfair Display|700|||||||&#8221; header_4_text_align=&#8221;center&#8221; header_4_text_color=&#8221;#000000&#8243; header_4_font_size=&#8221;42px&#8221; header_4_line_height=&#8221;1.5em&#8221; header_5_font=&#8221;Playfair Display|700|||||||&#8221; header_5_text_align=&#8221;center&#8221; header_5_text_color=&#8221;#000000&#8243; header_5_font_size=&#8221;42px&#8221; header_5_line_height=&#8221;1.5em&#8221; header_6_font=&#8221;Playfair Display|700|||||||&#8221; header_6_text_align=&#8221;center&#8221; header_6_text_color=&#8221;#000000&#8243; header_6_font_size=&#8221;42px&#8221; header_6_line_height=&#8221;1.5em&#8221; text_orientation=&#8221;center&#8221; global_colors_info=&#8221;{}&#8221;]<\/p>\n<h2><span style=\"color: #0c0306;\">Partenaires du projet Game4CoSkills<\/span><\/h2>\n<p>[\/et_pb_text][\/et_pb_column][\/et_pb_row][et_pb_row column_structure=&#8221;1_3,1_3,1_3&#8243; module_class=&#8221; et_pb_row_fullwidth&#8221; _builder_version=&#8221;4.17.4&#8243; width=&#8221;89%&#8221; width_tablet=&#8221;80%&#8221; width_phone=&#8221;&#8221; width_last_edited=&#8221;on|desktop&#8221; max_width=&#8221;89%&#8221; max_width_tablet=&#8221;80%&#8221; max_width_phone=&#8221;&#8221; max_width_last_edited=&#8221;on|desktop&#8221; custom_padding=&#8221;0|0px|0px|0px|false|false&#8221; custom_css_main_element=&#8221;display: flex;||align-items: center;&#8221; make_fullwidth=&#8221;on&#8221; global_colors_info=&#8221;{}&#8221;][et_pb_column type=&#8221;1_3&#8243; _builder_version=&#8221;4.16&#8243; custom_padding=&#8221;|||&#8221; global_colors_info=&#8221;{}&#8221; custom_padding__hover=&#8221;|||&#8221;][et_pb_image src=&#8221;https:\/\/game4coskills.eu\/wp-content\/uploads\/2019\/03\/i4d.png&#8221; title_text=&#8221;i4d&#8221; url=&#8221;https:\/\/interactive4d.com&#8221; url_new_window=&#8221;on&#8221; show_bottom_space=&#8221;off&#8221; align_tablet=&#8221;center&#8221; align_phone=&#8221;&#8221; align_last_edited=&#8221;on|desktop&#8221; admin_label=&#8221;Logo1&#8243; _builder_version=&#8221;4.17.4&#8243; width=&#8221;60%&#8221; module_alignment=&#8221;center&#8221; global_colors_info=&#8221;{}&#8221;][\/et_pb_image][\/et_pb_column][et_pb_column type=&#8221;1_3&#8243; _builder_version=&#8221;4.16&#8243; custom_padding=&#8221;|||&#8221; global_colors_info=&#8221;{}&#8221; custom_padding__hover=&#8221;|||&#8221;][et_pb_image src=&#8221;https:\/\/game4coskills.eu\/wp-content\/uploads\/2024\/03\/AIS-logo.png&#8221; alt=&#8221;FRODIZO logo&#8221; title_text=&#8221;AIS-logo&#8221; url=&#8221;https:\/\/inclusivesociety.at\/&#8221; url_new_window=&#8221;on&#8221; show_bottom_space=&#8221;off&#8221; align_tablet=&#8221;center&#8221; align_phone=&#8221;&#8221; align_last_edited=&#8221;on|desktop&#8221; admin_label=&#8221;Logo1&#8243; _builder_version=&#8221;4.18.0&#8243; width=&#8221;60%&#8221; module_alignment=&#8221;center&#8221; locked=&#8221;off&#8221; global_colors_info=&#8221;{}&#8221;][\/et_pb_image][\/et_pb_column][et_pb_column type=&#8221;1_3&#8243; _builder_version=&#8221;4.16&#8243; custom_padding=&#8221;|||&#8221; global_colors_info=&#8221;{}&#8221; custom_padding__hover=&#8221;|||&#8221;][et_pb_image src=&#8221;https:\/\/game4coskills.eu\/wp-content\/uploads\/2024\/03\/Synthesis-logo.jpg&#8221; alt=&#8221;logo LAS NAVES&#8221; title_text=&#8221;Synthesis-logo&#8221; url=&#8221;https:\/\/www.synthesis-center.org\/&#8221; url_new_window=&#8221;on&#8221; show_bottom_space=&#8221;off&#8221; align_tablet=&#8221;center&#8221; align_phone=&#8221;&#8221; align_last_edited=&#8221;on|desktop&#8221; admin_label=&#8221;Logo1&#8243; _builder_version=&#8221;4.18.0&#8243; width=&#8221;60%&#8221; module_alignment=&#8221;center&#8221; locked=&#8221;off&#8221; global_colors_info=&#8221;{}&#8221;][\/et_pb_image][\/et_pb_column][\/et_pb_row][et_pb_row column_structure=&#8221;1_3,1_3,1_3&#8243; module_class=&#8221; et_pb_row_fullwidth&#8221; _builder_version=&#8221;4.18.0&#8243; width=&#8221;89%&#8221; width_tablet=&#8221;80%&#8221; width_phone=&#8221;&#8221; width_last_edited=&#8221;on|desktop&#8221; max_width=&#8221;89%&#8221; max_width_tablet=&#8221;80%&#8221; max_width_phone=&#8221;&#8221; max_width_last_edited=&#8221;on|desktop&#8221; custom_margin=&#8221;100px||||false|false&#8221; custom_padding=&#8221;0|0px|0px|0px|false|false&#8221; custom_css_main_element=&#8221;display: flex;||align-items: center;&#8221; make_fullwidth=&#8221;on&#8221; global_colors_info=&#8221;{}&#8221;][et_pb_column type=&#8221;1_3&#8243; _builder_version=&#8221;4.18.0&#8243; custom_padding=&#8221;|||&#8221; global_colors_info=&#8221;{}&#8221; custom_padding__hover=&#8221;|||&#8221;][et_pb_image src=&#8221;https:\/\/game4coskills.eu\/wp-content\/uploads\/2024\/03\/Eurasia-Logo.png&#8221; alt=&#8221;IVASS logo&#8221; title_text=&#8221;Eurasia-Logo&#8221; url=&#8221;https:\/\/eurasiavision.eu\/&#8221; url_new_window=&#8221;on&#8221; _builder_version=&#8221;4.18.0&#8243; _module_preset=&#8221;default&#8221; global_colors_info=&#8221;{}&#8221;][\/et_pb_image][\/et_pb_column][et_pb_column type=&#8221;1_3&#8243; _builder_version=&#8221;4.16&#8243; custom_padding=&#8221;|||&#8221; global_colors_info=&#8221;{}&#8221; custom_padding__hover=&#8221;|||&#8221;][et_pb_image src=&#8221;https:\/\/game4coskills.eu\/wp-content\/uploads\/2024\/03\/Alzheimer-Hellas-logo.png&#8221; alt=&#8221;ISRAA Logo&#8221; title_text=&#8221;Alzheimer Hellas-logo&#8221; url=&#8221;https:\/\/www.alzheimer-hellas.gr\/index.php\/en\/&#8221; url_new_window=&#8221;on&#8221; show_bottom_space=&#8221;off&#8221; align_tablet=&#8221;center&#8221; align_phone=&#8221;&#8221; align_last_edited=&#8221;on|desktop&#8221; admin_label=&#8221;Logo1&#8243; _builder_version=&#8221;4.18.0&#8243; width=&#8221;60%&#8221; module_alignment=&#8221;center&#8221; locked=&#8221;off&#8221; global_colors_info=&#8221;{}&#8221;][\/et_pb_image][\/et_pb_column][et_pb_column type=&#8221;1_3&#8243; _builder_version=&#8221;4.16&#8243; custom_padding=&#8221;|||&#8221; global_colors_info=&#8221;{}&#8221; custom_padding__hover=&#8221;|||&#8221;][et_pb_image src=&#8221;https:\/\/game4coskills.eu\/wp-content\/uploads\/2024\/03\/EURO-NET-v2.png&#8221; alt=&#8221;logo glavni&#8221; title_text=&#8221;EURO-NET-v2&#8243; url=&#8221;https:\/\/www.synergy-net.info\/default.cfm?obj=102&#8243; url_new_window=&#8221;on&#8221; src_tablet=&#8221;https:\/\/game4coskills.eu\/wp-content\/uploads\/2024\/03\/EURO-NET-v2.png&#8221; src_phone=&#8221;https:\/\/game4coskills.eu\/wp-content\/uploads\/2024\/03\/EURO-NET-v2.png&#8221; src_last_edited=&#8221;on|tablet&#8221; _builder_version=&#8221;4.18.0&#8243; _module_preset=&#8221;default&#8221; height=&#8221;70px&#8221; global_colors_info=&#8221;{}&#8221;][\/et_pb_image][\/et_pb_column][\/et_pb_row][et_pb_row _builder_version=&#8221;4.16&#8243; _module_preset=&#8221;default&#8221; global_colors_info=&#8221;{}&#8221;][et_pb_column type=&#8221;4_4&#8243; _builder_version=&#8221;4.16&#8243; _module_preset=&#8221;default&#8221; global_colors_info=&#8221;{}&#8221;][\/et_pb_column][\/et_pb_row][\/et_pb_section]<\/p>\n","protected":false},"excerpt":{"rendered":"<p>Game4CoSkills est un jeu num\u00e9rique destin\u00e9 \u00e0 stimuler le d\u00e9veloppement des comp\u00e9tences cognitives et l&#8217;enseignement de concepts pour les adultes ayant une d\u00e9ficience intellectuelle. Le jeu est gratuit. Il est structur\u00e9 autour de 8 cat\u00e9gories de comp\u00e9tences cognitives. Chaque cat\u00e9gorie contient une s\u00e9rie de mini-jeux avec une difficult\u00e9 croissante. &nbsp; Si vous \u00eates sur un [&hellip;]<\/p>\n","protected":false},"author":4,"featured_media":0,"parent":0,"menu_order":0,"comment_status":"closed","ping_status":"closed","template":"","meta":{"_et_pb_use_builder":"on","_et_pb_old_content":"","_et_gb_content_width":"","footnotes":""},"_links":{"self":[{"href":"https:\/\/game4coskills.eu\/fr\/wp-json\/wp\/v2\/pages\/5487"}],"collection":[{"href":"https:\/\/game4coskills.eu\/fr\/wp-json\/wp\/v2\/pages"}],"about":[{"href":"https:\/\/game4coskills.eu\/fr\/wp-json\/wp\/v2\/types\/page"}],"author":[{"embeddable":true,"href":"https:\/\/game4coskills.eu\/fr\/wp-json\/wp\/v2\/users\/4"}],"replies":[{"embeddable":true,"href":"https:\/\/game4coskills.eu\/fr\/wp-json\/wp\/v2\/comments?post=5487"}],"version-history":[{"count":30,"href":"https:\/\/game4coskills.eu\/fr\/wp-json\/wp\/v2\/pages\/5487\/revisions"}],"predecessor-version":[{"id":6836,"href":"https:\/\/game4coskills.eu\/fr\/wp-json\/wp\/v2\/pages\/5487\/revisions\/6836"}],"wp:attachment":[{"href":"https:\/\/game4coskills.eu\/fr\/wp-json\/wp\/v2\/media?parent=5487"}],"curies":[{"name":"wp","href":"https:\/\/api.w.org\/{rel}","templated":true}]}}