{"id":6602,"date":"2024-04-01T16:24:47","date_gmt":"2024-04-01T16:24:47","guid":{"rendered":"https:\/\/t-game.store\/aktuelles\/"},"modified":"2024-11-01T23:45:28","modified_gmt":"2024-11-01T23:45:28","slug":"aktuelles","status":"publish","type":"page","link":"https:\/\/game4coskills.eu\/de\/aktuelles\/","title":{"rendered":"Aktuelles"},"content":{"rendered":"<p>[et_pb_section fb_built=&#8221;1&#8243; _builder_version=&#8221;4.18.0&#8243; _module_preset=&#8221;default&#8221; background_color=&#8221;#f2f2f2&#8243; module_alignment=&#8221;center&#8221; height=&#8221;50px&#8221; max_height=&#8221;50px&#8221; custom_padding=&#8221;10px||10px||false|false&#8221; locked=&#8221;off&#8221; global_colors_info=&#8221;{}&#8221;][et_pb_row _builder_version=&#8221;4.17.4&#8243; _module_preset=&#8221;default&#8221; width=&#8221;100%&#8221; module_alignment=&#8221;right&#8221; height=&#8221;45px&#8221; max_height=&#8221;45px&#8221; custom_margin=&#8221;-7px||||false|false&#8221; custom_padding=&#8221;5px||5px||false|false&#8221; global_colors_info=&#8221;{}&#8221;][et_pb_column type=&#8221;4_4&#8243; _builder_version=&#8221;4.17.4&#8243; _module_preset=&#8221;default&#8221; global_colors_info=&#8221;{}&#8221;]<\/p>\n<p>[et_pb_social_media_follow _builder_version=&#8221;4.18.0&#8243; _module_preset=&#8221;default&#8221; text_orientation=&#8221;right&#8221; width=&#8221;100%&#8221; custom_margin=&#8221;2px||||false|false&#8221; custom_padding=&#8221;|50px|||false|false&#8221; global_colors_info=&#8221;{}&#8221;][et_pb_social_media_follow_network social_network=&#8221;facebook&#8221; url=&#8221;https:\/\/www.facebook.com\/Game4CoSkills&#8221; _builder_version=&#8221;4.18.0&#8243; _module_preset=&#8221;default&#8221; background_color=&#8221;#3b5998&#8243; global_colors_info=&#8221;{}&#8221; follow_button=&#8221;off&#8221; url_new_window=&#8221;on&#8221;]facebook[\/et_pb_social_media_follow_network][\/et_pb_social_media_follow]<\/p>\n<p>[\/et_pb_column][\/et_pb_row][\/et_pb_section][et_pb_section fb_built=&#8221;1&#8243; fullwidth=&#8221;on&#8221; _builder_version=&#8221;4.18.0&#8243; background_color=&#8221;rgba(0,0,0,0.56)&#8221; background_image=&#8221;https:\/\/game4coskills.eu\/wp-content\/uploads\/2024\/03\/Game4CoSkills1.png&#8221; saved_tabs=&#8221;all&#8221; global_colors_info=&#8221;{}&#8221;][et_pb_fullwidth_header title=&#8221;Aktuelles&#8221; header_fullscreen=&#8221;on&#8221; _builder_version=&#8221;4.16&#8243; title_font=&#8221;Montserrat|300|||||||&#8221; title_font_size=&#8221;42px&#8221; title_line_height=&#8221;1.3em&#8221; content_font=&#8221;||||||||&#8221; content_font_size=&#8221;16px&#8221; background_color=&#8221;rgba(0,0,0,0.52)&#8221; title_font_size_tablet=&#8221;50px&#8221; title_font_size_phone=&#8221;40px&#8221; title_font_size_last_edited=&#8221;on|phone&#8221; global_colors_info=&#8221;{}&#8221;][\/et_pb_fullwidth_header][\/et_pb_section][et_pb_section fb_built=&#8221;1&#8243; admin_label=&#8221;Blog&#8221; _builder_version=&#8221;4.16&#8243; background_color=&#8221;#f4f4f4&#8243; global_colors_info=&#8221;{}&#8221;][et_pb_row column_structure=&#8221;2_5,3_5&#8243; _builder_version=&#8221;4.18.0&#8243; animation_style=&#8221;fade&#8221; global_colors_info=&#8221;{}&#8221;][et_pb_column type=&#8221;2_5&#8243; _builder_version=&#8221;4.16&#8243; custom_padding=&#8221;|||&#8221; global_colors_info=&#8221;{}&#8221; custom_padding__hover=&#8221;|||&#8221;][et_pb_image src=&#8221;https:\/\/game4coskills.eu\/wp-content\/uploads\/2024\/03\/Games4CoSkills-in-Paris-event.jpg&#8221; alt=&#8221;Videocall&#8221; title_text=&#8221;Games4CoSkills-Veranstaltung in Paris&#8221; force_fullwidth=&#8221;on&#8221; align_tablet=&#8221;center&#8221; align_phone=&#8221;&#8221; align_last_edited=&#8221;on|desktop&#8221; admin_label=&#8221;Image&#8221; _builder_version=&#8221;4.18.0&#8243; global_colors_info=&#8221;{}&#8221;][\/et_pb_image][\/et_pb_column][et_pb_column type=&#8221;3_5&#8243; _builder_version=&#8221;4.16&#8243; custom_padding=&#8221;|||&#8221; global_colors_info=&#8221;{}&#8221; custom_padding__hover=&#8221;|||&#8221;][et_pb_text _builder_version=&#8221;4.18.0&#8243; header_font=&#8221;Montserrat|300|||||||&#8221; header_font_size=&#8221;42px&#8221; header_2_font=&#8221;Montserrat|300|||||||&#8221; header_2_font_size=&#8221;33px&#8221; global_colors_info=&#8221;{}&#8221;]<\/p>\n<h2>28-29. November 2023<\/h2>\n<p><em>Multiplikatorenveranstaltung in Paris (Frankreich)<\/em><\/p>\n<p>Im Anschluss an das am Vortag organisierte transnationale Treffen nahmen Interactive 4D und mehrere Partner an einer gro\u00dfen Fachveranstaltung f\u00fcr Pflegekr\u00e4fte teil, die am 28. und 29. November 2023 in Paris stattfand: <strong><a href=\"https:\/\/www.salon-services-personne.com\/visiteurs\/tradeshow-domestic-personal-services.php\" target=\"_blank\" rel=\"noopener\">Salon des services \u00e0 la personne et de l&#8217;emploi \u00e0 domicile<\/a><\/strong> \/ Silver Economy Expo. Interactive 4D war mit einem Stand vertreten und organisierte mehrere <a href=\"https:\/\/www.salon-services-personne.com\/conferences\/conference-comment-stimuler-les-capacites-cognitives-grace-a-des-jeux-video-adaptes-1429.html\" target=\"_blank\" rel=\"noopener\"><strong>Workshops\/Konferenzen<\/strong><\/a>, in denen das Projekt Game4CoSkills und sein Spiel vorgestellt wurden und die Teilnehmer das Spiel testen konnten.<\/p>\n<p>[\/et_pb_text][\/et_pb_column][\/et_pb_row][et_pb_row column_structure=&#8221;2_5,3_5&#8243; _builder_version=&#8221;4.18.0&#8243; animation_style=&#8221;fade&#8221; global_colors_info=&#8221;{}&#8221;][et_pb_column type=&#8221;2_5&#8243; _builder_version=&#8221;4.16&#8243; custom_padding=&#8221;|||&#8221; global_colors_info=&#8221;{}&#8221; custom_padding__hover=&#8221;|||&#8221;][et_pb_image src=&#8221;https:\/\/game4coskills.eu\/wp-content\/uploads\/2024\/03\/Games4CoSkills-in-Paris-1.jpg&#8221; alt=&#8221;Videocall&#8221; title_text=&#8221;Games4CoSkills in Paris&#8221; force_fullwidth=&#8221;on&#8221; align_tablet=&#8221;center&#8221; align_phone=&#8221;&#8221; align_last_edited=&#8221;on|desktop&#8221; admin_label=&#8221;Image&#8221; _builder_version=&#8221;4.18.0&#8243; global_colors_info=&#8221;{}&#8221;][\/et_pb_image][\/et_pb_column][et_pb_column type=&#8221;3_5&#8243; _builder_version=&#8221;4.16&#8243; custom_padding=&#8221;|||&#8221; global_colors_info=&#8221;{}&#8221; custom_padding__hover=&#8221;|||&#8221;][et_pb_text _builder_version=&#8221;4.18.0&#8243; header_font=&#8221;Montserrat|300|||||||&#8221; header_font_size=&#8221;42px&#8221; header_2_font=&#8221;Montserrat|300|||||||&#8221; header_2_font_size=&#8221;33px&#8221; global_colors_info=&#8221;{}&#8221;]<\/p>\n<h2>27. November 2023<\/h2>\n<p><em>Transnationales Projekttreffen in Paris (Frankreich)<\/em><\/p>\n<p>Dieses transnationale Treffen wurde am 27. November 2023 in Paris (Frankreich) im B\u00fcro des franz\u00f6sischen Partners und Koordinators Interactive 4D organisiert. Das Treffen diente haupts\u00e4chlich der \u00dcberpr\u00fcfung aller Projektergebnisse, der Multiplikatorenveranstaltungen und der Pilotversuche.<\/p>\n<p>[\/et_pb_text][\/et_pb_column][\/et_pb_row][et_pb_row column_structure=&#8221;2_5,3_5&#8243; _builder_version=&#8221;4.18.0&#8243; animation_style=&#8221;fade&#8221; global_colors_info=&#8221;{}&#8221;][et_pb_column type=&#8221;2_5&#8243; _builder_version=&#8221;4.16&#8243; custom_padding=&#8221;|||&#8221; global_colors_info=&#8221;{}&#8221; custom_padding__hover=&#8221;|||&#8221;][et_pb_image src=&#8221;https:\/\/game4coskills.eu\/wp-content\/uploads\/2024\/11\/PubMed.jpg&#8221; alt=&#8221;Videocall&#8221; title_text=&#8221;PubMed&#8221; force_fullwidth=&#8221;on&#8221; align_tablet=&#8221;center&#8221; align_phone=&#8221;&#8221; align_last_edited=&#8221;on|desktop&#8221; admin_label=&#8221;Image&#8221; _builder_version=&#8221;4.25.0&#8243; hover_enabled=&#8221;0&#8243; global_colors_info=&#8221;{}&#8221; sticky_enabled=&#8221;0&#8243;][\/et_pb_image][\/et_pb_column][et_pb_column type=&#8221;3_5&#8243; _builder_version=&#8221;4.16&#8243; custom_padding=&#8221;|||&#8221; global_colors_info=&#8221;{}&#8221; custom_padding__hover=&#8221;|||&#8221;][et_pb_text _builder_version=&#8221;4.25.0&#8243; header_font=&#8221;Montserrat|300|||||||&#8221; header_font_size=&#8221;42px&#8221; header_2_font=&#8221;Montserrat|300|||||||&#8221; header_2_font_size=&#8221;33px&#8221; hover_enabled=&#8221;0&#8243; global_colors_info=&#8221;{}&#8221; sticky_enabled=&#8221;0&#8243;]<\/p>\n<h2>November 2023<\/h2>\n<p><em>Ver\u00f6ffentlichung eines wissenschaftlichen Artikels\u00a0<\/em><\/p>\n<p>Ver\u00f6ffentlichung eines kollektiven wissenschaftlichen Artikels im Journal of Multidisciplinary Healthcare (DovePress) mit dem Titel <em>\u201eProtokoll zur Entwicklung und Bewertung einer nicht-pharmakologischen Intervention zur Verbesserung der kognitiven F\u00e4higkeiten von Erwachsenen mit geistiger Behinderung: Ein gemischtes Methodendesign\u201c<\/em>.<\/p>\n<p>Dieser Artikel beschreibt die Schritte eines Protokolls zur Entwicklung und Bewertung einer nicht-pharmakologischen Intervention, insbesondere eines Serious Games, mit dem Ziel, acht kognitive F\u00e4higkeiten bei Erwachsenen mit geistiger Behinderung zu verbessern.<\/p>\n<p><strong><a href=\"https:\/\/www.dovepress.com\/articles.php?article_id=87799\" target=\"_blank\" rel=\"noopener\">Klicken Sie hier<\/a><\/strong>, um diesen Artikel auf Dovepress zu lesen, oder <strong><a href=\"https:\/\/pubmed.ncbi.nlm.nih.gov\/37933262\" target=\"_blank\" rel=\"noopener\">hier<\/a><\/strong>, um es auf PubMed zu lesen.<\/p>\n<p>[\/et_pb_text][\/et_pb_column][\/et_pb_row][et_pb_row column_structure=&#8221;2_5,3_5&#8243; _builder_version=&#8221;4.18.0&#8243; animation_style=&#8221;fade&#8221; global_colors_info=&#8221;{}&#8221;][et_pb_column type=&#8221;2_5&#8243; _builder_version=&#8221;4.16&#8243; custom_padding=&#8221;|||&#8221; global_colors_info=&#8221;{}&#8221; custom_padding__hover=&#8221;|||&#8221;][et_pb_image src=&#8221;https:\/\/game4coskills.eu\/wp-content\/uploads\/2024\/03\/Game4CoSkills-in-Thessaloniki-1024&#215;764.jpg&#8221; alt=&#8221;Videocall&#8221; title_text=&#8221;Game4CoSkills in Thessaloniki&#8221; force_fullwidth=&#8221;on&#8221; align_tablet=&#8221;center&#8221; align_phone=&#8221;&#8221; align_last_edited=&#8221;on|desktop&#8221; admin_label=&#8221;Image&#8221; _builder_version=&#8221;4.18.0&#8243; global_colors_info=&#8221;{}&#8221;][\/et_pb_image][\/et_pb_column][et_pb_column type=&#8221;3_5&#8243; _builder_version=&#8221;4.16&#8243; custom_padding=&#8221;|||&#8221; global_colors_info=&#8221;{}&#8221; custom_padding__hover=&#8221;|||&#8221;][et_pb_text _builder_version=&#8221;4.18.0&#8243; header_font=&#8221;Montserrat|300|||||||&#8221; header_font_size=&#8221;42px&#8221; header_2_font=&#8221;Montserrat|300|||||||&#8221; header_2_font_size=&#8221;33px&#8221; global_colors_info=&#8221;{}&#8221;]<\/p>\n<h2>5. July 2023<\/h2>\n<p><em>Transnationales Projekttreffen in Thessaloniki (Griechenland)<\/em><\/p>\n<p>Dieses transnationale Treffen wurde am 5. Juli 2023 in Thessaloniki (Italien) im B\u00fcro des griechischen Partners Alzheimer Hellas organisiert. Das Treffen war haupts\u00e4chlich der \u00dcberpr\u00fcfung der Projektergebnisse R1 (Entwicklung von kognitiven F\u00e4higkeiten und Lehrszenarien), R2 (Game4CoSkills-Spiel) und R3 (Toolkit f\u00fcr Ausbilder) gewidmet.<\/p>\n<p>[\/et_pb_text][\/et_pb_column][\/et_pb_row][et_pb_row column_structure=&#8221;2_5,3_5&#8243; _builder_version=&#8221;4.18.0&#8243; animation_style=&#8221;fade&#8221; global_colors_info=&#8221;{}&#8221;][et_pb_column type=&#8221;2_5&#8243; _builder_version=&#8221;4.16&#8243; custom_padding=&#8221;|||&#8221; global_colors_info=&#8221;{}&#8221; custom_padding__hover=&#8221;|||&#8221;][et_pb_image src=&#8221;https:\/\/game4coskills.eu\/wp-content\/uploads\/2024\/03\/Games4CoSkills-in-Potenza.jpg&#8221; alt=&#8221;Videocall&#8221; title_text=&#8221;Games4CoSkills in Potenza&#8221; force_fullwidth=&#8221;on&#8221; align_tablet=&#8221;center&#8221; align_phone=&#8221;&#8221; align_last_edited=&#8221;on|desktop&#8221; admin_label=&#8221;Image&#8221; _builder_version=&#8221;4.18.0&#8243; global_colors_info=&#8221;{}&#8221;][\/et_pb_image][\/et_pb_column][et_pb_column type=&#8221;3_5&#8243; _builder_version=&#8221;4.16&#8243; custom_padding=&#8221;|||&#8221; global_colors_info=&#8221;{}&#8221; custom_padding__hover=&#8221;|||&#8221;][et_pb_text _builder_version=&#8221;4.18.0&#8243; header_font=&#8221;Montserrat|300|||||||&#8221; header_font_size=&#8221;42px&#8221; header_2_font=&#8221;Montserrat|300|||||||&#8221; header_2_font_size=&#8221;33px&#8221; global_colors_info=&#8221;{}&#8221;]<\/p>\n<h2>5. Januar 2023<\/h2>\n<p><em>Transnationales Projekttreffen in Potenza (Italien)<\/em><\/p>\n<p>Dieses transnationale Treffen wurde am 5. Januar 2023 in Potenza (Italien) im B\u00fcro des italienischen Partners Euro-Net organisiert. Das Treffen war haupts\u00e4chlich der Feinabstimmung des Szenarios der 8 Kategorien von Minispielen (Farbe, Ged\u00e4chtnis, Mathematik, Genauigkeit, Logik, Geschicklichkeit, Multitasking, Aufmerksamkeit f\u00fcr Details) und der Struktur der Spielplattform gewidmet.<\/p>\n<p>[\/et_pb_text][\/et_pb_column][\/et_pb_row][et_pb_row column_structure=&#8221;2_5,3_5&#8243; _builder_version=&#8221;4.18.0&#8243; animation_style=&#8221;fade&#8221; global_colors_info=&#8221;{}&#8221;][et_pb_column type=&#8221;2_5&#8243; _builder_version=&#8221;4.16&#8243; custom_padding=&#8221;|||&#8221; global_colors_info=&#8221;{}&#8221; custom_padding__hover=&#8221;|||&#8221;][et_pb_image src=&#8221;https:\/\/game4coskills.eu\/wp-content\/uploads\/2024\/03\/image.png&#8221; alt=&#8221;Videocall&#8221; title_text=&#8221;image&#8221; force_fullwidth=&#8221;on&#8221; align_tablet=&#8221;center&#8221; align_phone=&#8221;&#8221; align_last_edited=&#8221;on|desktop&#8221; admin_label=&#8221;Image&#8221; _builder_version=&#8221;4.18.0&#8243; global_colors_info=&#8221;{}&#8221;][\/et_pb_image][\/et_pb_column][et_pb_column type=&#8221;3_5&#8243; _builder_version=&#8221;4.16&#8243; custom_padding=&#8221;|||&#8221; global_colors_info=&#8221;{}&#8221; custom_padding__hover=&#8221;|||&#8221;][et_pb_text _builder_version=&#8221;4.18.0&#8243; header_font=&#8221;Montserrat|300|||||||&#8221; header_font_size=&#8221;42px&#8221; header_2_font=&#8221;Montserrat|300|||||||&#8221; header_2_font_size=&#8221;33px&#8221; global_colors_info=&#8221;{}&#8221;]<\/p>\n<h2>6. Januar 2022<\/h2>\n<p><em>Kick-Off-Treffen<\/em><\/p>\n<p>Die Auftaktsitzung zum Projekt fand am 6. Januar 2022 statt und wurde aufgrund der Beschr\u00e4nkungen von Covid- 19 virtuell online abgehalten.<\/p>\n<p>Die Partner stellten sich und ihre Organisationen vor und begannen eine Diskussion \u00fcber die Projektentwicklung und die Projektergebnisse.<\/p>\n<p>Die Partner einigten sich auf die n\u00e4chsten Schritte und Ma\u00dfnahmen, die zu ergreifen sind.<\/p>\n<p>[\/et_pb_text][\/et_pb_column][\/et_pb_row][\/et_pb_section]<\/p>\n","protected":false},"excerpt":{"rendered":"<p>28-29. November 2023 Multiplikatorenveranstaltung in Paris (Frankreich) Im Anschluss an das am Vortag organisierte transnationale Treffen nahmen Interactive 4D und mehrere Partner an einer gro\u00dfen Fachveranstaltung f\u00fcr Pflegekr\u00e4fte teil, die am 28. und 29. November 2023 in Paris stattfand: Salon des services \u00e0 la personne et de l&#8217;emploi \u00e0 domicile \/ Silver Economy Expo. Interactive [&hellip;]<\/p>\n","protected":false},"author":4,"featured_media":0,"parent":0,"menu_order":0,"comment_status":"closed","ping_status":"closed","template":"","meta":{"_et_pb_use_builder":"on","_et_pb_old_content":"","_et_gb_content_width":"","footnotes":""},"_links":{"self":[{"href":"https:\/\/game4coskills.eu\/de\/wp-json\/wp\/v2\/pages\/6602"}],"collection":[{"href":"https:\/\/game4coskills.eu\/de\/wp-json\/wp\/v2\/pages"}],"about":[{"href":"https:\/\/game4coskills.eu\/de\/wp-json\/wp\/v2\/types\/page"}],"author":[{"embeddable":true,"href":"https:\/\/game4coskills.eu\/de\/wp-json\/wp\/v2\/users\/4"}],"replies":[{"embeddable":true,"href":"https:\/\/game4coskills.eu\/de\/wp-json\/wp\/v2\/comments?post=6602"}],"version-history":[{"count":4,"href":"https:\/\/game4coskills.eu\/de\/wp-json\/wp\/v2\/pages\/6602\/revisions"}],"predecessor-version":[{"id":6936,"href":"https:\/\/game4coskills.eu\/de\/wp-json\/wp\/v2\/pages\/6602\/revisions\/6936"}],"wp:attachment":[{"href":"https:\/\/game4coskills.eu\/de\/wp-json\/wp\/v2\/media?parent=6602"}],"curies":[{"name":"wp","href":"https:\/\/api.w.org\/{rel}","templated":true}]}}