{"id":6584,"date":"2024-04-01T14:35:14","date_gmt":"2024-04-01T14:35:14","guid":{"rendered":"https:\/\/t-game.store\/ergebnisse\/"},"modified":"2024-04-15T06:09:40","modified_gmt":"2024-04-15T06:09:40","slug":"ergebnisse","status":"publish","type":"page","link":"https:\/\/game4coskills.eu\/de\/ergebnisse\/","title":{"rendered":"Ergebnisse"},"content":{"rendered":"<p>[et_pb_section fb_built=&#8221;1&#8243; _builder_version=&#8221;4.17.4&#8243; _module_preset=&#8221;default&#8221; background_color=&#8221;#f2f2f2&#8243; module_alignment=&#8221;center&#8221; height=&#8221;50px&#8221; max_height=&#8221;50px&#8221; custom_padding=&#8221;10px||10px||false|false&#8221; locked=&#8221;off&#8221; global_colors_info=&#8221;{}&#8221;][et_pb_row _builder_version=&#8221;4.17.4&#8243; _module_preset=&#8221;default&#8221; width=&#8221;100%&#8221; module_alignment=&#8221;right&#8221; height=&#8221;45px&#8221; max_height=&#8221;45px&#8221; custom_margin=&#8221;-7px||||false|false&#8221; custom_padding=&#8221;5px||5px||false|false&#8221; global_colors_info=&#8221;{}&#8221;][et_pb_column type=&#8221;4_4&#8243; _builder_version=&#8221;4.17.4&#8243; _module_preset=&#8221;default&#8221; global_colors_info=&#8221;{}&#8221;]<\/p>\n<p>[et_pb_social_media_follow _builder_version=&#8221;4.18.0&#8243; _module_preset=&#8221;default&#8221; text_orientation=&#8221;right&#8221; width=&#8221;100%&#8221; custom_margin=&#8221;2px||||false|false&#8221; custom_padding=&#8221;|50px|||false|false&#8221; global_colors_info=&#8221;{}&#8221;][et_pb_social_media_follow_network social_network=&#8221;facebook&#8221; url=&#8221;https:\/\/www.facebook.com\/Game4CoSkills&#8221; _builder_version=&#8221;4.18.0&#8243; _module_preset=&#8221;default&#8221; background_color=&#8221;#3b5998&#8243; global_colors_info=&#8221;{}&#8221; follow_button=&#8221;off&#8221; url_new_window=&#8221;on&#8221;]facebook[\/et_pb_social_media_follow_network][\/et_pb_social_media_follow]<\/p>\n<p>[\/et_pb_column][\/et_pb_row][\/et_pb_section][et_pb_section fb_built=&#8221;1&#8243; fullwidth=&#8221;on&#8221; _builder_version=&#8221;4.18.0&#8243; background_color=&#8221;rgba(0,0,0,0.56)&#8221; background_image=&#8221;https:\/\/game4coskills.eu\/wp-content\/uploads\/2024\/03\/Tablet2-scaled.jpg&#8221; saved_tabs=&#8221;all&#8221; global_colors_info=&#8221;{}&#8221;][et_pb_fullwidth_header title=&#8221;WHAT IS THE GAME4COSKILLS PROJECT?&#8221; header_fullscreen=&#8221;on&#8221; _builder_version=&#8221;4.18.0&#8243; title_font=&#8221;Montserrat|300|||||||&#8221; title_font_size=&#8221;42px&#8221; title_line_height=&#8221;1.3em&#8221; content_font=&#8221;||||||||&#8221; content_font_size=&#8221;16px&#8221; background_color=&#8221;rgba(0,0,0,0.52)&#8221; title_font_size_tablet=&#8221;50px&#8221; title_font_size_phone=&#8221;40px&#8221; title_font_size_last_edited=&#8221;on|phone&#8221; global_colors_info=&#8221;{}&#8221;]<\/p>\n<p>Das Projekt Game4CoSkills zielt darauf ab, ein digitales Spiel f\u00fcr <strong>die Entwicklung kognitiver F\u00e4higkeiten<\/strong> und die Vermittlung von Konzepten f\u00fcr Erwachsene mit geistigen Behinderungen zu entwickeln, das einzeln oder in Gruppen genutzt werden kann.<\/p>\n<p>[\/et_pb_fullwidth_header][\/et_pb_section][et_pb_section fb_built=&#8221;1&#8243; admin_label=&#8221;Services&#8221; _builder_version=&#8221;4.16&#8243; background_size=&#8221;initial&#8221; custom_margin=&#8221;|40px||40px||true&#8221; custom_margin_tablet=&#8221;&#8221; custom_margin_phone=&#8221;|10px||10px||true&#8221; custom_margin_last_edited=&#8221;on|desktop&#8221; bottom_divider_height=&#8221;33vw&#8221; bottom_divider_repeat=&#8221;0.6x&#8221; bottom_divider_flip=&#8221;vertical|horizontal&#8221; bottom_divider_arrangement=&#8221;above_content&#8221; global_colors_info=&#8221;{}&#8221;][et_pb_row column_structure=&#8221;1_4,3_4&#8243; _builder_version=&#8221;4.16&#8243; custom_padding=&#8221;50px|0px|0|0px|false|false&#8221; global_colors_info=&#8221;{}&#8221;][et_pb_column type=&#8221;1_4&#8243; _builder_version=&#8221;4.16&#8243; custom_padding=&#8221;|||&#8221; global_colors_info=&#8221;{}&#8221; custom_padding__hover=&#8221;|||&#8221;][\/et_pb_column][et_pb_column type=&#8221;3_4&#8243; _builder_version=&#8221;4.16&#8243; custom_padding=&#8221;|||&#8221; global_colors_info=&#8221;{}&#8221; custom_padding__hover=&#8221;|||&#8221;][et_pb_text _builder_version=&#8221;4.16&#8243; text_font=&#8221;||||||||&#8221; text_font_size=&#8221;13px&#8221; text_line_height=&#8221;2em&#8221; header_font=&#8221;Montserrat|300|||||||&#8221; header_2_font=&#8221;Montserrat|300|||||||&#8221; header_2_font_size=&#8221;23px&#8221; header_4_font=&#8221;Montserrat|500||on|||||&#8221; header_4_text_color=&#8221;#ef6f49&#8243; header_4_font_size=&#8221;11px&#8221; header_4_letter_spacing=&#8221;3px&#8221; text_orientation=&#8221;justified&#8221; max_width=&#8221;700px&#8221; module_alignment=&#8221;center&#8221; header_2_font_size_tablet=&#8221;32px&#8221; header_2_font_size_phone=&#8221;24px&#8221; header_2_font_size_last_edited=&#8221;on|phone&#8221; locked=&#8221;off&#8221; global_colors_info=&#8221;{}&#8221;]<\/p>\n<h1 style=\"text-align: center;\">ERGEBNISSE<\/h1>\n<p>[\/et_pb_text][\/et_pb_column][\/et_pb_row][et_pb_row column_structure=&#8221;1_4,3_4&#8243; _builder_version=&#8221;4.16&#8243; custom_padding=&#8221;13px|0px|20px|0px|false|false&#8221; global_colors_info=&#8221;{}&#8221;][et_pb_column type=&#8221;1_4&#8243; _builder_version=&#8221;4.16&#8243; custom_padding=&#8221;|||&#8221; global_colors_info=&#8221;{}&#8221; custom_padding__hover=&#8221;|||&#8221;][\/et_pb_column][et_pb_column type=&#8221;3_4&#8243; _builder_version=&#8221;4.16&#8243; custom_padding=&#8221;|||&#8221; global_colors_info=&#8221;{}&#8221; custom_padding__hover=&#8221;|||&#8221;][et_pb_text _builder_version=&#8221;4.24.2&#8243; text_font=&#8221;||||||||&#8221; text_line_height=&#8221;2em&#8221; global_colors_info=&#8221;{}&#8221;]<\/p>\n<p style=\"text-align: left;\"><strong>Das Game4CoSkills Projekt ist in 4 Hauptergebnisse unterteilt, die als Projektergebnisse (PR) bezeichnet werden, mit spezifischen Aktivit\u00e4ten und Aufgaben.<\/strong><\/p>\n<p>[\/et_pb_text][\/et_pb_column][\/et_pb_row][et_pb_row column_structure=&#8221;1_4,3_4&#8243; _builder_version=&#8221;4.17.4&#8243; custom_padding=&#8221;0|0px|0|0px|false|false&#8221; animation_style=&#8221;fade&#8221; locked=&#8221;off&#8221; global_colors_info=&#8221;{}&#8221;][et_pb_column type=&#8221;1_4&#8243; _builder_version=&#8221;4.16&#8243; custom_padding=&#8221;|||&#8221; global_colors_info=&#8221;{}&#8221; custom_padding__hover=&#8221;|||&#8221;][et_pb_image src=&#8221;https:\/\/game4coskills.eu\/wp-content\/uploads\/2024\/03\/Persons1.jpg&#8221; alt=&#8221;help for seniors&#8221; title_text=&#8221;Persons1&#8243; align_tablet=&#8221;center&#8221; align_phone=&#8221;&#8221; align_last_edited=&#8221;on|desktop&#8221; _builder_version=&#8221;4.18.0&#8243; max_width=&#8221;100%&#8221; module_alignment=&#8221;center&#8221; custom_padding=&#8221;0px||&#8221; custom_padding_tablet=&#8221;&#8221; custom_padding_phone=&#8221;&#8221; custom_padding_last_edited=&#8221;on|desktop&#8221; box_shadow_style=&#8221;preset4&#8243; global_colors_info=&#8221;{}&#8221;][\/et_pb_image][\/et_pb_column][et_pb_column type=&#8221;3_4&#8243; _builder_version=&#8221;4.16&#8243; custom_padding=&#8221;|||&#8221; global_colors_info=&#8221;{}&#8221; custom_padding__hover=&#8221;|||&#8221;][et_pb_text _builder_version=&#8221;4.24.2&#8243; text_font=&#8221;||||||||&#8221; text_line_height=&#8221;2em&#8221; header_font=&#8221;||||||||&#8221; header_2_font=&#8221;Montserrat|300|||||||&#8221; header_2_text_align=&#8221;left&#8221; header_2_font_size=&#8221;23px&#8221; header_4_font=&#8221;Montserrat|500||on|||||&#8221; header_4_text_color=&#8221;#ef6f49&#8243; header_4_font_size=&#8221;11px&#8221; header_4_letter_spacing=&#8221;3px&#8221; header_2_font_size_tablet=&#8221;32px&#8221; header_2_font_size_phone=&#8221;24px&#8221; header_2_font_size_last_edited=&#8221;on|phone&#8221; global_colors_info=&#8221;{}&#8221;]<\/p>\n<div style=\"text-align: justify;\">\n<h2><strong>PR1 &#8211; Entwicklung von kognitiven F\u00e4higkeiten und Unterrichtsszenarien f\u00fcr Konzepte<\/strong><\/h2>\n<p>Der Hauptzweck der &#8220;Szenarien zur Entwicklung kognitiver F\u00e4higkeiten und zur Vermittlung von Konzepten&#8221; besteht darin, die Merkmale der Zielnutzer, die Lernbed\u00fcrfnisse und die erreichbaren Lernziele zu erkennen. Es enth\u00e4lt Lernziele und Trainingsschemata f\u00fcr die Entwicklung kognitiver F\u00e4higkeiten und Szenarien f\u00fcr den Konzeptunterricht. Das Ergebnis basiert auf einer Untersuchung, die bei Ausbildern von Erwachsenen mit geistigen Behinderungen in jedem Partnerland durchgef\u00fchrt wurde, einem nationalen Bericht \u00fcber die Ergebnisse der genannten Untersuchung und der anschlie\u00dfenden Definition der anwendbaren Unterrichtsszenarien.<\/p>\n<p>Klicken Sie hier<\/a><\/strong>, um den PR1-Bericht zu lesen.<\/p>\n<p>&nbsp;<\/p>\n<\/div>\n<p>[\/et_pb_text][\/et_pb_column][\/et_pb_row][et_pb_row column_structure=&#8221;1_4,3_4&#8243; _builder_version=&#8221;4.17.4&#8243; custom_padding=&#8221;51px|0px|0|0px|false|false&#8221; animation_style=&#8221;fade&#8221; locked=&#8221;off&#8221; global_colors_info=&#8221;{}&#8221;][et_pb_column type=&#8221;1_4&#8243; _builder_version=&#8221;4.16&#8243; custom_padding=&#8221;|||&#8221; global_colors_info=&#8221;{}&#8221; custom_padding__hover=&#8221;|||&#8221;][et_pb_image src=&#8221;https:\/\/game4coskills.eu\/wp-content\/uploads\/2024\/03\/Game4CoSkills1.png&#8221; alt=&#8221;senior woman formation&#8221; title_text=&#8221;Game4CoSkills1&#8243; align_tablet=&#8221;center&#8221; align_phone=&#8221;&#8221; align_last_edited=&#8221;on|desktop&#8221; _builder_version=&#8221;4.18.0&#8243; max_width=&#8221;100%&#8221; module_alignment=&#8221;center&#8221; custom_padding=&#8221;0px||&#8221; custom_padding_tablet=&#8221;&#8221; custom_padding_phone=&#8221;&#8221; custom_padding_last_edited=&#8221;on|desktop&#8221; box_shadow_style=&#8221;preset4&#8243; global_colors_info=&#8221;{}&#8221;][\/et_pb_image][\/et_pb_column][et_pb_column type=&#8221;3_4&#8243; _builder_version=&#8221;4.16&#8243; custom_padding=&#8221;|||&#8221; global_colors_info=&#8221;{}&#8221; custom_padding__hover=&#8221;|||&#8221;][et_pb_text _builder_version=&#8221;4.18.0&#8243; text_font=&#8221;||||||||&#8221; text_line_height=&#8221;2em&#8221; header_font=&#8221;||||||||&#8221; header_2_font=&#8221;Montserrat|300|||||||&#8221; header_2_text_align=&#8221;left&#8221; header_2_font_size=&#8221;23px&#8221; header_4_font=&#8221;Montserrat|500||on|||||&#8221; header_4_text_color=&#8221;#ef6f49&#8243; header_4_font_size=&#8221;11px&#8221; header_4_letter_spacing=&#8221;3px&#8221; header_2_font_size_tablet=&#8221;32px&#8221; header_2_font_size_phone=&#8221;24px&#8221; header_2_font_size_last_edited=&#8221;on|phone&#8221; global_colors_info=&#8221;{}&#8221;]<\/p>\n<div style=\"text-align: justify;\">\n<h2><strong>PR2 &#8211; Mobiles Spiel zur Entwicklung kognitiver F\u00e4higkeiten und zur Vermittlung von Konzepten<\/strong><\/h2>\n<p>Der Hauptzweck des &#8220;Handyspiels f\u00fcr die Entwicklung kognitiver F\u00e4higkeiten und die Vermittlung von Konzepten&#8221; besteht darin, geeignete kategorisierte Handyspiele f\u00fcr die Bereiche Farbe, Ged\u00e4chtnis, Mathematik, Genauigkeit, Logik, Geschicklichkeit, Multitasking und Aufmerksamkeit f\u00fcr Details auszuw\u00e4hlen und zu verbessern.<\/p>\n<p>Wenn Sie mit einem Computer (PC oder MAC) arbeiten, klicken Sie hier, um die Spieleplattform in Ihrem Browser aufzurufen:\u00a0<strong><a href=\"https:\/\/game4co.eu\" target=\"_blank\" rel=\"noopener\">https:\/\/game4co.eu<\/a><\/strong><\/p>\n<p>Wenn Sie mit einem Smartphone oder Tablet arbeiten: Klicken Sie hier, um die Spieleplattform von <strong><a href=\"https:\/\/play.google.com\/store\/apps\/details?id=com.Interactive4D.g4cs\" target=\"_blank\" rel=\"noopener\">Google Play<\/a><\/strong> oder dem <strong><a href=\"https:\/\/apps.apple.com\/fr\/app\/game4coskills\/id6471690424\" target=\"_blank\" rel=\"noopener\">App Store<\/a><\/strong>\u00a0herunterzuladen.<\/p>\n<\/div>\n<p>[\/et_pb_text][et_pb_text _builder_version=&#8221;4.24.2&#8243; text_font=&#8221;||||||||&#8221; text_line_height=&#8221;2em&#8221; header_font=&#8221;||||||||&#8221; header_2_font=&#8221;Montserrat|300|||||||&#8221; header_2_text_align=&#8221;left&#8221; header_2_font_size=&#8221;23px&#8221; header_4_font=&#8221;Montserrat|500||on|||||&#8221; header_4_text_color=&#8221;#ef6f49&#8243; header_4_font_size=&#8221;11px&#8221; header_4_letter_spacing=&#8221;3px&#8221; hover_enabled=&#8221;0&#8243; header_2_font_size_tablet=&#8221;32px&#8221; header_2_font_size_phone=&#8221;24px&#8221; header_2_font_size_last_edited=&#8221;on|phone&#8221; global_colors_info=&#8221;{}&#8221; sticky_enabled=&#8221;0&#8243;]<\/p>\n<p><iframe loading=\"lazy\" title=\"Game4CoSkills-Presentation of the game (in English)\" width=\"1080\" height=\"608\" src=\"https:\/\/www.youtube.com\/embed\/_A_xSsBjsZI?feature=oembed\"  allow=\"accelerometer; autoplay; clipboard-write; encrypted-media; gyroscope; picture-in-picture; web-share\" referrerpolicy=\"strict-origin-when-cross-origin\" allowfullscreen><\/iframe><\/p>\n<p>[\/et_pb_text][\/et_pb_column][\/et_pb_row][et_pb_row column_structure=&#8221;1_4,3_4&#8243; _builder_version=&#8221;4.17.4&#8243; custom_padding=&#8221;50px|0px|0|0px|false|false&#8221; animation_style=&#8221;fade&#8221; locked=&#8221;off&#8221; global_colors_info=&#8221;{}&#8221;][et_pb_column type=&#8221;1_4&#8243; _builder_version=&#8221;4.16&#8243; custom_padding=&#8221;|||&#8221; global_colors_info=&#8221;{}&#8221; custom_padding__hover=&#8221;|||&#8221;][et_pb_image src=&#8221;https:\/\/game4coskills.eu\/wp-content\/uploads\/2022\/06\/resultsPage.jpg&#8221; alt=&#8221;formation senior&#8221; title_text=&#8221;resultsPage&#8221; align_tablet=&#8221;center&#8221; align_phone=&#8221;&#8221; align_last_edited=&#8221;on|desktop&#8221; _builder_version=&#8221;4.18.0&#8243; max_width=&#8221;100%&#8221; module_alignment=&#8221;center&#8221; custom_padding=&#8221;0px||&#8221; custom_padding_tablet=&#8221;&#8221; custom_padding_phone=&#8221;&#8221; custom_padding_last_edited=&#8221;on|desktop&#8221; box_shadow_style=&#8221;preset4&#8243; global_colors_info=&#8221;{}&#8221;][\/et_pb_image][\/et_pb_column][et_pb_column type=&#8221;3_4&#8243; _builder_version=&#8221;4.16&#8243; custom_padding=&#8221;|||&#8221; global_colors_info=&#8221;{}&#8221; custom_padding__hover=&#8221;|||&#8221;][et_pb_text _builder_version=&#8221;4.24.2&#8243; text_font=&#8221;||||||||&#8221; text_line_height=&#8221;2em&#8221; header_font=&#8221;||||||||&#8221; header_2_font=&#8221;Montserrat|300|||||||&#8221; header_2_text_align=&#8221;left&#8221; header_2_font_size=&#8221;23px&#8221; header_4_font=&#8221;Montserrat|500||on|||||&#8221; header_4_text_color=&#8221;#ef6f49&#8243; header_4_font_size=&#8221;11px&#8221; header_4_letter_spacing=&#8221;3px&#8221; header_2_font_size_tablet=&#8221;32px&#8221; header_2_font_size_phone=&#8221;24px&#8221; header_2_font_size_last_edited=&#8221;on|phone&#8221; global_colors_info=&#8221;{}&#8221;]<\/p>\n<div style=\"text-align: justify;\">\n<h2><strong>PR3 &#8211; Toolkit f\u00fcr Ausbilder<\/strong><\/h2>\n<p>Die wesentlichen Ziele des &#8220;Trainers&#8217; toolkit&#8221; sind:<\/p>\n<ul>\n<li>Beschreibung der Anforderungen, Szenarien, Lehrmethoden, Trainingsbed\u00fcrfnisse, Ziele und Methoden.<\/li>\n<li>Entwicklung eines Beurteilungsinstruments f\u00fcr Ausbilder zur Durchf\u00fchrung von Vor- und Nachtests, um die Fortschritte von Erwachsenen mit geistiger Behinderung bei der Entwicklung kognitiver F\u00e4higkeiten und beim Konzeptlernen zu verfolgen.<\/li>\n<\/ul>\n<\/div>\n<p>[\/et_pb_text][et_pb_text _builder_version=&#8221;4.24.2&#8243; text_font=&#8221;||||||||&#8221; text_line_height=&#8221;2em&#8221; header_font=&#8221;||||||||&#8221; header_2_font=&#8221;Montserrat|300|||||||&#8221; header_2_text_align=&#8221;left&#8221; header_2_font_size=&#8221;23px&#8221; header_4_font=&#8221;Montserrat|500||on|||||&#8221; header_4_text_color=&#8221;#ef6f49&#8243; header_4_font_size=&#8221;11px&#8221; header_4_letter_spacing=&#8221;3px&#8221; hover_enabled=&#8221;0&#8243; header_2_font_size_tablet=&#8221;32px&#8221; header_2_font_size_phone=&#8221;24px&#8221; header_2_font_size_last_edited=&#8221;on|phone&#8221; global_colors_info=&#8221;{}&#8221; sticky_enabled=&#8221;0&#8243;]<\/p>\n<p><iframe loading=\"lazy\" title=\"Game 4 CoSkills Trainer&#039;s Toolkit\" width=\"1080\" height=\"608\" src=\"https:\/\/www.youtube.com\/embed\/7ZVVwM5hB1s?feature=oembed\"  allow=\"accelerometer; autoplay; clipboard-write; encrypted-media; gyroscope; picture-in-picture; web-share\" referrerpolicy=\"strict-origin-when-cross-origin\" allowfullscreen><\/iframe><\/p>\n<p>&nbsp;<\/p>\n<p>&nbsp;<\/p>\n<p>[\/et_pb_text][\/et_pb_column][\/et_pb_row][et_pb_row column_structure=&#8221;1_4,3_4&#8243; _builder_version=&#8221;4.17.4&#8243; custom_padding=&#8221;50px|0px|0|0px|false|false&#8221; animation_style=&#8221;fade&#8221; locked=&#8221;off&#8221; global_colors_info=&#8221;{}&#8221;][et_pb_column type=&#8221;1_4&#8243; _builder_version=&#8221;4.16&#8243; custom_padding=&#8221;|||&#8221; global_colors_info=&#8221;{}&#8221; custom_padding__hover=&#8221;|||&#8221;][et_pb_image src=&#8221;https:\/\/game4coskills.eu\/wp-content\/uploads\/2024\/03\/Report.jpg&#8221; alt=&#8221;Discussion outline&#8221; title_text=&#8221;Report&#8221; align_tablet=&#8221;center&#8221; align_phone=&#8221;&#8221; align_last_edited=&#8221;on|desktop&#8221; _builder_version=&#8221;4.18.0&#8243; max_width=&#8221;100%&#8221; module_alignment=&#8221;center&#8221; custom_padding=&#8221;0px||&#8221; custom_padding_tablet=&#8221;&#8221; custom_padding_phone=&#8221;&#8221; custom_padding_last_edited=&#8221;on|desktop&#8221; box_shadow_style=&#8221;preset4&#8243; global_colors_info=&#8221;{}&#8221;][\/et_pb_image][\/et_pb_column][et_pb_column type=&#8221;3_4&#8243; _builder_version=&#8221;4.16&#8243; custom_padding=&#8221;|||&#8221; global_colors_info=&#8221;{}&#8221; custom_padding__hover=&#8221;|||&#8221;][et_pb_text _builder_version=&#8221;4.24.2&#8243; text_font=&#8221;||||||||&#8221; text_line_height=&#8221;2em&#8221; header_font=&#8221;||||||||&#8221; header_2_font=&#8221;Montserrat|300|||||||&#8221; header_2_text_align=&#8221;left&#8221; header_2_font_size=&#8221;23px&#8221; header_4_font=&#8221;Montserrat|500||on|||||&#8221; header_4_text_color=&#8221;#ef6f49&#8243; header_4_font_size=&#8221;11px&#8221; header_4_letter_spacing=&#8221;3px&#8221; header_2_font_size_tablet=&#8221;32px&#8221; header_2_font_size_phone=&#8221;24px&#8221; header_2_font_size_last_edited=&#8221;on|phone&#8221; global_colors_info=&#8221;{}&#8221;]<\/p>\n<div style=\"text-align: justify;\">\n<h2><strong>PR4 &#8211; Bericht mit politischen Empfehlungen<\/strong><\/h2>\n<p>Der Hauptzweck des &#8220;Policy Recommendation Report&#8221; besteht darin, eine pr\u00e4gnante Zusammenfassung von Informationen zu pr\u00e4sentieren, die dem Leser helfen k\u00f6nnen, den Erfolg der Projektaktivit\u00e4ten zu verstehen und Schlussfolgerungen und Empfehlungen zur Regierungspolitik f\u00fcr die innovativen Lehrmethoden des kognitiven und konzeptionellen Unterrichts f\u00fcr Menschen mit geistiger Behinderung zu geben.<\/p>\n<\/div>\n<p>[\/et_pb_text][\/et_pb_column][\/et_pb_row][\/et_pb_section]<\/p>\n","protected":false},"excerpt":{"rendered":"<p>Das Projekt Game4CoSkills zielt darauf ab, ein digitales Spiel f\u00fcr die Entwicklung kognitiver F\u00e4higkeiten und die Vermittlung von Konzepten f\u00fcr Erwachsene mit geistigen Behinderungen zu entwickeln, das einzeln oder in Gruppen genutzt werden kann.ERGEBNISSEDas Game4CoSkills Projekt ist in 4 Hauptergebnisse unterteilt, die als Projektergebnisse (PR) bezeichnet werden, mit spezifischen Aktivit\u00e4ten und Aufgaben. PR1 &#8211; Entwicklung [&hellip;]<\/p>\n","protected":false},"author":4,"featured_media":0,"parent":0,"menu_order":0,"comment_status":"closed","ping_status":"closed","template":"","meta":{"_et_pb_use_builder":"on","_et_pb_old_content":"","_et_gb_content_width":"","footnotes":""},"_links":{"self":[{"href":"https:\/\/game4coskills.eu\/de\/wp-json\/wp\/v2\/pages\/6584"}],"collection":[{"href":"https:\/\/game4coskills.eu\/de\/wp-json\/wp\/v2\/pages"}],"about":[{"href":"https:\/\/game4coskills.eu\/de\/wp-json\/wp\/v2\/types\/page"}],"author":[{"embeddable":true,"href":"https:\/\/game4coskills.eu\/de\/wp-json\/wp\/v2\/users\/4"}],"replies":[{"embeddable":true,"href":"https:\/\/game4coskills.eu\/de\/wp-json\/wp\/v2\/comments?post=6584"}],"version-history":[{"count":14,"href":"https:\/\/game4coskills.eu\/de\/wp-json\/wp\/v2\/pages\/6584\/revisions"}],"predecessor-version":[{"id":6795,"href":"https:\/\/game4coskills.eu\/de\/wp-json\/wp\/v2\/pages\/6584\/revisions\/6795"}],"wp:attachment":[{"href":"https:\/\/game4coskills.eu\/de\/wp-json\/wp\/v2\/media?parent=6584"}],"curies":[{"name":"wp","href":"https:\/\/api.w.org\/{rel}","templated":true}]}}