{"id":6558,"date":"2024-04-01T13:24:38","date_gmt":"2024-04-01T13:24:38","guid":{"rendered":"https:\/\/t-game.store\/start\/"},"modified":"2024-04-15T18:00:39","modified_gmt":"2024-04-15T18:00:39","slug":"start","status":"publish","type":"page","link":"https:\/\/game4coskills.eu\/de\/","title":{"rendered":"Start"},"content":{"rendered":"<p>[et_pb_section fb_built=&#8221;1&#8243; _builder_version=&#8221;4.17.4&#8243; _module_preset=&#8221;default&#8221; background_color=&#8221;#f2f2f2&#8243; module_alignment=&#8221;center&#8221; height=&#8221;50px&#8221; max_height=&#8221;50px&#8221; custom_padding=&#8221;10px||10px||false|false&#8221; global_colors_info=&#8221;{}&#8221;][et_pb_row _builder_version=&#8221;4.17.4&#8243; _module_preset=&#8221;default&#8221; width=&#8221;100%&#8221; module_alignment=&#8221;right&#8221; height=&#8221;45px&#8221; max_height=&#8221;45px&#8221; custom_margin=&#8221;-7px||||false|false&#8221; custom_padding=&#8221;5px||5px||false|false&#8221; global_colors_info=&#8221;{}&#8221;][et_pb_column type=&#8221;4_4&#8243; _builder_version=&#8221;4.17.4&#8243; _module_preset=&#8221;default&#8221; global_colors_info=&#8221;{}&#8221;][et_pb_social_media_follow _builder_version=&#8221;4.18.0&#8243; _module_preset=&#8221;default&#8221; text_orientation=&#8221;right&#8221; width=&#8221;100%&#8221; custom_margin=&#8221;2px||||false|false&#8221; custom_padding=&#8221;|50px|||false|false&#8221; global_colors_info=&#8221;{}&#8221;][et_pb_social_media_follow_network social_network=&#8221;facebook&#8221; url=&#8221;https:\/\/www.facebook.com\/Game4CoSkills&#8221; _builder_version=&#8221;4.18.0&#8243; _module_preset=&#8221;default&#8221; background_color=&#8221;#3b5998&#8243; global_colors_info=&#8221;{}&#8221; follow_button=&#8221;off&#8221; url_new_window=&#8221;on&#8221;]facebook[\/et_pb_social_media_follow_network][\/et_pb_social_media_follow][\/et_pb_column][\/et_pb_row][\/et_pb_section][et_pb_section fb_built=&#8221;1&#8243; fullwidth=&#8221;on&#8221; _builder_version=&#8221;4.18.0&#8243; background_color=&#8221;rgba(0,0,0,0.56)&#8221; background_image=&#8221;https:\/\/game4coskills.eu\/wp-content\/uploads\/2024\/03\/Persons1.jpg&#8221; parallax=&#8221;on&#8221; background_blend=&#8221;overlay&#8221; global_colors_info=&#8221;{}&#8221;][et_pb_fullwidth_header title=&#8221;Game4CoSkills&#8221; header_fullscreen=&#8221;on&#8221; button_one_url=&#8221;https:\/\/play.google.com\/store\/apps\/details?id=com.Interactive4D.g4cs&#8221; button_two_url=&#8221;https:\/\/apps.apple.com\/us\/app\/game4coskills\/id6471690424&#8243; _builder_version=&#8221;4.24.2&#8243; title_font=&#8221;Montserrat|300|||||||&#8221; title_font_size=&#8221;70px&#8221; title_line_height=&#8221;1.3em&#8221; content_font=&#8221;||||||||&#8221; content_font_size=&#8221;16px&#8221; background_color=&#8221;rgba(0,0,0,0.52)&#8221; custom_button_one=&#8221;on&#8221; button_one_border_radius=&#8221;15px&#8221; custom_button_two=&#8221;on&#8221; button_two_border_radius=&#8221;15px&#8221; link_option_url_new_window=&#8221;on&#8221; title_font_size_tablet=&#8221;50px&#8221; title_font_size_phone=&#8221;40px&#8221; title_font_size_last_edited=&#8221;on|phone&#8221; box_shadow_style_button_one=&#8221;preset1&#8243; box_shadow_style_button_two=&#8221;preset1&#8243; global_colors_info=&#8221;{}&#8221;]<\/p>\n<p><span>Game4CoSkills ist ein digitales Spiel, das die Entwicklung kognitiver F\u00e4higkeiten und die Vermittlung von Konzepten f\u00fcr Erwachsene mit geistiger Behinderung f\u00f6rdern soll.<\/span><\/p>\n<p>Das Spiel ist kostenlos. Es ist in 8 Kategorien kognitiver F\u00e4higkeiten gegliedert. Jede Kategorie enth\u00e4lt eine Reihe von Minispielen mit steigendem Schwierigkeitsgrad.<\/p>\n<p>&nbsp;<\/p>\n<p>Wenn Sie einen Computer (PC oder MAC) verwenden, k\u00f6nnen Sie hier in Ihrem Browser auf das Spiel zugreifen: <strong><a href=\"https:\/\/game4co.eu\" target=\"_blank\" rel=\"noopener\"> https:\/\/game4co.eu<\/a><\/strong><\/p>\n<p>&nbsp;<\/p>\n<p>Wenn Sie ein Smartphone oder Tablet verwenden, m\u00fcssen Sie das Spiel von der Zieladresse <strong><a href=\"https:\/\/play.google.com\/store\/apps\/details?id=com.Interactive4D.g4cs\" herunterladen=\"_blank\" rel=\"noopener\">Google Play<\/a><\/strong> oder vom Ziel <strong><a href=\"https:\/\/apps.apple.com\/fr\/app\/game4coskills\/id6471690424\" _blank=\"\" rel=\"noopener\">App Store<\/a><\/strong>.<\/p>\n<p>&nbsp;<\/p>\n<p>[\/et_pb_fullwidth_header][\/et_pb_section][et_pb_section fb_built=&#8221;1&#8243; specialty=&#8221;on&#8221; _builder_version=&#8221;4.17.4&#8243; background_color=&#8221;rgba(224,180,98,0.12)&#8221; custom_padding=&#8221;22px|0px|0|0px|false|false&#8221; animation_style=&#8221;fade&#8221; global_colors_info=&#8221;{}&#8221;][et_pb_column type=&#8221;1_3&#8243; _builder_version=&#8221;4.16&#8243; custom_padding=&#8221;|||&#8221; global_colors_info=&#8221;{}&#8221; custom_padding__hover=&#8221;|||&#8221;][et_pb_image src=&#8221;https:\/\/game4coskills.eu\/wp-content\/uploads\/2024\/03\/Game4CoSkills-logo-XL.png&#8221; alt=&#8221;RESIL4CARE logo&#8221; title_text=&#8221;Game4CoSkills &#8211; logo&#8221; align_tablet=&#8221;center&#8221; align_phone=&#8221;&#8221; align_last_edited=&#8221;on|desktop&#8221; _builder_version=&#8221;4.18.0&#8243; max_width=&#8221;100%&#8221; module_alignment=&#8221;center&#8221; global_colors_info=&#8221;{}&#8221;][\/et_pb_image][\/et_pb_column][et_pb_column type=&#8221;2_3&#8243; specialty_columns=&#8221;2&#8243; _builder_version=&#8221;4.16&#8243; custom_padding=&#8221;|||&#8221; global_colors_info=&#8221;{}&#8221; custom_padding__hover=&#8221;|||&#8221;][et_pb_row_inner use_custom_gutter=&#8221;on&#8221; _builder_version=&#8221;4.16&#8243; global_colors_info=&#8221;{}&#8221;][et_pb_column_inner saved_specialty_column_type=&#8221;1_2&#8243; _builder_version=&#8221;4.16&#8243; custom_padding=&#8221;|||&#8221; global_colors_info=&#8221;{}&#8221; parallax__hover=&#8221;off&#8221; parallax_method__hover=&#8221;on&#8221; custom_padding__hover=&#8221;|||&#8221;][et_pb_text _builder_version=&#8221;4.18.0&#8243; text_font=&#8221;||||||||&#8221; header_font=&#8221;||||||||&#8221; header_2_font=&#8221;Montserrat|300|||||||&#8221; header_2_font_size=&#8221;42px&#8221; header_4_font=&#8221;Montserrat|500||on|||||&#8221; header_4_text_color=&#8221;#ef6f49&#8243; header_4_font_size=&#8221;11px&#8221; header_4_letter_spacing=&#8221;3px&#8221; max_width=&#8221;700px&#8221; header_2_font_size_tablet=&#8221;32px&#8221; header_2_font_size_phone=&#8221;24px&#8221; header_2_font_size_last_edited=&#8221;on|phone&#8221; locked=&#8221;off&#8221; global_colors_info=&#8221;{}&#8221;]<\/p>\n<h2>Was ist Game4CoSkills?<\/h2>\n<p>[\/et_pb_text][et_pb_text _builder_version=&#8221;4.24.2&#8243; text_font=&#8221;||||||||&#8221; text_line_height=&#8221;2em&#8221; text_orientation=&#8221;justified&#8221; hover_enabled=&#8221;0&#8243; locked=&#8221;off&#8221; global_colors_info=&#8221;{}&#8221; sticky_enabled=&#8221;0&#8243;]<\/p>\n<p>Das Hauptziel des Projekts \u201e<strong>Mobiles Spiel zur Entwicklung kognitiver F\u00e4higkeiten und Konzeptlehre f\u00fcr Erwachsene mit geistiger Behinderung<\/strong>\u201c (Akronym \u201eGame4CoSkills\u201c) war die Entwicklung eines E-Games zur Entwicklung kognitiver F\u00e4higkeiten und der Vermittlung von Konzepten f\u00fcr Erwachsene mit geistiger Behinderung zur Einzel- oder Gruppenanwendung.<\/p>\n<p>Dieses Verbundprojekt wurde von der Nationalagentur Erasmus+ in Frankreich im Rahmen des europ\u00e4ischen Programms \u201eERASMUS PLUS KA220-ADU ERASMUS+ \u2013 KOOPERATIONSPARTNERSCHAFTEN IN DER ERWACHSENENBILDUNG\u201c gef\u00f6rdert. Es dauerte von Dezember 2021 bis Februar 2024.<\/p>\n<p>Die Ziele des Projekts waren:<\/p>\n<ol>\n<li><span>Um die Merkmale, Lernbed\u00fcrfnisse und zug\u00e4nglichen Lernziele der Zielbenutzer zu erkennen, wird R1 Lernziele und Trainingspl\u00e4ne f\u00fcr die Entwicklung kognitiver F\u00e4higkeiten und konzeptionelle Lehrszenarien enthalten.<\/span><\/li>\n<li><span>Auswahl und Verbesserung geeigneter kategorisierter Handyspiele in Bezug auf Farbe, Ged\u00e4chtnis, Mathematik, Genauigkeit, Logik, Geschicklichkeit, Multitasking und Liebe zum Detail.<\/span><\/li>\n<li>Um die Anforderungen, Szenarien, Unterrichtsmethoden, Schulungsbed\u00fcrfnisse, Ziele und Methoden zu beschreiben.<\/li>\n<li>Entwicklung eines Bewertungstools f\u00fcr Trainer zur Anwendung von Vor- und Nachtests, um den Fortschritt von Erwachsenen mit geistiger Behinderung bei der Entwicklung kognitiver F\u00e4higkeiten und beim Konzeptlernen zu verfolgen.<\/li>\n<li><span>Pr\u00e4sentation einer pr\u00e4gnanten Zusammenfassung von Informationen, die den Lesern helfen k\u00f6nnen, den Erfolg der Projektaktivit\u00e4ten zu verstehen und Schlussfolgerungen und Empfehlungen zu Regierungsrichtlinien f\u00fcr die innovativen Lehrmethoden des kognitiven und konzeptionellen Unterrichts f\u00fcr Menschen mit geistiger Behinderung zu geben.<!-- span--><span><\/span><\/span><\/li>\n<\/ol>\n<p><span><\/span><\/p>\n<p><span>Die Hauptzielgruppen des \u201eGame4CoSkills Project\u201c waren:<\/span><span><\/span><\/p>\n<ol>\n<li>Erwachsene mit geistiger Behinderung<\/li>\n<li>Trainer f\u00fcr Erwachsene mit geistiger Behinderung<\/li>\n<\/ol>\n<p>[\/et_pb_text][\/et_pb_column_inner][\/et_pb_row_inner][\/et_pb_column][\/et_pb_section][et_pb_section fb_built=&#8221;1&#8243; admin_label=&#8221;Our Partners Section&#8221; _builder_version=&#8221;4.17.4&#8243; custom_padding=&#8221;0|0px|0|0px|false|false&#8221; animation_style=&#8221;fade&#8221; global_colors_info=&#8221;{}&#8221;][et_pb_row _builder_version=&#8221;4.16&#8243; locked=&#8221;off&#8221; global_colors_info=&#8221;{}&#8221;][et_pb_column type=&#8221;4_4&#8243; _builder_version=&#8221;4.16&#8243; custom_padding=&#8221;|||&#8221; global_colors_info=&#8221;{}&#8221; custom_padding__hover=&#8221;|||&#8221;][et_pb_text _builder_version=&#8221;4.18.0&#8243; text_font=&#8221;||||||||&#8221; text_text_color=&#8221;#000000&#8243; header_font=&#8221;Playfair Display|700|||||||&#8221; header_text_align=&#8221;center&#8221; header_text_color=&#8221;#000000&#8243; header_font_size=&#8221;42px&#8221; header_line_height=&#8221;1.5em&#8221; header_2_font=&#8221;Montserrat|300|||||||&#8221; header_2_text_align=&#8221;center&#8221; header_2_text_color=&#8221;#000000&#8243; header_2_font_size=&#8221;42px&#8221; header_2_line_height=&#8221;1.5em&#8221; header_3_font=&#8221;Playfair Display|700|||||||&#8221; header_3_text_align=&#8221;center&#8221; header_3_text_color=&#8221;#000000&#8243; header_3_font_size=&#8221;42px&#8221; header_3_line_height=&#8221;1.5em&#8221; header_4_font=&#8221;Playfair Display|700|||||||&#8221; header_4_text_align=&#8221;center&#8221; header_4_text_color=&#8221;#000000&#8243; header_4_font_size=&#8221;42px&#8221; header_4_line_height=&#8221;1.5em&#8221; header_5_font=&#8221;Playfair Display|700|||||||&#8221; header_5_text_align=&#8221;center&#8221; header_5_text_color=&#8221;#000000&#8243; header_5_font_size=&#8221;42px&#8221; header_5_line_height=&#8221;1.5em&#8221; header_6_font=&#8221;Playfair Display|700|||||||&#8221; header_6_text_align=&#8221;center&#8221; header_6_text_color=&#8221;#000000&#8243; header_6_font_size=&#8221;42px&#8221; header_6_line_height=&#8221;1.5em&#8221; text_orientation=&#8221;center&#8221; global_colors_info=&#8221;{}&#8221;]<\/p>\n<h2>Partner des Projekts Game4CoSkills<\/h2>\n<p>[\/et_pb_text][\/et_pb_column][\/et_pb_row][et_pb_row column_structure=&#8221;1_3,1_3,1_3&#8243; module_class=&#8221; et_pb_row_fullwidth&#8221; _builder_version=&#8221;4.17.4&#8243; width=&#8221;89%&#8221; width_tablet=&#8221;80%&#8221; width_phone=&#8221;&#8221; width_last_edited=&#8221;on|desktop&#8221; max_width=&#8221;89%&#8221; max_width_tablet=&#8221;80%&#8221; max_width_phone=&#8221;&#8221; max_width_last_edited=&#8221;on|desktop&#8221; custom_padding=&#8221;0|0px|0px|0px|false|false&#8221; custom_css_main_element=&#8221;display: flex;||align-items: center;&#8221; make_fullwidth=&#8221;on&#8221; global_colors_info=&#8221;{}&#8221;][et_pb_column type=&#8221;1_3&#8243; _builder_version=&#8221;4.16&#8243; custom_padding=&#8221;|||&#8221; global_colors_info=&#8221;{}&#8221; custom_padding__hover=&#8221;|||&#8221;][et_pb_image src=&#8221;https:\/\/game4coskills.eu\/wp-content\/uploads\/2019\/03\/i4d.png&#8221; title_text=&#8221;Interactive 4D&#8221; url=&#8221;https:\/\/interactive4d.com&#8221; url_new_window=&#8221;on&#8221; show_bottom_space=&#8221;off&#8221; align_tablet=&#8221;center&#8221; align_phone=&#8221;&#8221; align_last_edited=&#8221;on|desktop&#8221; admin_label=&#8221;Logo1&#8243; _builder_version=&#8221;4.17.4&#8243; width=&#8221;60%&#8221; module_alignment=&#8221;center&#8221; global_colors_info=&#8221;{}&#8221;][\/et_pb_image][\/et_pb_column][et_pb_column type=&#8221;1_3&#8243; _builder_version=&#8221;4.16&#8243; custom_padding=&#8221;|||&#8221; global_colors_info=&#8221;{}&#8221; custom_padding__hover=&#8221;|||&#8221;][et_pb_image src=&#8221;https:\/\/game4coskills.eu\/wp-content\/uploads\/2024\/03\/AIS-logo.png&#8221; alt=&#8221;FRODIZO logo&#8221; title_text=&#8221;AIS-logo&#8221; url=&#8221;https:\/\/inclusivesociety.at\/&#8221; url_new_window=&#8221;on&#8221; show_bottom_space=&#8221;off&#8221; align_tablet=&#8221;center&#8221; align_phone=&#8221;&#8221; align_last_edited=&#8221;on|desktop&#8221; admin_label=&#8221;Logo1&#8243; _builder_version=&#8221;4.18.0&#8243; width=&#8221;60%&#8221; module_alignment=&#8221;center&#8221; locked=&#8221;off&#8221; global_colors_info=&#8221;{}&#8221;][\/et_pb_image][\/et_pb_column][et_pb_column type=&#8221;1_3&#8243; _builder_version=&#8221;4.16&#8243; custom_padding=&#8221;|||&#8221; global_colors_info=&#8221;{}&#8221; custom_padding__hover=&#8221;|||&#8221;][et_pb_image src=&#8221;https:\/\/game4coskills.eu\/wp-content\/uploads\/2024\/03\/Synthesis-logo.jpg&#8221; alt=&#8221;logo LAS NAVES&#8221; title_text=&#8221;Synthesis-logo&#8221; url=&#8221;https:\/\/www.synthesis-center.org\/&#8221; url_new_window=&#8221;on&#8221; show_bottom_space=&#8221;off&#8221; align_tablet=&#8221;center&#8221; align_phone=&#8221;&#8221; align_last_edited=&#8221;on|desktop&#8221; admin_label=&#8221;Logo1&#8243; _builder_version=&#8221;4.18.0&#8243; width=&#8221;60%&#8221; module_alignment=&#8221;center&#8221; locked=&#8221;off&#8221; global_colors_info=&#8221;{}&#8221;][\/et_pb_image][\/et_pb_column][\/et_pb_row][et_pb_row column_structure=&#8221;1_3,1_3,1_3&#8243; module_class=&#8221; et_pb_row_fullwidth&#8221; _builder_version=&#8221;4.18.0&#8243; width=&#8221;89%&#8221; width_tablet=&#8221;80%&#8221; width_phone=&#8221;&#8221; width_last_edited=&#8221;on|desktop&#8221; max_width=&#8221;89%&#8221; max_width_tablet=&#8221;80%&#8221; max_width_phone=&#8221;&#8221; max_width_last_edited=&#8221;on|desktop&#8221; custom_margin=&#8221;100px||||false|false&#8221; custom_padding=&#8221;0|0px|0px|0px|false|false&#8221; custom_css_main_element=&#8221;display: flex;||align-items: center;&#8221; make_fullwidth=&#8221;on&#8221; global_colors_info=&#8221;{}&#8221;][et_pb_column type=&#8221;1_3&#8243; _builder_version=&#8221;4.18.0&#8243; custom_padding=&#8221;|||&#8221; global_colors_info=&#8221;{}&#8221; custom_padding__hover=&#8221;|||&#8221;][et_pb_image src=&#8221;https:\/\/game4coskills.eu\/wp-content\/uploads\/2024\/03\/Eurasia-Logo.png&#8221; alt=&#8221;IVASS logo&#8221; title_text=&#8221;Eurasia-Logo&#8221; url=&#8221;https:\/\/eurasiavision.eu\/&#8221; url_new_window=&#8221;on&#8221; _builder_version=&#8221;4.18.0&#8243; _module_preset=&#8221;default&#8221; global_colors_info=&#8221;{}&#8221;][\/et_pb_image][\/et_pb_column][et_pb_column type=&#8221;1_3&#8243; _builder_version=&#8221;4.16&#8243; custom_padding=&#8221;|||&#8221; global_colors_info=&#8221;{}&#8221; custom_padding__hover=&#8221;|||&#8221;][et_pb_image src=&#8221;https:\/\/game4coskills.eu\/wp-content\/uploads\/2024\/03\/Alzheimer-Hellas-logo.png&#8221; alt=&#8221;ISRAA Logo&#8221; title_text=&#8221;Alzheimer Hellas-logo&#8221; url=&#8221;https:\/\/www.alzheimer-hellas.gr\/index.php\/en\/&#8221; url_new_window=&#8221;on&#8221; show_bottom_space=&#8221;off&#8221; align_tablet=&#8221;center&#8221; align_phone=&#8221;&#8221; align_last_edited=&#8221;on|desktop&#8221; admin_label=&#8221;Logo1&#8243; _builder_version=&#8221;4.18.0&#8243; width=&#8221;60%&#8221; module_alignment=&#8221;center&#8221; locked=&#8221;off&#8221; global_colors_info=&#8221;{}&#8221;][\/et_pb_image][\/et_pb_column][et_pb_column type=&#8221;1_3&#8243; _builder_version=&#8221;4.16&#8243; custom_padding=&#8221;|||&#8221; global_colors_info=&#8221;{}&#8221; custom_padding__hover=&#8221;|||&#8221;][et_pb_image src=&#8221;https:\/\/game4coskills.eu\/wp-content\/uploads\/2024\/03\/EURO-NET-v2.png&#8221; alt=&#8221;logo glavni&#8221; title_text=&#8221;EURO-NET-v2&#8243; url=&#8221;https:\/\/www.synergy-net.info\/default.cfm?obj=102&#8243; url_new_window=&#8221;on&#8221; src_tablet=&#8221;https:\/\/game4coskills.eu\/wp-content\/uploads\/2024\/03\/EURO-NET-v2.png&#8221; src_phone=&#8221;https:\/\/game4coskills.eu\/wp-content\/uploads\/2024\/03\/EURO-NET-v2.png&#8221; src_last_edited=&#8221;on|tablet&#8221; _builder_version=&#8221;4.18.0&#8243; _module_preset=&#8221;default&#8221; height=&#8221;70px&#8221; global_colors_info=&#8221;{}&#8221;][\/et_pb_image][\/et_pb_column][\/et_pb_row][et_pb_row _builder_version=&#8221;4.16&#8243; _module_preset=&#8221;default&#8221; global_colors_info=&#8221;{}&#8221;][et_pb_column type=&#8221;4_4&#8243; _builder_version=&#8221;4.16&#8243; _module_preset=&#8221;default&#8221; global_colors_info=&#8221;{}&#8221;][\/et_pb_column][\/et_pb_row][\/et_pb_section]<\/p>\n","protected":false},"excerpt":{"rendered":"<p>Game4CoSkills ist ein digitales Spiel, das die Entwicklung kognitiver F\u00e4higkeiten und die Vermittlung von Konzepten f\u00fcr Erwachsene mit geistiger Behinderung f\u00f6rdern soll. Das Spiel ist kostenlos. Es ist in 8 Kategorien kognitiver F\u00e4higkeiten gegliedert. Jede Kategorie enth\u00e4lt eine Reihe von Minispielen mit steigendem Schwierigkeitsgrad. &nbsp; Wenn Sie einen Computer (PC oder MAC) verwenden, k\u00f6nnen Sie [&hellip;]<\/p>\n","protected":false},"author":4,"featured_media":0,"parent":0,"menu_order":0,"comment_status":"closed","ping_status":"closed","template":"","meta":{"_et_pb_use_builder":"on","_et_pb_old_content":"","_et_gb_content_width":"","footnotes":""},"_links":{"self":[{"href":"https:\/\/game4coskills.eu\/de\/wp-json\/wp\/v2\/pages\/6558"}],"collection":[{"href":"https:\/\/game4coskills.eu\/de\/wp-json\/wp\/v2\/pages"}],"about":[{"href":"https:\/\/game4coskills.eu\/de\/wp-json\/wp\/v2\/types\/page"}],"author":[{"embeddable":true,"href":"https:\/\/game4coskills.eu\/de\/wp-json\/wp\/v2\/users\/4"}],"replies":[{"embeddable":true,"href":"https:\/\/game4coskills.eu\/de\/wp-json\/wp\/v2\/comments?post=6558"}],"version-history":[{"count":26,"href":"https:\/\/game4coskills.eu\/de\/wp-json\/wp\/v2\/pages\/6558\/revisions"}],"predecessor-version":[{"id":6842,"href":"https:\/\/game4coskills.eu\/de\/wp-json\/wp\/v2\/pages\/6558\/revisions\/6842"}],"wp:attachment":[{"href":"https:\/\/game4coskills.eu\/de\/wp-json\/wp\/v2\/media?parent=6558"}],"curies":[{"name":"wp","href":"https:\/\/api.w.org\/{rel}","templated":true}]}}